{"id":11624,"date":"2017-07-31T16:12:44","date_gmt":"2017-07-31T16:12:44","guid":{"rendered":"https:\/\/twsites.com.br\/novomigcenter\/?product=fggs-croydon"},"modified":"2017-07-31T16:12:44","modified_gmt":"2017-07-31T16:12:44","slug":"fggs-croydon","status":"publish","type":"product","link":"https:\/\/twsites.com.br\/novomigcenter\/?product=fggs-croydon","title":{"rendered":"Prensa de Encaixe para FGGs &#8211; Croydon"},"content":{"rendered":"<h3 style=\"color: rgb(102, 102, 102); font-family: latobold; margin-top: 20px; margin-bottom: 10px; font-size: 24px;\">Dados T\u00e9cnicos<\/h3>\n<p style=\"margin-bottom: 0px; font-family: latoregular; font-size: 14px;\">\n<p style=\"margin-bottom: 0px; font-family: latoregular; font-size: 14px;\">\u00c1rea \u00datil de Trabalho:39cm x 38cm<br \/>Altura:7cm<br \/>Largura:38,5cm<br \/>Profundidade:52,2cm<br \/>Peso L\u00edquido:4,4kg<br \/>Peso Bruto: 4,9kg<\/p>\n","protected":false},"excerpt":{"rendered":"<p>Dados T\u00e9cnicos \u00c1rea \u00datil de Trabalho:39cm x 38cmAltura:7cmLargura:38,5cmProfundidade:52,2cmPeso L\u00edquido:4,4kgPeso Bruto: 4,9kg<\/p>\n","protected":false},"featured_media":11623,"comment_status":"open","ping_status":"closed","template":"","meta":[],"product_brand":[],"product_cat":[300,400],"product_tag":[],"class_list":{"0":"post-11624","1":"product","2":"type-product","3":"status-publish","4":"has-post-thumbnail","6":"product_cat-chapa-char-broiler","7":"product_cat-sanduicheira","9":"first","10":"instock","11":"shipping-taxable","12":"purchasable","13":"product-type-simple"},"_links":{"self":[{"href":"https:\/\/twsites.com.br\/novomigcenter\/index.php?rest_route=\/wp\/v2\/product\/11624","targetHints":{"allow":["GET"]}}],"collection":[{"href":"https:\/\/twsites.com.br\/novomigcenter\/index.php?rest_route=\/wp\/v2\/product"}],"about":[{"href":"https:\/\/twsites.com.br\/novomigcenter\/index.php?rest_route=\/wp\/v2\/types\/product"}],"replies":[{"embeddable":true,"href":"https:\/\/twsites.com.br\/novomigcenter\/index.php?rest_route=%2Fwp%2Fv2%2Fcomments&post=11624"}],"wp:featuredmedia":[{"embeddable":true,"href":"https:\/\/twsites.com.br\/novomigcenter\/index.php?rest_route=\/wp\/v2\/media\/11623"}],"wp:attachment":[{"href":"https:\/\/twsites.com.br\/novomigcenter\/index.php?rest_route=%2Fwp%2Fv2%2Fmedia&parent=11624"}],"wp:term":[{"taxonomy":"product_brand","embeddable":true,"href":"https:\/\/twsites.com.br\/novomigcenter\/index.php?rest_route=%2Fwp%2Fv2%2Fproduct_brand&post=11624"},{"taxonomy":"product_cat","embeddable":true,"href":"https:\/\/twsites.com.br\/novomigcenter\/index.php?rest_route=%2Fwp%2Fv2%2Fproduct_cat&post=11624"},{"taxonomy":"product_tag","embeddable":true,"href":"https:\/\/twsites.com.br\/novomigcenter\/index.php?rest_route=%2Fwp%2Fv2%2Fproduct_tag&post=11624"}],"curies":[{"name":"wp","href":"https:\/\/api.w.org\/{rel}","templated":true}]}}