{"id":11632,"date":"2017-07-31T16:19:29","date_gmt":"2017-07-31T16:19:29","guid":{"rendered":"https:\/\/twsites.com.br\/novomigcenter\/?product=churrasqueira-a-gas-croydon-fg10"},"modified":"2017-07-31T16:19:29","modified_gmt":"2017-07-31T16:19:29","slug":"churrasqueira-a-gas-croydon-fg10","status":"publish","type":"product","link":"https:\/\/twsites.com.br\/novomigcenter\/?product=churrasqueira-a-gas-croydon-fg10","title":{"rendered":"Churrasqueira G\u00e1s Queimador Gaveta (100 cm) &#8211; Croydon"},"content":{"rendered":"<h3 style=\"margin-top: 20px; margin-bottom: 10px;\"><font face=\"Arial\">Dados T\u00e9cnicos<\/font><\/h3>\n<p style=\"margin-bottom: 0px;\">\n<p style=\"margin-bottom: 0px;\"><font face=\"Arial\">\u00c1rea \u00datil de Trabalho:100cm x 40cm<br \/><b>Pot\u00eancia (GLP): <\/b>45000BTU\/h<br \/><b>Press\u00e3o de Trabalho(GLP):<\/b>280 mm. ca<br \/><b>Altura:<\/b>24cm<br \/><b>Largura:<\/b>104,5cm<br \/><b>Profundidade:<\/b>50cm<br \/><b>Peso L\u00edquido:<\/b>36kg<br \/><b>Peso Bruto:<\/b> 38,2kg<br \/><b>Consumo (GLP):<\/b>1100g\/h<\/font><\/p>\n","protected":false},"excerpt":{"rendered":"<p>Dados T\u00e9cnicos \u00c1rea \u00datil de Trabalho:100cm x 40cmPot\u00eancia (GLP): 45000BTU\/hPress\u00e3o de Trabalho(GLP):280 mm. caAltura:24cmLargura:104,5cmProfundidade:50cmPeso L\u00edquido:36kgPeso Bruto: 38,2kgConsumo (GLP):1100g\/h<\/p>\n","protected":false},"featured_media":11631,"comment_status":"open","ping_status":"closed","template":"","meta":[],"product_brand":[],"product_cat":[300],"product_tag":[],"class_list":{"0":"post-11632","1":"product","2":"type-product","3":"status-publish","4":"has-post-thumbnail","6":"product_cat-chapa-char-broiler","8":"first","9":"instock","10":"shipping-taxable","11":"purchasable","12":"product-type-simple"},"_links":{"self":[{"href":"https:\/\/twsites.com.br\/novomigcenter\/index.php?rest_route=\/wp\/v2\/product\/11632","targetHints":{"allow":["GET"]}}],"collection":[{"href":"https:\/\/twsites.com.br\/novomigcenter\/index.php?rest_route=\/wp\/v2\/product"}],"about":[{"href":"https:\/\/twsites.com.br\/novomigcenter\/index.php?rest_route=\/wp\/v2\/types\/product"}],"replies":[{"embeddable":true,"href":"https:\/\/twsites.com.br\/novomigcenter\/index.php?rest_route=%2Fwp%2Fv2%2Fcomments&post=11632"}],"wp:featuredmedia":[{"embeddable":true,"href":"https:\/\/twsites.com.br\/novomigcenter\/index.php?rest_route=\/wp\/v2\/media\/11631"}],"wp:attachment":[{"href":"https:\/\/twsites.com.br\/novomigcenter\/index.php?rest_route=%2Fwp%2Fv2%2Fmedia&parent=11632"}],"wp:term":[{"taxonomy":"product_brand","embeddable":true,"href":"https:\/\/twsites.com.br\/novomigcenter\/index.php?rest_route=%2Fwp%2Fv2%2Fproduct_brand&post=11632"},{"taxonomy":"product_cat","embeddable":true,"href":"https:\/\/twsites.com.br\/novomigcenter\/index.php?rest_route=%2Fwp%2Fv2%2Fproduct_cat&post=11632"},{"taxonomy":"product_tag","embeddable":true,"href":"https:\/\/twsites.com.br\/novomigcenter\/index.php?rest_route=%2Fwp%2Fv2%2Fproduct_tag&post=11632"}],"curies":[{"name":"wp","href":"https:\/\/api.w.org\/{rel}","templated":true}]}}