{"id":11653,"date":"2018-03-21T11:31:42","date_gmt":"2018-03-21T11:31:42","guid":{"rendered":"https:\/\/twsites.com.br\/novomigcenter\/?product=refrigerador-de-bebidas-cervejeira-230l-lata-grba-230-vm-pr"},"modified":"2018-03-21T11:31:42","modified_gmt":"2018-03-21T11:31:42","slug":"refrigerador-de-bebidas-cervejeira-230l-lata-grba-230-vm-pr","status":"publish","type":"product","link":"https:\/\/twsites.com.br\/novomigcenter\/?product=refrigerador-de-bebidas-cervejeira-230l-lata-grba-230-vm-pr","title":{"rendered":"Refrigerador De Bebidas Cervejeira 230l LATA &#8211; GRBA 230 VM\/PR"},"content":{"rendered":"<div><font face=\"Arial\" style=\"\"><span style=\"font-size: 14px;\"><b>Descri\u00e7\u00e3o do Produto<\/b><\/span><\/font><\/div>\n<div><font face=\"Arial\" style=\"\"><span style=\"font-size: 14px;\"><b><br \/><\/b><\/span><\/font><\/div>\n<div><font face=\"Arial\" style=\"\"><span style=\"font-size: 14px;\"><b>Refrigera\u00e7\u00e3o de Cervejas e Bebidas (\u00c1gua, Sucos e Refrigerantes)<\/b><\/span><\/font><\/div>\n<div><font face=\"Arial\" style=\"\"><br \/><\/font><\/div>\n<div><font face=\"Arial\" style=\"\"><span style=\"font-size: 14px;\"><b>Temperatura regul\u00e1vel:<\/b> -6\u00ba, -4\u00ba, +1\u00baC ou +3\u00baC (Modo Economia), atrav\u00e9s de controlador eletr\u00f4nico digital com indicador digital de temperatura e degelo autom\u00e1tico (frost free)<\/span><\/font><\/div>\n<div><font face=\"Arial\" style=\"\"><br \/><\/font><\/div>\n<div><font face=\"Arial\" style=\"\"><span style=\"font-size: 14px;\"><b>Refrigera\u00e7\u00e3o:<\/b> Ar for\u00e7ado com serpentina aleitada<\/span><\/font><\/div>\n<div><font face=\"Arial\" style=\"\"><br \/><\/font><\/div>\n<div><font face=\"Arial\" style=\"\"><span style=\"font-size: 14px;\"><b>Ilumina\u00e7\u00e3o interna: <\/b>LED<\/span><\/font><\/div>\n<div><font face=\"Arial\" style=\"\"><br \/><\/font><\/div>\n<div><font face=\"Arial\" style=\"\"><span style=\"font-size: 14px;\"><b>Porta: <\/b>Vidro duplo temperado, com sistema de aquecimento e carenagem em PSAI, com fechamento autom\u00e1tico<\/span><\/font><\/div>\n<div><font face=\"Arial\" style=\"\"><br \/><\/font><\/div>\n<div><font face=\"Arial\" style=\"\"><span style=\"font-size: 14px;\"><b>Prateleiras aramadas: <\/b>3 n\u00edveis regul\u00e1veis + 1 estrado<\/span><\/font><\/div>\n<div><font face=\"Arial\" style=\"\"><br \/><\/font><\/div>\n<div><font face=\"Arial\" style=\"\"><span style=\"font-size: 14px;\"><b>Revestimento externo:<\/b><\/span><\/font><\/div>\n<div><font face=\"Arial\" style=\"\"><br \/><\/font><\/div>\n<div><font face=\"Arial\" style=\"\"><span style=\"font-size: 14px;\"><b>\u25aa GRBA-230PR:<\/b> A\u00e7o pr\u00e9-pintado preto<\/span><\/font><\/div>\n<div><font face=\"Arial\" style=\"\"><br \/><\/font><\/div>\n<div><font face=\"Arial\" style=\"\"><span style=\"font-size: 14px;\"><b>\u25aa GRBA-230VM: <\/b>A\u00e7o pr\u00e9-pintado vermelho<\/span><\/font><\/div>\n<div><font face=\"Arial\" style=\"\"><br \/><\/font><\/div>\n<div><font face=\"Arial\" style=\"\"><span style=\"font-size: 14px;\">Gabinete com rod\u00edzios (trava no rod\u00edzio frontal esquerdo)<\/span><\/font><\/div>\n<div><font face=\"Arial\" style=\"\"><br \/><\/font><\/div>\n<div><font face=\"Arial\" style=\"\"><span style=\"font-size: 14px;\">Vidros sujeitos a condensa\u00e7\u00e3o da umidade do ar<\/span><\/font><\/div>\n<div><font face=\"Arial\" style=\"\"><br \/><\/font><\/div>\n<div><font face=\"Arial\" style=\"\"><span style=\"font-size: 14px;\"><b>Informa\u00e7\u00f5es importantes:&nbsp; &nbsp;<\/b>&nbsp;<\/span><\/font><\/div>\n<div><font face=\"Arial\" style=\"\"><br \/><\/font><\/div>\n<div><font face=\"Arial\" style=\"\"><span style=\"font-size: 10px;\">&#8211; Imagens meramente ilustrativas. Imagens e informa\u00e7\u00f5es sujeitas a altera\u00e7\u00f5es sem aviso pr\u00e9vio.&nbsp;<\/span><\/font><\/div>\n<div><font face=\"Arial\" style=\"\"><br \/><\/font><\/div>\n<div><font face=\"Arial\" style=\"\"><span style=\"font-size: 10px;\">&#8211; Cores de acabamento <\/span><\/font><span style=\"font-size: 10px;\">e materiais sujeitos a varia\u00e7\u00e3o de acordo com o lote de produ\u00e7\u00e3o e\/ou entre os materiais que comp\u00f5em o produto&nbsp;<\/span><\/div>\n","protected":false},"excerpt":{"rendered":"<p>Descri\u00e7\u00e3o do Produto Refrigera\u00e7\u00e3o de Cervejas e Bebidas (\u00c1gua, Sucos e Refrigerantes) Temperatura regul\u00e1vel: -6\u00ba, -4\u00ba, +1\u00baC ou +3\u00baC (Modo Economia), atrav\u00e9s de controlador eletr\u00f4nico digital com indicador digital de temperatura e degelo autom\u00e1tico (frost free) Refrigera\u00e7\u00e3o: Ar for\u00e7ado com serpentina aleitada Ilumina\u00e7\u00e3o interna: LED Porta: Vidro duplo temperado, com sistema de aquecimento e carenagem [&hellip;]<\/p>\n","protected":false},"featured_media":11652,"comment_status":"open","ping_status":"closed","template":"","meta":[],"product_brand":[],"product_cat":[323,419,442],"product_tag":[],"class_list":{"0":"post-11653","1":"product","2":"type-product","3":"status-publish","4":"has-post-thumbnail","6":"product_cat-cervejeira","7":"product_cat-linha-gelopar","8":"product_cat-refrigeracao","10":"first","11":"instock","12":"shipping-taxable","13":"purchasable","14":"product-type-simple"},"_links":{"self":[{"href":"https:\/\/twsites.com.br\/novomigcenter\/index.php?rest_route=\/wp\/v2\/product\/11653","targetHints":{"allow":["GET"]}}],"collection":[{"href":"https:\/\/twsites.com.br\/novomigcenter\/index.php?rest_route=\/wp\/v2\/product"}],"about":[{"href":"https:\/\/twsites.com.br\/novomigcenter\/index.php?rest_route=\/wp\/v2\/types\/product"}],"replies":[{"embeddable":true,"href":"https:\/\/twsites.com.br\/novomigcenter\/index.php?rest_route=%2Fwp%2Fv2%2Fcomments&post=11653"}],"wp:featuredmedia":[{"embeddable":true,"href":"https:\/\/twsites.com.br\/novomigcenter\/index.php?rest_route=\/wp\/v2\/media\/11652"}],"wp:attachment":[{"href":"https:\/\/twsites.com.br\/novomigcenter\/index.php?rest_route=%2Fwp%2Fv2%2Fmedia&parent=11653"}],"wp:term":[{"taxonomy":"product_brand","embeddable":true,"href":"https:\/\/twsites.com.br\/novomigcenter\/index.php?rest_route=%2Fwp%2Fv2%2Fproduct_brand&post=11653"},{"taxonomy":"product_cat","embeddable":true,"href":"https:\/\/twsites.com.br\/novomigcenter\/index.php?rest_route=%2Fwp%2Fv2%2Fproduct_cat&post=11653"},{"taxonomy":"product_tag","embeddable":true,"href":"https:\/\/twsites.com.br\/novomigcenter\/index.php?rest_route=%2Fwp%2Fv2%2Fproduct_tag&post=11653"}],"curies":[{"name":"wp","href":"https:\/\/api.w.org\/{rel}","templated":true}]}}