{"id":11680,"date":"2018-03-21T15:23:10","date_gmt":"2018-03-21T15:23:10","guid":{"rendered":"https:\/\/twsites.com.br\/novomigcenter\/?product=conservador-vertical-442l-gptf-450"},"modified":"2018-03-21T15:23:10","modified_gmt":"2018-03-21T15:23:10","slug":"conservador-vertical-442l-gptf-450","status":"publish","type":"product","link":"https:\/\/twsites.com.br\/novomigcenter\/?product=conservador-vertical-442l-gptf-450","title":{"rendered":"Conservador Vertical 442l Conveni\u00eancia Turmalina GPTF 450"},"content":{"rendered":"<p class=\"MsoNormal\" style=\"text-align:justify\"><b><span style=\"font-size:12.0pt;line-height:107%;font-family:&quot;Arial Narrow&quot;,&quot;sans-serif&quot;\">Descri\u00e7\u00e3o do Produto<o:p><\/o:p><\/span><\/b><\/p>\n<p class=\"MsoNormal\" style=\"text-align:justify\"><span style=\"font-size:12.0pt; line-height:107%;font-family:&quot;Arial Narrow&quot;,&quot;sans-serif&quot;\">Conserva\u00e7\u00e3o e exposi\u00e7\u00e3o de sorvetes e produtos congelados<o:p><\/o:p><\/span><\/p>\n<p class=\"MsoNormal\" style=\"text-align:justify\"><b><span style=\"font-size:12.0pt;line-height:107%;font-family:&quot;Arial Narrow&quot;,&quot;sans-serif&quot;\">Temperatura:<\/span><\/b><span style=\"font-size:12.0pt;line-height:107%;font-family:&quot;Arial Narrow&quot;,&quot;sans-serif&quot;\"> -16\u00b0 a -20\u00b0C<o:p><\/o:p><\/span><\/p>\n<p class=\"MsoNormal\" style=\"text-align:justify\"><b><span style=\"font-size:12.0pt;line-height:107%;font-family:&quot;Arial Narrow&quot;,&quot;sans-serif&quot;\">Refrigera\u00e7\u00e3o:<\/span><\/b><span style=\"font-size:12.0pt;line-height:107%;font-family:&quot;Arial Narrow&quot;,&quot;sans-serif&quot;\"> Ar for\u00e7ado com serpentina aletada<o:p><\/o:p><\/span><\/p>\n<p class=\"MsoNormal\" style=\"text-align:justify\"><b><span style=\"font-size:12.0pt;line-height:107%;font-family:&quot;Arial Narrow&quot;,&quot;sans-serif&quot;\">Degelo:<\/span><\/b><span style=\"font-size:12.0pt;line-height:107%;font-family:&quot;Arial Narrow&quot;,&quot;sans-serif&quot;\"> Autom\u00e1tico (Frost Free)<o:p><\/o:p><\/span><\/p>\n<p class=\"MsoNormal\" style=\"text-align:justify\"><b><span style=\"font-size:12.0pt;line-height:107%;font-family:&quot;Arial Narrow&quot;,&quot;sans-serif&quot;\">Controle de Temperatura:<\/span><\/b><span style=\"font-size:12.0pt;line-height:107%; font-family:&quot;Arial Narrow&quot;,&quot;sans-serif&quot;\"> Controlador eletr\u00f4nico digital com<o:p><\/o:p><\/span><\/p>\n<p class=\"MsoNormal\" style=\"text-align:justify\"><span style=\"font-size:12.0pt; line-height:107%;font-family:&quot;Arial Narrow&quot;,&quot;sans-serif&quot;\">indicador de temperatura<o:p><\/o:p><\/span><\/p>\n<p class=\"MsoNormal\" style=\"text-align:justify\"><b><span style=\"font-size:12.0pt;line-height:107%;font-family:&quot;Arial Narrow&quot;,&quot;sans-serif&quot;\">Ilumina\u00e7\u00e3o:<\/span><\/b><span style=\"font-size:12.0pt;line-height:107%;font-family:&quot;Arial Narrow&quot;,&quot;sans-serif&quot;\">1 barra de LED no painel externo<o:p><\/o:p><\/span><\/p>\n<p class=\"MsoNormal\" style=\"text-align:justify\"><b><span style=\"font-size:12.0pt;line-height:107%;font-family:&quot;Arial Narrow&quot;,&quot;sans-serif&quot;\">Porta:<\/span><\/b><span style=\"font-size:12.0pt;line-height:107%;font-family:&quot;Arial Narrow&quot;,&quot;sans-serif&quot;\"> Cega, com fechamento autom\u00e1tico<o:p><\/o:p><\/span><\/p>\n<p class=\"MsoNormal\" style=\"text-align:justify\"><b><span style=\"font-size:12.0pt;line-height:107%;font-family:&quot;Arial Narrow&quot;,&quot;sans-serif&quot;\">Prateleiras aramadas:<\/span><\/b><span style=\"font-size:12.0pt;line-height:107%;font-family: &quot;Arial Narrow&quot;,&quot;sans-serif&quot;\"> 3 n\u00edveis regul\u00e1veis e inclin\u00e1veis + estrado<\/span><\/p>\n<p class=\"MsoNormal\" style=\"text-align:justify\"><span style=\"font-size:12.0pt; line-height:107%;font-family:&quot;Arial Narrow&quot;,&quot;sans-serif&quot;\">P\u00e9s regul\u00e1veis<o:p><\/o:p><\/span><\/p>\n<p class=\"MsoNormal\" style=\"text-align:justify\"><span style=\"font-size:12.0pt; line-height:107%;font-family:&quot;Arial Narrow&quot;,&quot;sans-serif&quot;\">Vidros sujeitos a condensa\u00e7\u00e3o da umidade do ar<o:p><\/o:p><\/span><\/p>\n<p class=\"MsoNormal\" style=\"text-align:justify\"><b><span style=\"font-size:12.0pt;line-height:107%;font-family:&quot;Arial Narrow&quot;,&quot;sans-serif&quot;\">Informa\u00e7\u00f5es importantes:&nbsp;&nbsp;&nbsp; <o:p><\/o:p><\/span><\/b><\/p>\n<p class=\"MsoNormal\" style=\"text-align:justify\"><span style=\"font-size:12.0pt; line-height:107%;font-family:&quot;Arial Narrow&quot;,&quot;sans-serif&quot;\">&#8211; Imagens meramente ilustrativas. Imagens e informa\u00e7\u00f5es sujeitas a altera\u00e7\u00f5es sem aviso pr\u00e9vio. <o:p><\/o:p><\/span><\/p>\n<\/p>\n<p class=\"MsoNormal\" style=\"text-align:justify\"><span style=\"font-size:12.0pt; line-height:107%;font-family:&quot;Arial Narrow&quot;,&quot;sans-serif&quot;\">&#8211; Cores de acabamento e materiais sujeitos a varia\u00e7\u00e3o de acordo com o lote de produ\u00e7\u00e3o e\/ou entre os materiais que comp\u00f5em o produto (ex.: chapa,<o:p><\/o:p><\/span><\/p>\n","protected":false},"excerpt":{"rendered":"<p>Descri\u00e7\u00e3o do Produto Conserva\u00e7\u00e3o e exposi\u00e7\u00e3o de sorvetes e produtos congelados Temperatura: -16\u00b0 a -20\u00b0C Refrigera\u00e7\u00e3o: Ar for\u00e7ado com serpentina aletada Degelo: Autom\u00e1tico (Frost Free) Controle de Temperatura: Controlador eletr\u00f4nico digital com indicador de temperatura Ilumina\u00e7\u00e3o:1 barra de LED no painel externo Porta: Cega, com fechamento autom\u00e1tico Prateleiras aramadas: 3 n\u00edveis regul\u00e1veis e inclin\u00e1veis + [&hellip;]<\/p>\n","protected":false},"featured_media":11679,"comment_status":"open","ping_status":"closed","template":"","meta":[],"product_brand":[],"product_cat":[326,442],"product_tag":[],"class_list":{"0":"post-11680","1":"product","2":"type-product","3":"status-publish","4":"has-post-thumbnail","6":"product_cat-freezer-vertical","7":"product_cat-refrigeracao","9":"first","10":"instock","11":"shipping-taxable","12":"purchasable","13":"product-type-simple"},"_links":{"self":[{"href":"https:\/\/twsites.com.br\/novomigcenter\/index.php?rest_route=\/wp\/v2\/product\/11680","targetHints":{"allow":["GET"]}}],"collection":[{"href":"https:\/\/twsites.com.br\/novomigcenter\/index.php?rest_route=\/wp\/v2\/product"}],"about":[{"href":"https:\/\/twsites.com.br\/novomigcenter\/index.php?rest_route=\/wp\/v2\/types\/product"}],"replies":[{"embeddable":true,"href":"https:\/\/twsites.com.br\/novomigcenter\/index.php?rest_route=%2Fwp%2Fv2%2Fcomments&post=11680"}],"wp:featuredmedia":[{"embeddable":true,"href":"https:\/\/twsites.com.br\/novomigcenter\/index.php?rest_route=\/wp\/v2\/media\/11679"}],"wp:attachment":[{"href":"https:\/\/twsites.com.br\/novomigcenter\/index.php?rest_route=%2Fwp%2Fv2%2Fmedia&parent=11680"}],"wp:term":[{"taxonomy":"product_brand","embeddable":true,"href":"https:\/\/twsites.com.br\/novomigcenter\/index.php?rest_route=%2Fwp%2Fv2%2Fproduct_brand&post=11680"},{"taxonomy":"product_cat","embeddable":true,"href":"https:\/\/twsites.com.br\/novomigcenter\/index.php?rest_route=%2Fwp%2Fv2%2Fproduct_cat&post=11680"},{"taxonomy":"product_tag","embeddable":true,"href":"https:\/\/twsites.com.br\/novomigcenter\/index.php?rest_route=%2Fwp%2Fv2%2Fproduct_tag&post=11680"}],"curies":[{"name":"wp","href":"https:\/\/api.w.org\/{rel}","templated":true}]}}