{"id":11692,"date":"2018-03-21T15:57:54","date_gmt":"2018-03-21T15:57:54","guid":{"rendered":"https:\/\/twsites.com.br\/novomigcenter\/?product=conservador-vertical-572l-gldf-570"},"modified":"2018-03-21T15:57:54","modified_gmt":"2018-03-21T15:57:54","slug":"conservador-vertical-572l-gldf-570","status":"publish","type":"product","link":"https:\/\/twsites.com.br\/novomigcenter\/?product=conservador-vertical-572l-gldf-570","title":{"rendered":"Conservador Vertical  572L &#8211; Gelopar GLDF 570"},"content":{"rendered":"<p class=\"MsoNormal\" style=\"text-align:justify\"><b><span style=\"font-size: 12pt; line-height: 107%; font-family: Arial, sans-serif;\">Descri\u00e7\u00e3o do Produto<o:p><\/o:p><\/span><\/b><\/p>\n<p class=\"MsoNormal\" style=\"text-align:justify\"><b><span style=\"font-size: 12pt; line-height: 107%; font-family: Arial, sans-serif;\">Conserva\u00e7\u00e3o e exposi\u00e7\u00e3o de sorvetes e produtos congelados<o:p><\/o:p><\/span><\/b><\/p>\n<p class=\"MsoNormal\" style=\"text-align:justify\"><b><span style=\"font-size: 12pt; line-height: 107%; font-family: Arial, sans-serif;\">Temperatura: <\/span><\/b><span style=\"font-size: 12pt; line-height: 107%; font-family: Arial, sans-serif;\">-16\u00b0 a -20\u00b0C<b><o:p><\/o:p><\/b><\/span><\/p>\n<p class=\"MsoNormal\" style=\"text-align:justify\"><b><span style=\"font-size: 12pt; line-height: 107%; font-family: Arial, sans-serif;\">Refrigera\u00e7\u00e3o: <\/span><\/b><span style=\"font-size: 12pt; line-height: 107%; font-family: Arial, sans-serif;\">Ar for\u00e7ado com serpentina aletada<o:p><\/o:p><\/span><\/p>\n<p class=\"MsoNormal\" style=\"text-align:justify\"><b><span style=\"font-size: 12pt; line-height: 107%; font-family: Arial, sans-serif;\">Degelo: <\/span><\/b><span style=\"font-size: 12pt; line-height: 107%; font-family: Arial, sans-serif;\">Autom\u00e1tico (Frost Free)<o:p><\/o:p><\/span><\/p>\n<p class=\"MsoNormal\" style=\"text-align:justify\"><b><span style=\"font-size: 12pt; line-height: 107%; font-family: Arial, sans-serif;\">Controle de Temperatura: <\/span><\/b><span style=\"font-size: 12pt; line-height: 107%; font-family: Arial, sans-serif;\">Controlador eletr\u00f4nico digital com indicador de temperatura<o:p><\/o:p><\/span><\/p>\n<p class=\"MsoNormal\" style=\"text-align:justify\"><b><span style=\"font-size: 12pt; line-height: 107%; font-family: Arial, sans-serif;\">Ilumina\u00e7\u00e3o: <\/span><\/b><span style=\"font-size: 12pt; line-height: 107%; font-family: Arial, sans-serif;\">1 barra de LED no painel externo e 1 interna<b><o:p><\/o:p><\/b><\/span><\/p>\n<p class=\"MsoNormal\" style=\"text-align:justify\"><b><span style=\"font-size: 12pt; line-height: 107%; font-family: Arial, sans-serif;\">Porta: <\/span><\/b><span style=\"font-size: 12pt; line-height: 107%; font-family: Arial, sans-serif;\">Vidro duplo temperado baixo emissivo, com aquecimento<o:p><\/o:p><\/span><\/p>\n<p class=\"MsoNormal\" style=\"text-align:justify\"><b><span style=\"font-size: 12pt; line-height: 107%; font-family: Arial, sans-serif;\">Fechamento autom\u00e1tico<o:p><\/o:p><\/span><\/b><\/p>\n<p class=\"MsoNormal\" style=\"text-align:justify\"><b><span style=\"font-size: 12pt; line-height: 107%; font-family: Arial, sans-serif;\">Prateleiras aramadas<\/span><\/b><span style=\"font-size: 12pt; line-height: 107%; font-family: Arial, sans-serif;\">: 3 n\u00edveis regul\u00e1veis e inclin\u00e1veis + estrado<o:p><\/o:p><\/span><\/p>\n<p class=\"MsoNormal\" style=\"text-align:justify\"><b><span style=\"font-size: 12pt; line-height: 107%; font-family: Arial, sans-serif;\">P\u00e9s:<\/span><\/b><span style=\"font-size: 12pt; line-height: 107%; font-family: Arial, sans-serif;\"> regul\u00e1veis<b><o:p><\/o:p><\/b><\/span><\/p>\n<p class=\"MsoNormal\" style=\"text-align:justify\"><b><span style=\"font-size: 12pt; line-height: 107%; font-family: Arial, sans-serif;\">Vidros sujeitos a condensa\u00e7\u00e3o da umidade do ar<o:p><\/o:p><\/span><\/b><\/p>\n<p class=\"MsoNormal\" style=\"text-align:justify\"><b><span style=\"font-size: 12pt; line-height: 107%; font-family: Arial, sans-serif;\">Informa\u00e7\u00f5es importantes:&nbsp;&nbsp;&nbsp; <o:p><\/o:p><\/span><\/b><\/p>\n<p class=\"MsoNormal\" style=\"text-align:justify\"><span style=\"font-size: 12pt; line-height: 107%; font-family: Arial, sans-serif;\">&#8211; Imagens meramente ilustrativas. Imagens e informa\u00e7\u00f5es sujeitas a altera\u00e7\u00f5es sem aviso pr\u00e9vio. <o:p><\/o:p><\/span><\/p>\n<p style=\"outline: 0px; -webkit-font-smoothing: antialiased; text-rendering: optimizeLegibility; border: 0px; font-size: 15px; font-family: alegreya_sansregular; margin-right: 20px; margin-bottom: 0px; padding: 0px; vertical-align: baseline; float: left; clear: both; width: 440px; color: rgb(76, 76, 76); line-height: 30px;\">\n<p class=\"MsoNormal\" style=\"text-align:justify\"><span style=\"font-size: 12pt; line-height: 107%; font-family: Arial, sans-serif;\">&#8211; Cores de acabamento e materiais sujeitos a varia\u00e7\u00e3o de acordo com o lote de produ\u00e7\u00e3o e\/ou entre os materiais que comp\u00f5em o produto<\/span><o:p><\/o:p><\/p>\n","protected":false},"excerpt":{"rendered":"<p>Descri\u00e7\u00e3o do Produto Conserva\u00e7\u00e3o e exposi\u00e7\u00e3o de sorvetes e produtos congelados Temperatura: -16\u00b0 a -20\u00b0C Refrigera\u00e7\u00e3o: Ar for\u00e7ado com serpentina aletada Degelo: Autom\u00e1tico (Frost Free) Controle de Temperatura: Controlador eletr\u00f4nico digital com indicador de temperatura Ilumina\u00e7\u00e3o: 1 barra de LED no painel externo e 1 interna Porta: Vidro duplo temperado baixo emissivo, com aquecimento Fechamento [&hellip;]<\/p>\n","protected":false},"featured_media":11690,"comment_status":"open","ping_status":"closed","template":"","meta":[],"product_brand":[],"product_cat":[326,442],"product_tag":[],"class_list":{"0":"post-11692","1":"product","2":"type-product","3":"status-publish","4":"has-post-thumbnail","6":"product_cat-freezer-vertical","7":"product_cat-refrigeracao","9":"first","10":"instock","11":"shipping-taxable","12":"purchasable","13":"product-type-simple"},"_links":{"self":[{"href":"https:\/\/twsites.com.br\/novomigcenter\/index.php?rest_route=\/wp\/v2\/product\/11692","targetHints":{"allow":["GET"]}}],"collection":[{"href":"https:\/\/twsites.com.br\/novomigcenter\/index.php?rest_route=\/wp\/v2\/product"}],"about":[{"href":"https:\/\/twsites.com.br\/novomigcenter\/index.php?rest_route=\/wp\/v2\/types\/product"}],"replies":[{"embeddable":true,"href":"https:\/\/twsites.com.br\/novomigcenter\/index.php?rest_route=%2Fwp%2Fv2%2Fcomments&post=11692"}],"wp:featuredmedia":[{"embeddable":true,"href":"https:\/\/twsites.com.br\/novomigcenter\/index.php?rest_route=\/wp\/v2\/media\/11690"}],"wp:attachment":[{"href":"https:\/\/twsites.com.br\/novomigcenter\/index.php?rest_route=%2Fwp%2Fv2%2Fmedia&parent=11692"}],"wp:term":[{"taxonomy":"product_brand","embeddable":true,"href":"https:\/\/twsites.com.br\/novomigcenter\/index.php?rest_route=%2Fwp%2Fv2%2Fproduct_brand&post=11692"},{"taxonomy":"product_cat","embeddable":true,"href":"https:\/\/twsites.com.br\/novomigcenter\/index.php?rest_route=%2Fwp%2Fv2%2Fproduct_cat&post=11692"},{"taxonomy":"product_tag","embeddable":true,"href":"https:\/\/twsites.com.br\/novomigcenter\/index.php?rest_route=%2Fwp%2Fv2%2Fproduct_tag&post=11692"}],"curies":[{"name":"wp","href":"https:\/\/api.w.org\/{rel}","templated":true}]}}