{"id":11694,"date":"2018-03-21T16:42:13","date_gmt":"2018-03-21T16:42:13","guid":{"rendered":"https:\/\/twsites.com.br\/novomigcenter\/?product=conservador-dupla-acao-horizontal-220l-ghbs-220"},"modified":"2018-03-21T16:42:13","modified_gmt":"2018-03-21T16:42:13","slug":"conservador-dupla-acao-horizontal-220l-ghbs-220","status":"publish","type":"product","link":"https:\/\/twsites.com.br\/novomigcenter\/?product=conservador-dupla-acao-horizontal-220l-ghbs-220","title":{"rendered":"Conservador Horizontal Porta Cega 219L Gelopar GHBS 220"},"content":{"rendered":"<p class=\"MsoNormal\" style=\"text-align:justify\"><b><span style=\"font-size:12.0pt;line-height:107%;font-family:&quot;Arial Narrow&quot;,&quot;sans-serif&quot;\">Descri\u00e7\u00e3o do Produto<o:p><\/o:p><\/span><\/b><\/p>\n<p class=\"MsoNormal\" style=\"text-align:justify\"><span style=\"font-size:12.0pt; line-height:107%;font-family:&quot;Arial Narrow&quot;,&quot;sans-serif&quot;\">Conserva\u00e7\u00e3o de produtos congelados<o:p><\/o:p><\/span><\/p>\n<p class=\"MsoNormal\" style=\"text-align:justify\"><b><span style=\"font-size:12.0pt;line-height:107%;font-family:&quot;Arial Narrow&quot;,&quot;sans-serif&quot;\">Temperatura:<\/span><\/b><span style=\"font-size:12.0pt;line-height:107%;font-family:&quot;Arial Narrow&quot;,&quot;sans-serif&quot;\"> -16\u00ba a -20\u00baC<o:p><\/o:p><\/span><\/p>\n<p class=\"MsoNormal\" style=\"text-align:justify\"><b><span style=\"font-size:12.0pt;line-height:107%;font-family:&quot;Arial Narrow&quot;,&quot;sans-serif&quot;\">Refrigera\u00e7\u00e3o:<\/span><\/b><span style=\"font-size:12.0pt;line-height:107%;font-family:&quot;Arial Narrow&quot;,&quot;sans-serif&quot;\"> Est\u00e1tica com Serpentina de Cobre<o:p><\/o:p><\/span><\/p>\n<p class=\"MsoNormal\" style=\"text-align:justify\"><b><span style=\"font-size:12.0pt;line-height:107%;font-family:&quot;Arial Narrow&quot;,&quot;sans-serif&quot;\">Controle de Temperatura:<\/span><\/b><span style=\"font-size:12.0pt;line-height:107%; font-family:&quot;Arial Narrow&quot;,&quot;sans-serif&quot;\"> Termostato<o:p><\/o:p><\/span><\/p>\n<p class=\"MsoNormal\" style=\"text-align:justify\"><b><span style=\"font-size:12.0pt;line-height:107%;font-family:&quot;Arial Narrow&quot;,&quot;sans-serif&quot;\">Skin condenser:<\/span><\/b><span style=\"font-size:12.0pt;line-height:107%;font-family: &quot;Arial Narrow&quot;,&quot;sans-serif&quot;\"> Excelente dissipador de calor com baix\u00edssimo n\u00edvel de ru\u00eddo e significativa redu\u00e7\u00e3o no consumo de energia<o:p><\/o:p><\/span><\/p>\n<p class=\"MsoNormal\" style=\"text-align:justify\"><b><span style=\"font-size:12.0pt;line-height:107%;font-family:&quot;Arial Narrow&quot;,&quot;sans-serif&quot;\">Degelo:<\/span><\/b><span style=\"font-size:12.0pt;line-height:107%;font-family:&quot;Arial Narrow&quot;,&quot;sans-serif&quot;\"> Manual<o:p><\/o:p><\/span><\/p>\n<p class=\"MsoNormal\" style=\"text-align:justify\"><b><span style=\"font-size:12.0pt;line-height:107%;font-family:&quot;Arial Narrow&quot;,&quot;sans-serif&quot;\">Tampas:<\/span><\/b><span style=\"font-size:12.0pt;line-height:107%;font-family:&quot;Arial Narrow&quot;,&quot;sans-serif&quot;\"> Cegas, basculantes com puxadores<o:p><\/o:p><\/span><\/p>\n<p class=\"MsoNormal\" style=\"text-align:justify\"><span style=\"font-size:12.0pt; line-height:107%;font-family:&quot;Arial Narrow&quot;,&quot;sans-serif&quot;\">Dreno frontal com tampa<o:p><\/o:p><\/span><\/p>\n<p class=\"MsoNormal\" style=\"text-align:justify\"><span style=\"font-size:12.0pt; line-height:107%;font-family:&quot;Arial Narrow&quot;,&quot;sans-serif&quot;\">Revestimento interno e externo em A\u00e7o pr\u00e9-pintado branco<o:p><\/o:p><\/span><\/p>\n<p class=\"MsoNormal\" style=\"text-align:justify\"><span style=\"font-size:12.0pt; line-height:107%;font-family:&quot;Arial Narrow&quot;,&quot;sans-serif&quot;\">Gabinete com rod\u00edzios<o:p><\/o:p><\/span><\/p>\n<p class=\"MsoNormal\" style=\"text-align:justify\"><span style=\"font-size:12.0pt; line-height:107%;font-family:&quot;Arial Narrow&quot;,&quot;sans-serif&quot;\">Opcional: <o:p><\/o:p><\/span><\/p>\n<p class=\"MsoNormal\" style=\"text-align:justify\"><span style=\"font-size:12.0pt; line-height:107%;font-family:&quot;Arial Narrow&quot;,&quot;sans-serif&quot;\">\u25aa Grade divis\u00f3ria interna<o:p><\/o:p><\/span><\/p>\n<p class=\"MsoNormal\" style=\"text-align:justify\"><span style=\"font-size:12.0pt; line-height:107%;font-family:&quot;Arial Narrow&quot;,&quot;sans-serif&quot;\">\u25aa Fechadura com chave<o:p><\/o:p><\/span><\/p>\n<p class=\"MsoNormal\" style=\"text-align:justify\"><b><span style=\"font-size:12.0pt;line-height:107%;font-family:&quot;Arial Narrow&quot;,&quot;sans-serif&quot;\">Informa\u00e7\u00f5es importantes:&nbsp;&nbsp;&nbsp; <o:p><\/o:p><\/span><\/b><\/p>\n<p class=\"MsoNormal\" style=\"text-align:justify\"><span style=\"font-size:12.0pt; line-height:107%;font-family:&quot;Arial Narrow&quot;,&quot;sans-serif&quot;\">&#8211; Imagens meramente ilustrativas. Imagens e informa\u00e7\u00f5es sujeitas a altera\u00e7\u00f5es sem aviso pr\u00e9vio. <o:p><\/o:p><\/span><\/p>\n<\/p>\n<p class=\"MsoNormal\" style=\"text-align:justify\"><span style=\"font-size:12.0pt; line-height:107%;font-family:&quot;Arial Narrow&quot;,&quot;sans-serif&quot;\">&#8211; Cores de acabamento e materiais sujeitos a varia\u00e7\u00e3o de acordo com o lote de produ\u00e7\u00e3o e\/ou entre os materiais que comp\u00f5em o produto (ex.: chapa<o:p><\/o:p><\/span><\/p>\n","protected":false},"excerpt":{"rendered":"<p>Descri\u00e7\u00e3o do Produto Conserva\u00e7\u00e3o de produtos congelados Temperatura: -16\u00ba a -20\u00baC Refrigera\u00e7\u00e3o: Est\u00e1tica com Serpentina de Cobre Controle de Temperatura: Termostato Skin condenser: Excelente dissipador de calor com baix\u00edssimo n\u00edvel de ru\u00eddo e significativa redu\u00e7\u00e3o no consumo de energia Degelo: Manual Tampas: Cegas, basculantes com puxadores Dreno frontal com tampa Revestimento interno e externo em [&hellip;]<\/p>\n","protected":false},"featured_media":11693,"comment_status":"open","ping_status":"closed","template":"","meta":[],"product_brand":[],"product_cat":[325,442],"product_tag":[],"class_list":{"0":"post-11694","1":"product","2":"type-product","3":"status-publish","4":"has-post-thumbnail","6":"product_cat-freezer-horizontal","7":"product_cat-refrigeracao","9":"first","10":"instock","11":"shipping-taxable","12":"purchasable","13":"product-type-simple"},"_links":{"self":[{"href":"https:\/\/twsites.com.br\/novomigcenter\/index.php?rest_route=\/wp\/v2\/product\/11694","targetHints":{"allow":["GET"]}}],"collection":[{"href":"https:\/\/twsites.com.br\/novomigcenter\/index.php?rest_route=\/wp\/v2\/product"}],"about":[{"href":"https:\/\/twsites.com.br\/novomigcenter\/index.php?rest_route=\/wp\/v2\/types\/product"}],"replies":[{"embeddable":true,"href":"https:\/\/twsites.com.br\/novomigcenter\/index.php?rest_route=%2Fwp%2Fv2%2Fcomments&post=11694"}],"wp:featuredmedia":[{"embeddable":true,"href":"https:\/\/twsites.com.br\/novomigcenter\/index.php?rest_route=\/wp\/v2\/media\/11693"}],"wp:attachment":[{"href":"https:\/\/twsites.com.br\/novomigcenter\/index.php?rest_route=%2Fwp%2Fv2%2Fmedia&parent=11694"}],"wp:term":[{"taxonomy":"product_brand","embeddable":true,"href":"https:\/\/twsites.com.br\/novomigcenter\/index.php?rest_route=%2Fwp%2Fv2%2Fproduct_brand&post=11694"},{"taxonomy":"product_cat","embeddable":true,"href":"https:\/\/twsites.com.br\/novomigcenter\/index.php?rest_route=%2Fwp%2Fv2%2Fproduct_cat&post=11694"},{"taxonomy":"product_tag","embeddable":true,"href":"https:\/\/twsites.com.br\/novomigcenter\/index.php?rest_route=%2Fwp%2Fv2%2Fproduct_tag&post=11694"}],"curies":[{"name":"wp","href":"https:\/\/api.w.org\/{rel}","templated":true}]}}