{"id":11696,"date":"2018-03-21T16:44:05","date_gmt":"2018-03-21T16:44:05","guid":{"rendered":"https:\/\/twsites.com.br\/novomigcenter\/?product=conservador-dupla-acao-horizontal-306l-ghbs-310"},"modified":"2018-03-21T16:44:05","modified_gmt":"2018-03-21T16:44:05","slug":"conservador-dupla-acao-horizontal-306l-ghbs-310","status":"publish","type":"product","link":"https:\/\/twsites.com.br\/novomigcenter\/?product=conservador-dupla-acao-horizontal-306l-ghbs-310","title":{"rendered":"Conservador Horizontal Porta Cega 306L Gelopar GHBS 310"},"content":{"rendered":"<p class=\"MsoNormal\" style=\"text-align:justify\"><b><span style=\"font-size: 12pt; line-height: 107%;\"><font face=\"Arial\">Descri\u00e7\u00e3o do Produto<o:p><\/o:p><\/font><\/span><\/b><\/p>\n<p class=\"MsoNormal\" style=\"text-align:justify\"><b><span style=\"font-size: 12pt; line-height: 107%;\"><font face=\"Arial\">Conserva\u00e7\u00e3o de produtos congelados<o:p><\/o:p><\/font><\/span><\/b><\/p>\n<p class=\"MsoNormal\" style=\"text-align:justify\"><font face=\"Arial\"><b><span style=\"font-size: 12pt; line-height: 107%;\">Temperatura<\/span><\/b><span style=\"font-size: 12pt; line-height: 107%;\">: -16\u00ba a -20\u00baC<o:p><\/o:p><\/span><\/font><\/p>\n<p class=\"MsoNormal\" style=\"text-align:justify\"><font face=\"Arial\"><b><span style=\"font-size: 12pt; line-height: 107%;\">Refrigera\u00e7\u00e3o: <\/span><\/b><span style=\"font-size: 12pt; line-height: 107%;\">Est\u00e1tica com Serpentina de Cobre<b><o:p><\/o:p><\/b><\/span><\/font><\/p>\n<p class=\"MsoNormal\" style=\"text-align:justify\"><font face=\"Arial\"><b><span style=\"font-size: 12pt; line-height: 107%;\">Controle de Temperatura: <\/span><\/b><span style=\"font-size: 12pt; line-height: 107%;\">Termostato<o:p><\/o:p><\/span><\/font><\/p>\n<p class=\"MsoNormal\" style=\"text-align:justify\"><font face=\"Arial\"><b><span style=\"font-size: 12pt; line-height: 107%;\">Skin condenser: <\/span><\/b><span style=\"font-size: 12pt; line-height: 107%;\">Excelente dissipador de calor com baix\u00edssimo n\u00edvel de ru\u00eddo e significativa redu\u00e7\u00e3o no consumo de energia<b><o:p><\/o:p><\/b><\/span><\/font><\/p>\n<p class=\"MsoNormal\" style=\"text-align:justify\"><font face=\"Arial\"><b><span style=\"font-size: 12pt; line-height: 107%;\">Degelo:<\/span><\/b><span style=\"font-size: 12pt; line-height: 107%;\"> Manual<b><o:p><\/o:p><\/b><\/span><\/font><\/p>\n<p class=\"MsoNormal\" style=\"text-align:justify\"><font face=\"Arial\"><b><span style=\"font-size: 12pt; line-height: 107%;\">Tampas: <\/span><\/b><span style=\"font-size: 12pt; line-height: 107%;\">Cegas, basculantes com puxadores<o:p><\/o:p><\/span><\/font><\/p>\n<p class=\"MsoNormal\" style=\"text-align:justify\"><font face=\"Arial\"><b><span style=\"font-size: 12pt; line-height: 107%;\">Dreno frontal: <\/span><\/b><span style=\"font-size: 12pt; line-height: 107%;\">com tampa<b><o:p><\/o:p><\/b><\/span><\/font><\/p>\n<p class=\"MsoNormal\" style=\"text-align:justify\"><font face=\"Arial\"><b><span style=\"font-size: 12pt; line-height: 107%;\">Revestimento interno e externo: <\/span><\/b><span style=\"font-size: 12pt; line-height: 107%;\">em A\u00e7o pr\u00e9-pintado branco<o:p><\/o:p><\/span><\/font><\/p>\n<p class=\"MsoNormal\" style=\"text-align:justify\"><font face=\"Arial\"><b><span style=\"font-size: 12pt; line-height: 107%;\">Gabinete:<\/span><\/b><span style=\"font-size: 12pt; line-height: 107%;\"> Com rod\u00edzios<b><o:p><\/o:p><\/b><\/span><\/font><\/p>\n<p class=\"MsoNormal\" style=\"text-align:justify\"><b><span style=\"font-size: 12pt; line-height: 107%;\"><font face=\"Arial\">Opcional: <o:p><\/o:p><\/font><\/span><\/b><\/p>\n<p class=\"MsoNormal\" style=\"text-align:justify\"><span style=\"font-size: 12pt; line-height: 107%;\"><font face=\"Arial\">\u25aa Grade divis\u00f3ria interna<o:p><\/o:p><\/font><\/span><\/p>\n<p class=\"MsoNormal\" style=\"text-align:justify\"><span style=\"font-size: 12pt; line-height: 107%;\"><font face=\"Arial\">\u25aa Fechadura com chave<o:p><\/o:p><\/font><\/span><\/p>\n<p class=\"MsoNormal\" style=\"text-align:justify\"><b><span style=\"font-size: 12pt; line-height: 107%;\"><font face=\"Arial\">Informa\u00e7\u00f5es importantes:&nbsp;&nbsp;&nbsp; <o:p><\/o:p><\/font><\/span><\/b><\/p>\n<p class=\"MsoNormal\" style=\"text-align:justify\"><font face=\"Arial\"><b><span style=\"font-size: 12pt; line-height: 107%;\">&#8211; <\/span><\/b><span style=\"font-size: 12pt; line-height: 107%;\">Imagens meramente ilustrativas. Imagens e informa\u00e7\u00f5es sujeitas a altera\u00e7\u00f5es sem aviso pr\u00e9vio. <o:p><\/o:p><\/span><\/font><\/p>\n<p class=\"MsoNormal\" style=\"text-align:justify\"><span style=\"font-size: 12pt; line-height: 107%;\"><font face=\"Arial\">&#8211; Cores de acabamento e materiais sujeitos a varia\u00e7\u00e3o de acordo com o lote de produ\u00e7\u00e3o e\/ou entre os materiais que comp\u00f5em o produto (ex.: chapa<o:p><\/o:p><\/font><\/span><\/p>\n<\/p>\n<p class=\"MsoNormal\"><o:p><font face=\"Arial\">&nbsp;<\/font><\/o:p><\/p>\n","protected":false},"excerpt":{"rendered":"<p>Descri\u00e7\u00e3o do Produto Conserva\u00e7\u00e3o de produtos congelados Temperatura: -16\u00ba a -20\u00baC Refrigera\u00e7\u00e3o: Est\u00e1tica com Serpentina de Cobre Controle de Temperatura: Termostato Skin condenser: Excelente dissipador de calor com baix\u00edssimo n\u00edvel de ru\u00eddo e significativa redu\u00e7\u00e3o no consumo de energia Degelo: Manual Tampas: Cegas, basculantes com puxadores Dreno frontal: com tampa Revestimento interno e externo: em [&hellip;]<\/p>\n","protected":false},"featured_media":11695,"comment_status":"open","ping_status":"closed","template":"","meta":[],"product_brand":[],"product_cat":[325,442],"product_tag":[],"class_list":{"0":"post-11696","1":"product","2":"type-product","3":"status-publish","4":"has-post-thumbnail","6":"product_cat-freezer-horizontal","7":"product_cat-refrigeracao","9":"first","10":"instock","11":"shipping-taxable","12":"purchasable","13":"product-type-simple"},"_links":{"self":[{"href":"https:\/\/twsites.com.br\/novomigcenter\/index.php?rest_route=\/wp\/v2\/product\/11696","targetHints":{"allow":["GET"]}}],"collection":[{"href":"https:\/\/twsites.com.br\/novomigcenter\/index.php?rest_route=\/wp\/v2\/product"}],"about":[{"href":"https:\/\/twsites.com.br\/novomigcenter\/index.php?rest_route=\/wp\/v2\/types\/product"}],"replies":[{"embeddable":true,"href":"https:\/\/twsites.com.br\/novomigcenter\/index.php?rest_route=%2Fwp%2Fv2%2Fcomments&post=11696"}],"wp:featuredmedia":[{"embeddable":true,"href":"https:\/\/twsites.com.br\/novomigcenter\/index.php?rest_route=\/wp\/v2\/media\/11695"}],"wp:attachment":[{"href":"https:\/\/twsites.com.br\/novomigcenter\/index.php?rest_route=%2Fwp%2Fv2%2Fmedia&parent=11696"}],"wp:term":[{"taxonomy":"product_brand","embeddable":true,"href":"https:\/\/twsites.com.br\/novomigcenter\/index.php?rest_route=%2Fwp%2Fv2%2Fproduct_brand&post=11696"},{"taxonomy":"product_cat","embeddable":true,"href":"https:\/\/twsites.com.br\/novomigcenter\/index.php?rest_route=%2Fwp%2Fv2%2Fproduct_cat&post=11696"},{"taxonomy":"product_tag","embeddable":true,"href":"https:\/\/twsites.com.br\/novomigcenter\/index.php?rest_route=%2Fwp%2Fv2%2Fproduct_tag&post=11696"}],"curies":[{"name":"wp","href":"https:\/\/api.w.org\/{rel}","templated":true}]}}