{"id":11703,"date":"2018-03-23T15:00:19","date_gmt":"2018-03-23T15:00:19","guid":{"rendered":"https:\/\/twsites.com.br\/novomigcenter\/?product=conservador-refrigerador-575l-porta-cega-gpc-57-br"},"modified":"2018-03-23T15:00:19","modified_gmt":"2018-03-23T15:00:19","slug":"conservador-refrigerador-575l-porta-cega-gpc-57-br","status":"publish","type":"product","link":"https:\/\/twsites.com.br\/novomigcenter\/?product=conservador-refrigerador-575l-porta-cega-gpc-57-br","title":{"rendered":"Conservador \/ Refrigerador Vertical Dupla A\u00e7\u00e3o 577L Porta Cega Gelopar &#8211; GPC-57-BR"},"content":{"rendered":"<p class=\"MsoNormal\"><b><span style=\"font-size: 12pt; line-height: 107%; font-family: &quot;Arial Narrow&quot;, sans-serif; color: rgb(76, 76, 76); background-image: initial; background-position: initial; background-size: initial; background-repeat: initial; background-attachment: initial; background-origin: initial; background-clip: initial;\">Descri\u00e7\u00e3o do Produto<o:p><\/o:p><\/span><\/b><\/p>\n<p class=\"MsoNormal\"><span style=\"font-size: 12pt; line-height: 107%; font-family: &quot;Arial Narrow&quot;, sans-serif; color: rgb(76, 76, 76); background-image: initial; background-position: initial; background-size: initial; background-repeat: initial; background-attachment: initial; background-origin: initial; background-clip: initial;\">Conserva\u00e7\u00e3o de gelo e produtos congelados ou Refrigera\u00e7\u00e3o de produtos resfriados<o:p><\/o:p><\/span><\/p>\n<p class=\"MsoNormal\"><b><span style=\"font-size: 12pt; line-height: 107%; font-family: &quot;Arial Narrow&quot;, sans-serif; color: rgb(76, 76, 76); background-image: initial; background-position: initial; background-size: initial; background-repeat: initial; background-attachment: initial; background-origin: initial; background-clip: initial;\">Temperatura:<\/span><\/b><span style=\"font-size: 12pt; line-height: 107%; font-family: &quot;Arial Narrow&quot;, sans-serif; color: rgb(76, 76, 76); background-image: initial; background-position: initial; background-size: initial; background-repeat: initial; background-attachment: initial; background-origin: initial; background-clip: initial;\"> Congelados -10\u00b0 a -15\u00b0C \/ Resfriados +1\u00b0 a +7\u00b0C<o:p><\/o:p><\/span><\/p>\n<p class=\"MsoNormal\"><b><span style=\"font-size: 12pt; line-height: 107%; font-family: &quot;Arial Narrow&quot;, sans-serif; color: rgb(76, 76, 76); background-image: initial; background-position: initial; background-size: initial; background-repeat: initial; background-attachment: initial; background-origin: initial; background-clip: initial;\">Refrigera\u00e7\u00e3o:<\/span><\/b><span style=\"font-size: 12pt; line-height: 107%; font-family: &quot;Arial Narrow&quot;, sans-serif; color: rgb(76, 76, 76); background-image: initial; background-position: initial; background-size: initial; background-repeat: initial; background-attachment: initial; background-origin: initial; background-clip: initial;\"> Est\u00e1tica com serpentina, com degelo manual<o:p><\/o:p><\/span><\/p>\n<p class=\"MsoNormal\"><b><span style=\"font-size: 12pt; line-height: 107%; font-family: &quot;Arial Narrow&quot;, sans-serif; color: rgb(76, 76, 76); background-image: initial; background-position: initial; background-size: initial; background-repeat: initial; background-attachment: initial; background-origin: initial; background-clip: initial;\">Controle de Temperatura:<\/span><\/b><span style=\"font-size: 12pt; line-height: 107%; font-family: &quot;Arial Narrow&quot;, sans-serif; color: rgb(76, 76, 76); background-image: initial; background-position: initial; background-size: initial; background-repeat: initial; background-attachment: initial; background-origin: initial; background-clip: initial;\"> Termostato dupla a\u00e7\u00e3o<o:p><\/o:p><\/span><\/p>\n<p class=\"MsoNormal\"><b><span style=\"font-size: 12pt; line-height: 107%; font-family: &quot;Arial Narrow&quot;, sans-serif; color: rgb(76, 76, 76); background-image: initial; background-position: initial; background-size: initial; background-repeat: initial; background-attachment: initial; background-origin: initial; background-clip: initial;\">Prateleiras aramadas:<\/span><\/b><span style=\"font-size: 12pt; line-height: 107%; font-family: &quot;Arial Narrow&quot;, sans-serif; color: rgb(76, 76, 76); background-image: initial; background-position: initial; background-size: initial; background-repeat: initial; background-attachment: initial; background-origin: initial; background-clip: initial;\"> 4 n\u00edveis regul\u00e1veis e inclin\u00e1veis<o:p><\/o:p><\/span><\/p>\n<p class=\"MsoNormal\"><b><span style=\"font-size: 12pt; line-height: 107%; font-family: &quot;Arial Narrow&quot;, sans-serif; color: rgb(76, 76, 76); background-image: initial; background-position: initial; background-size: initial; background-repeat: initial; background-attachment: initial; background-origin: initial; background-clip: initial;\">Porta:<\/span><\/b><span style=\"font-size: 12pt; line-height: 107%; font-family: &quot;Arial Narrow&quot;, sans-serif; color: rgb(76, 76, 76); background-image: initial; background-position: initial; background-size: initial; background-repeat: initial; background-attachment: initial; background-origin: initial; background-clip: initial;\"> Cega, fechamento autom\u00e1tico<o:p><\/o:p><\/span><\/p>\n<p class=\"MsoNormal\"><span style=\"font-size: 12pt; line-height: 107%; font-family: &quot;Arial Narrow&quot;, sans-serif; color: rgb(76, 76, 76); background-image: initial; background-position: initial; background-size: initial; background-repeat: initial; background-attachment: initial; background-origin: initial; background-clip: initial;\">P\u00e9s regul\u00e1veis<o:p><\/o:p><\/span><\/p>\n<p class=\"MsoNormal\"><b><span style=\"font-size: 12pt; line-height: 107%; font-family: &quot;Arial Narrow&quot;, sans-serif; color: rgb(76, 76, 76); background-image: initial; background-position: initial; background-size: initial; background-repeat: initial; background-attachment: initial; background-origin: initial; background-clip: initial;\">Obs:<\/span><\/b><span style=\"font-size: 12pt; line-height: 107%; font-family: &quot;Arial Narrow&quot;, sans-serif; color: rgb(76, 76, 76); background-image: initial; background-position: initial; background-size: initial; background-repeat: initial; background-attachment: initial; background-origin: initial; background-clip: initial;\"> Na temperatura de resfriados ocorre a forma\u00e7\u00e3o de got\u00edculas de \u00e1gua no interior do produto<o:p><\/o:p><\/span><\/p>\n<p class=\"MsoNormal\"><b><span style=\"font-size: 12pt; line-height: 107%; font-family: &quot;Arial Narrow&quot;, sans-serif; color: rgb(76, 76, 76); background-image: initial; background-position: initial; background-size: initial; background-repeat: initial; background-attachment: initial; background-origin: initial; background-clip: initial;\">Dimens\u00f5es internas:<\/span><\/b><span style=\"font-size: 12pt; line-height: 107%; font-family: &quot;Arial Narrow&quot;, sans-serif; color: rgb(76, 76, 76); background-image: initial; background-position: initial; background-size: initial; background-repeat: initial; background-attachment: initial; background-origin: initial; background-clip: initial;\"> 565x668x1540mm (FxPxA)<o:p><\/o:p><\/span><\/p>\n<p class=\"MsoNormal\"><span style=\"font-size: 12pt; line-height: 107%; font-family: &quot;Arial Narrow&quot;, sans-serif; color: rgb(76, 76, 76); background-image: initial; background-position: initial; background-size: initial; background-repeat: initial; background-attachment: initial; background-origin: initial; background-clip: initial;\">Capacidade para 42 Pacotes de gelo 5Kg<o:p><\/o:p><\/span><\/p>\n<p class=\"MsoNormal\"><b><span style=\"font-size: 12pt; line-height: 107%; font-family: &quot;Arial Narrow&quot;, sans-serif; color: rgb(76, 76, 76); background-image: initial; background-position: initial; background-size: initial; background-repeat: initial; background-attachment: initial; background-origin: initial; background-clip: initial;\">Informa\u00e7\u00f5es importantes:&nbsp;&nbsp;&nbsp; <o:p><\/o:p><\/span><\/b><\/p>\n<p class=\"MsoNormal\"><\/p>\n<p class=\"MsoNormal\"><span style=\"font-size: 12pt; line-height: 107%; font-family: &quot;Arial Narrow&quot;, sans-serif; color: rgb(76, 76, 76); background-image: initial; background-position: initial; background-size: initial; background-repeat: initial; background-attachment: initial; background-origin: initial; background-clip: initial;\">&#8211; Imagens meramente ilustrativas. Imagens e informa\u00e7\u00f5es sujeitas a altera\u00e7\u00f5es sem aviso pr\u00e9vio. <o:p><\/o:p><\/span><\/p>\n<p>  <span style=\"font-size: 12pt; line-height: 107%; font-family: &quot;Arial Narrow&quot;, sans-serif; color: rgb(76, 76, 76); background-image: initial; background-position: initial; background-size: initial; background-repeat: initial; background-attachment: initial; background-origin: initial; background-clip: initial;\">&#8211; Cores de acabamento e materiais sujeitos a varia\u00e7\u00e3o de acordo com o lote de produ\u00e7\u00e3o e\/ou entre os materiais que comp\u00f5em o produto (ex.: chapa, pl\u00e1stico, madeiras<\/span><\/p>\n","protected":false},"excerpt":{"rendered":"<p>Descri\u00e7\u00e3o do Produto Conserva\u00e7\u00e3o de gelo e produtos congelados ou Refrigera\u00e7\u00e3o de produtos resfriados Temperatura: Congelados -10\u00b0 a -15\u00b0C \/ Resfriados +1\u00b0 a +7\u00b0C Refrigera\u00e7\u00e3o: Est\u00e1tica com serpentina, com degelo manual Controle de Temperatura: Termostato dupla a\u00e7\u00e3o Prateleiras aramadas: 4 n\u00edveis regul\u00e1veis e inclin\u00e1veis Porta: Cega, fechamento autom\u00e1tico P\u00e9s regul\u00e1veis Obs: Na temperatura de resfriados [&hellip;]<\/p>\n","protected":false},"featured_media":11701,"comment_status":"open","ping_status":"closed","template":"","meta":[],"product_brand":[],"product_cat":[326,442],"product_tag":[],"class_list":{"0":"post-11703","1":"product","2":"type-product","3":"status-publish","4":"has-post-thumbnail","6":"product_cat-freezer-vertical","7":"product_cat-refrigeracao","9":"first","10":"instock","11":"shipping-taxable","12":"purchasable","13":"product-type-simple"},"_links":{"self":[{"href":"https:\/\/twsites.com.br\/novomigcenter\/index.php?rest_route=\/wp\/v2\/product\/11703","targetHints":{"allow":["GET"]}}],"collection":[{"href":"https:\/\/twsites.com.br\/novomigcenter\/index.php?rest_route=\/wp\/v2\/product"}],"about":[{"href":"https:\/\/twsites.com.br\/novomigcenter\/index.php?rest_route=\/wp\/v2\/types\/product"}],"replies":[{"embeddable":true,"href":"https:\/\/twsites.com.br\/novomigcenter\/index.php?rest_route=%2Fwp%2Fv2%2Fcomments&post=11703"}],"wp:featuredmedia":[{"embeddable":true,"href":"https:\/\/twsites.com.br\/novomigcenter\/index.php?rest_route=\/wp\/v2\/media\/11701"}],"wp:attachment":[{"href":"https:\/\/twsites.com.br\/novomigcenter\/index.php?rest_route=%2Fwp%2Fv2%2Fmedia&parent=11703"}],"wp:term":[{"taxonomy":"product_brand","embeddable":true,"href":"https:\/\/twsites.com.br\/novomigcenter\/index.php?rest_route=%2Fwp%2Fv2%2Fproduct_brand&post=11703"},{"taxonomy":"product_cat","embeddable":true,"href":"https:\/\/twsites.com.br\/novomigcenter\/index.php?rest_route=%2Fwp%2Fv2%2Fproduct_cat&post=11703"},{"taxonomy":"product_tag","embeddable":true,"href":"https:\/\/twsites.com.br\/novomigcenter\/index.php?rest_route=%2Fwp%2Fv2%2Fproduct_tag&post=11703"}],"curies":[{"name":"wp","href":"https:\/\/api.w.org\/{rel}","templated":true}]}}