{"id":11745,"date":"2018-04-20T15:03:00","date_gmt":"2018-04-20T15:03:00","guid":{"rendered":"https:\/\/twsites.com.br\/novomigcenter\/?product=lavatorio-de-assepsia-fritomaq"},"modified":"2018-04-20T15:03:00","modified_gmt":"2018-04-20T15:03:00","slug":"lavatorio-de-assepsia-fritomaq","status":"publish","type":"product","link":"https:\/\/twsites.com.br\/novomigcenter\/?product=lavatorio-de-assepsia-fritomaq","title":{"rendered":"Lavat\u00f3rio &#8211; Fritomaq"},"content":{"rendered":"<p><font face=\"Arial\"><br \/><\/font><\/p>\n<h4><b><font face=\"Arial\">MODELOS<\/font><\/b><\/h4>\n<p><font face=\"Arial\"> Lavat\u00f3rio autom\u00e1tico para assepsia das m\u00e3os.<\/font><\/p>\n<p><b><font face=\"Arial\">MEDIDAS<\/font><\/b><\/p>\n<p><font face=\"Arial\">40x30x20cm<\/font><\/p>\n<p><\/p>\n","protected":false},"excerpt":{"rendered":"<p>MODELOS Lavat\u00f3rio autom\u00e1tico para assepsia das m\u00e3os. MEDIDAS 40x30x20cm<\/p>\n","protected":false},"featured_media":11744,"comment_status":"open","ping_status":"closed","template":"","meta":[],"product_brand":[],"product_cat":[390,436],"product_tag":[],"class_list":{"0":"post-11745","1":"product","2":"type-product","3":"status-publish","4":"has-post-thumbnail","6":"product_cat-acessorios-em-inox","7":"product_cat-cozinha","9":"first","10":"instock","11":"shipping-taxable","12":"purchasable","13":"product-type-simple"},"_links":{"self":[{"href":"https:\/\/twsites.com.br\/novomigcenter\/index.php?rest_route=\/wp\/v2\/product\/11745","targetHints":{"allow":["GET"]}}],"collection":[{"href":"https:\/\/twsites.com.br\/novomigcenter\/index.php?rest_route=\/wp\/v2\/product"}],"about":[{"href":"https:\/\/twsites.com.br\/novomigcenter\/index.php?rest_route=\/wp\/v2\/types\/product"}],"replies":[{"embeddable":true,"href":"https:\/\/twsites.com.br\/novomigcenter\/index.php?rest_route=%2Fwp%2Fv2%2Fcomments&post=11745"}],"wp:featuredmedia":[{"embeddable":true,"href":"https:\/\/twsites.com.br\/novomigcenter\/index.php?rest_route=\/wp\/v2\/media\/11744"}],"wp:attachment":[{"href":"https:\/\/twsites.com.br\/novomigcenter\/index.php?rest_route=%2Fwp%2Fv2%2Fmedia&parent=11745"}],"wp:term":[{"taxonomy":"product_brand","embeddable":true,"href":"https:\/\/twsites.com.br\/novomigcenter\/index.php?rest_route=%2Fwp%2Fv2%2Fproduct_brand&post=11745"},{"taxonomy":"product_cat","embeddable":true,"href":"https:\/\/twsites.com.br\/novomigcenter\/index.php?rest_route=%2Fwp%2Fv2%2Fproduct_cat&post=11745"},{"taxonomy":"product_tag","embeddable":true,"href":"https:\/\/twsites.com.br\/novomigcenter\/index.php?rest_route=%2Fwp%2Fv2%2Fproduct_tag&post=11745"}],"curies":[{"name":"wp","href":"https:\/\/api.w.org\/{rel}","templated":true}]}}