{"id":11777,"date":"2018-04-25T13:40:36","date_gmt":"2018-04-25T13:40:36","guid":{"rendered":"https:\/\/twsites.com.br\/novomigcenter\/?product=cortador-de-legumes-medio-dak"},"modified":"2018-04-25T13:40:36","modified_gmt":"2018-04-25T13:40:36","slug":"cortador-de-legumes-medio-dak","status":"publish","type":"product","link":"https:\/\/twsites.com.br\/novomigcenter\/?product=cortador-de-legumes-medio-dak","title":{"rendered":"Cortador de Legumes M\u00e9dio &#8211; Dak"},"content":{"rendered":"<p><font face=\"Arial\"><span style=\"font-size: 14px;\">Indicado para quantidades maiores de alimentos, possui base de  tamanho m\u00e9dio e navalhas cambi\u00e1veis nos cortes 6, 8, 10 e 12mm. Ideal  para cozinhas industriais.<\/span><\/font><\/p>\n<p><font face=\"Arial\"><img decoding=\"async\" src=\"http:\/\/www.dak.com.br\/_files\/view2.php\/resize\/600x1500\/pasta\/3\/51e80e80720f2.png\" alt=\"\" width=\"200\" height=\"240\"><\/font><\/p>\n<\/p>\n<p>ATEN\u00c7\u00c3O: Os cortadores DAK devem ser lubrificados somente com \u00f3leo de m\u00e1quin<\/p>\n","protected":false},"excerpt":{"rendered":"<p>Indicado para quantidades maiores de alimentos, possui base de tamanho m\u00e9dio e navalhas cambi\u00e1veis nos cortes 6, 8, 10 e 12mm. Ideal para cozinhas industriais. ATEN\u00c7\u00c3O: Os cortadores DAK devem ser lubrificados somente com \u00f3leo de m\u00e1quin<\/p>\n","protected":false},"featured_media":11776,"comment_status":"open","ping_status":"closed","template":"","meta":[],"product_brand":[],"product_cat":[399,444],"product_tag":[],"class_list":{"0":"post-11777","1":"product","2":"type-product","3":"status-publish","4":"has-post-thumbnail","6":"product_cat-cortador-de-legumes","7":"product_cat-utensilios","9":"first","10":"instock","11":"shipping-taxable","12":"purchasable","13":"product-type-simple"},"_links":{"self":[{"href":"https:\/\/twsites.com.br\/novomigcenter\/index.php?rest_route=\/wp\/v2\/product\/11777","targetHints":{"allow":["GET"]}}],"collection":[{"href":"https:\/\/twsites.com.br\/novomigcenter\/index.php?rest_route=\/wp\/v2\/product"}],"about":[{"href":"https:\/\/twsites.com.br\/novomigcenter\/index.php?rest_route=\/wp\/v2\/types\/product"}],"replies":[{"embeddable":true,"href":"https:\/\/twsites.com.br\/novomigcenter\/index.php?rest_route=%2Fwp%2Fv2%2Fcomments&post=11777"}],"wp:featuredmedia":[{"embeddable":true,"href":"https:\/\/twsites.com.br\/novomigcenter\/index.php?rest_route=\/wp\/v2\/media\/11776"}],"wp:attachment":[{"href":"https:\/\/twsites.com.br\/novomigcenter\/index.php?rest_route=%2Fwp%2Fv2%2Fmedia&parent=11777"}],"wp:term":[{"taxonomy":"product_brand","embeddable":true,"href":"https:\/\/twsites.com.br\/novomigcenter\/index.php?rest_route=%2Fwp%2Fv2%2Fproduct_brand&post=11777"},{"taxonomy":"product_cat","embeddable":true,"href":"https:\/\/twsites.com.br\/novomigcenter\/index.php?rest_route=%2Fwp%2Fv2%2Fproduct_cat&post=11777"},{"taxonomy":"product_tag","embeddable":true,"href":"https:\/\/twsites.com.br\/novomigcenter\/index.php?rest_route=%2Fwp%2Fv2%2Fproduct_tag&post=11777"}],"curies":[{"name":"wp","href":"https:\/\/api.w.org\/{rel}","templated":true}]}}