{"id":11783,"date":"2018-04-25T13:45:45","date_gmt":"2018-04-25T13:45:45","guid":{"rendered":"https:\/\/twsites.com.br\/novomigcenter\/?product=cortador-de-legumes-grande-dak"},"modified":"2018-04-25T13:45:45","modified_gmt":"2018-04-25T13:45:45","slug":"cortador-de-legumes-grande-dak","status":"publish","type":"product","link":"https:\/\/twsites.com.br\/novomigcenter\/?product=cortador-de-legumes-grande-dak","title":{"rendered":"Cortador de Legumes Grande &#8211; Dak"},"content":{"rendered":"<p><font face=\"Arial\"><span style=\"font-size: 14px;\">Modelo que conta com pr\u00e1tico trip\u00e9 e utiliza navalhas cambi\u00e1veis nos cortes de 6, 8, 10 e 12mm. Ideal para cozinhas industriais.<\/span><\/font><\/p>\n<p><img fetchpriority=\"high\" decoding=\"async\" src=\"http:\/\/www.dak.com.br\/_files\/view2.php\/resize\/600x1500\/pasta\/3\/51e94237a1662.png\" alt=\"\" width=\"200\" height=\"320\"><\/p>\n<\/p>\n<p>ATEN\u00c7\u00c3O: Os cortadores DAK devem ser lubrificados somente com \u00f3leo de m\u00e1quina.&nbsp;<\/p>\n","protected":false},"excerpt":{"rendered":"<p>Modelo que conta com pr\u00e1tico trip\u00e9 e utiliza navalhas cambi\u00e1veis nos cortes de 6, 8, 10 e 12mm. Ideal para cozinhas industriais. ATEN\u00c7\u00c3O: Os cortadores DAK devem ser lubrificados somente com \u00f3leo de m\u00e1quina.&nbsp;<\/p>\n","protected":false},"featured_media":11782,"comment_status":"open","ping_status":"closed","template":"","meta":[],"product_brand":[],"product_cat":[399,444],"product_tag":[],"class_list":{"0":"post-11783","1":"product","2":"type-product","3":"status-publish","4":"has-post-thumbnail","6":"product_cat-cortador-de-legumes","7":"product_cat-utensilios","9":"first","10":"instock","11":"shipping-taxable","12":"purchasable","13":"product-type-simple"},"_links":{"self":[{"href":"https:\/\/twsites.com.br\/novomigcenter\/index.php?rest_route=\/wp\/v2\/product\/11783","targetHints":{"allow":["GET"]}}],"collection":[{"href":"https:\/\/twsites.com.br\/novomigcenter\/index.php?rest_route=\/wp\/v2\/product"}],"about":[{"href":"https:\/\/twsites.com.br\/novomigcenter\/index.php?rest_route=\/wp\/v2\/types\/product"}],"replies":[{"embeddable":true,"href":"https:\/\/twsites.com.br\/novomigcenter\/index.php?rest_route=%2Fwp%2Fv2%2Fcomments&post=11783"}],"wp:featuredmedia":[{"embeddable":true,"href":"https:\/\/twsites.com.br\/novomigcenter\/index.php?rest_route=\/wp\/v2\/media\/11782"}],"wp:attachment":[{"href":"https:\/\/twsites.com.br\/novomigcenter\/index.php?rest_route=%2Fwp%2Fv2%2Fmedia&parent=11783"}],"wp:term":[{"taxonomy":"product_brand","embeddable":true,"href":"https:\/\/twsites.com.br\/novomigcenter\/index.php?rest_route=%2Fwp%2Fv2%2Fproduct_brand&post=11783"},{"taxonomy":"product_cat","embeddable":true,"href":"https:\/\/twsites.com.br\/novomigcenter\/index.php?rest_route=%2Fwp%2Fv2%2Fproduct_cat&post=11783"},{"taxonomy":"product_tag","embeddable":true,"href":"https:\/\/twsites.com.br\/novomigcenter\/index.php?rest_route=%2Fwp%2Fv2%2Fproduct_tag&post=11783"}],"curies":[{"name":"wp","href":"https:\/\/api.w.org\/{rel}","templated":true}]}}