{"id":11787,"date":"2018-04-25T13:52:57","date_gmt":"2018-04-25T13:52:57","guid":{"rendered":"https:\/\/twsites.com.br\/novomigcenter\/?product=cortador-de-legumes-de-mesa-pequeno-inox-vitalex"},"modified":"2018-04-25T13:52:57","modified_gmt":"2018-04-25T13:52:57","slug":"cortador-de-legumes-de-mesa-pequeno-inox-vitalex","status":"publish","type":"product","link":"https:\/\/twsites.com.br\/novomigcenter\/?product=cortador-de-legumes-de-mesa-pequeno-inox-vitalex","title":{"rendered":"Cortador de legumes de mesa pequeno inox &#8211; Vitalex"},"content":{"rendered":"<table class=\"avia-table avia-data-table avia-table-1  avia-builder-el-4  avia-builder-el-no-sibling  avia_pricing_default\" itemscope=\"itemscope\" itemtype=\"https:\/\/schema.org\/Table\">\n<tbody>\n<tr class=\"\">\n<th class=\"avia-desc-col\"><font face=\"Arial\"><span style=\"font-size: 14px;\">Modelo <\/span><\/font><\/th>\n<td class=\"\"><font face=\"Arial\"><span style=\"font-size: 14px;\">CLMI-FP<\/span><br \/><span style=\"font-size: 14px;\"> <\/span><\/font><\/td>\n<\/tr>\n<tr class=\"\">\n<th class=\"avia-desc-col\"><font face=\"Arial\"><span style=\"font-size: 14px;\">Corpo <\/span><\/font><\/th>\n<td class=\"\"><font face=\"Arial\"><span style=\"font-size: 14px;\"> Chapa de A\u00e7o Inox  <\/span><\/font><\/td>\n<\/tr>\n<tr class=\"\">\n<th class=\"avia-desc-col\"><font face=\"Arial\"><span style=\"font-size: 14px;\">Cabo <\/span><\/font><\/th>\n<td class=\"\"><font face=\"Arial\"><span style=\"font-size: 14px;\">Pl\u00e1stico de Engenharia <\/span><\/font><\/td>\n<\/tr>\n<tr class=\"\">\n<th class=\"avia-desc-col\"><font face=\"Arial\"><span style=\"font-size: 14px;\">Basculante <\/span><\/font><\/th>\n<td class=\"\"><font face=\"Arial\"><span style=\"font-size: 14px;\">Pl\u00e1stico de Engenharia <\/span><\/font><\/td>\n<\/tr>\n<tr class=\"\">\n<th class=\"avia-desc-col\"><font face=\"Arial\"><span style=\"font-size: 14px;\">Pintura <\/span><\/font><\/th>\n<td class=\"\"><font face=\"Arial\"><span style=\"font-size: 14px;\">\u2013<\/span><br \/><span style=\"font-size: 14px;\"> <\/span><\/font><\/td>\n<\/tr>\n<tr class=\"\">\n<th class=\"avia-desc-col\"><font face=\"Arial\"><span style=\"font-size: 14px;\">Colunas  <\/span><\/font><\/th>\n<td class=\"\"><font face=\"Arial\"><span style=\"font-size: 14px;\">A\u00e7o Trefilado Maci\u00e7o <\/span><\/font><\/td>\n<\/tr>\n<tr class=\"\">\n<th class=\"avia-desc-col\"><font face=\"Arial\"><span style=\"font-size: 14px;\">Facas <\/span><\/font><\/th>\n<td class=\"\"><font face=\"Arial\"><span style=\"font-size: 14px;\">A\u00e7o Inox Padr\u00e3o 10mm <\/span><\/font><\/td>\n<\/tr>\n<tr class=\"\">\n<th class=\"avia-desc-col\"><font face=\"Arial\"><span style=\"font-size: 14px;\">Fixa\u00e7\u00e3o <\/span><\/font><\/th>\n<td class=\"\"><font face=\"Arial\"><span style=\"font-size: 14px;\">\u2013<\/span><br \/><span style=\"font-size: 14px;\"> <\/span><\/font><\/td>\n<\/tr>\n<tr class=\"\">\n<th class=\"avia-desc-col\"><font face=\"Arial\"><span style=\"font-size: 14px;\">Alt. \/ Larg. \/ Prof  <\/span><\/font><\/th>\n<td class=\"\"><font face=\"Arial\"><span style=\"font-size: 14px;\">415 x 195 x 198mm<\/span><br \/><span style=\"font-size: 14px;\"> <\/span><\/font><\/td>\n<\/tr>\n<tr class=\"\">\n<th class=\"avia-desc-col\"><font face=\"Arial\"><span style=\"font-size: 14px;\">Peso L\u00edquido <\/span><\/font><\/th>\n<td class=\"\"><font face=\"Arial\"><span style=\"font-size: 14px;\">1,250kg<\/span><br \/><span style=\"font-size: 14px;\"> <\/span><\/font><\/td>\n<\/tr>\n<tr class=\"\">\n<th class=\"avia-desc-col\"><font face=\"Arial\"><span style=\"font-size: 14px;\">Opcional <\/span><\/font><\/th>\n<td class=\"\"><font face=\"Arial\"><span style=\"font-size: 14px;\">\u2013<\/span><\/font><\/td>\n<\/tr>\n<\/tbody>\n<\/table>\n","protected":false},"excerpt":{"rendered":"<p>Modelo CLMI-FP Corpo Chapa de A\u00e7o Inox Cabo Pl\u00e1stico de Engenharia Basculante Pl\u00e1stico de Engenharia Pintura \u2013 Colunas A\u00e7o Trefilado Maci\u00e7o Facas A\u00e7o Inox Padr\u00e3o 10mm Fixa\u00e7\u00e3o \u2013 Alt. \/ Larg. \/ Prof 415 x 195 x 198mm Peso L\u00edquido 1,250kg Opcional \u2013<\/p>\n","protected":false},"featured_media":11786,"comment_status":"open","ping_status":"closed","template":"","meta":[],"product_brand":[],"product_cat":[399,444],"product_tag":[],"class_list":{"0":"post-11787","1":"product","2":"type-product","3":"status-publish","4":"has-post-thumbnail","6":"product_cat-cortador-de-legumes","7":"product_cat-utensilios","9":"first","10":"instock","11":"shipping-taxable","12":"purchasable","13":"product-type-simple"},"_links":{"self":[{"href":"https:\/\/twsites.com.br\/novomigcenter\/index.php?rest_route=\/wp\/v2\/product\/11787","targetHints":{"allow":["GET"]}}],"collection":[{"href":"https:\/\/twsites.com.br\/novomigcenter\/index.php?rest_route=\/wp\/v2\/product"}],"about":[{"href":"https:\/\/twsites.com.br\/novomigcenter\/index.php?rest_route=\/wp\/v2\/types\/product"}],"replies":[{"embeddable":true,"href":"https:\/\/twsites.com.br\/novomigcenter\/index.php?rest_route=%2Fwp%2Fv2%2Fcomments&post=11787"}],"wp:featuredmedia":[{"embeddable":true,"href":"https:\/\/twsites.com.br\/novomigcenter\/index.php?rest_route=\/wp\/v2\/media\/11786"}],"wp:attachment":[{"href":"https:\/\/twsites.com.br\/novomigcenter\/index.php?rest_route=%2Fwp%2Fv2%2Fmedia&parent=11787"}],"wp:term":[{"taxonomy":"product_brand","embeddable":true,"href":"https:\/\/twsites.com.br\/novomigcenter\/index.php?rest_route=%2Fwp%2Fv2%2Fproduct_brand&post=11787"},{"taxonomy":"product_cat","embeddable":true,"href":"https:\/\/twsites.com.br\/novomigcenter\/index.php?rest_route=%2Fwp%2Fv2%2Fproduct_cat&post=11787"},{"taxonomy":"product_tag","embeddable":true,"href":"https:\/\/twsites.com.br\/novomigcenter\/index.php?rest_route=%2Fwp%2Fv2%2Fproduct_tag&post=11787"}],"curies":[{"name":"wp","href":"https:\/\/api.w.org\/{rel}","templated":true}]}}