{"id":11789,"date":"2018-04-25T13:55:16","date_gmt":"2018-04-25T13:55:16","guid":{"rendered":"https:\/\/twsites.com.br\/novomigcenter\/?product=cortador-de-legumes-de-mesa-pequeno-vitalex"},"modified":"2018-04-25T13:55:16","modified_gmt":"2018-04-25T13:55:16","slug":"cortador-de-legumes-de-mesa-pequeno-vitalex","status":"publish","type":"product","link":"https:\/\/twsites.com.br\/novomigcenter\/?product=cortador-de-legumes-de-mesa-pequeno-vitalex","title":{"rendered":"Cortador de Legumes de Mesa Pequeno &#8211; Vitalex"},"content":{"rendered":"<table class=\"avia-table avia-data-table avia-table-1  avia-builder-el-4  avia-builder-el-no-sibling  avia_pricing_default\" itemscope=\"itemscope\" itemtype=\"https:\/\/schema.org\/Table\">\n<tbody>\n<tr class=\"\">\n<th class=\"avia-desc-col\">Modelo <\/th>\n<td class=\"\">CLM-FP<\/td>\n<\/tr>\n<tr class=\"\">\n<th class=\"avia-desc-col\">Corpo <\/th>\n<td class=\"\"> Chapa de A\u00e7o  <\/td>\n<\/tr>\n<tr class=\"\">\n<th class=\"avia-desc-col\">Cabo <\/th>\n<td class=\"\">Pl\u00e1stico de Engenharia <\/td>\n<\/tr>\n<tr class=\"\">\n<th class=\"avia-desc-col\">Basculante <\/th>\n<td class=\"\">Pl\u00e1stico de Engenharia <\/td>\n<\/tr>\n<tr class=\"\">\n<th class=\"avia-desc-col\">Pintura <\/th>\n<td class=\"\">Eletrost\u00e1tica <\/td>\n<\/tr>\n<tr class=\"\">\n<th class=\"avia-desc-col\">Colunas  <\/th>\n<td class=\"\">A\u00e7o Trefilado Maci\u00e7o <\/td>\n<\/tr>\n<tr class=\"\">\n<th class=\"avia-desc-col\">Facas <\/th>\n<td class=\"\">A\u00e7o Inox Padr\u00e3o 10mm <\/td>\n<\/tr>\n<tr class=\"\">\n<th class=\"avia-desc-col\">Fixa\u00e7\u00e3o <\/th>\n<td class=\"\">\u2013 <\/td>\n<\/tr>\n<tr class=\"\">\n<th class=\"avia-desc-col\">Alt. \/ Larg. \/ Prof  <\/th>\n<td class=\"\">415 x 195 x 198mm <\/td>\n<\/tr>\n<tr class=\"\">\n<th class=\"avia-desc-col\">Peso L\u00edquido <\/th>\n<td class=\"\">1,250kg <\/td>\n<\/tr>\n<tr class=\"\">\n<th class=\"avia-desc-col\">Opcional <\/th>\n<td class=\"\">\u2013<\/td>\n<\/tr>\n<\/tbody>\n<\/table>\n","protected":false},"excerpt":{"rendered":"<p>Modelo CLM-FP Corpo Chapa de A\u00e7o Cabo Pl\u00e1stico de Engenharia Basculante Pl\u00e1stico de Engenharia Pintura Eletrost\u00e1tica Colunas A\u00e7o Trefilado Maci\u00e7o Facas A\u00e7o Inox Padr\u00e3o 10mm Fixa\u00e7\u00e3o \u2013 Alt. \/ Larg. \/ Prof 415 x 195 x 198mm Peso L\u00edquido 1,250kg Opcional \u2013<\/p>\n","protected":false},"featured_media":11788,"comment_status":"open","ping_status":"closed","template":"","meta":[],"product_brand":[],"product_cat":[399,444],"product_tag":[],"class_list":{"0":"post-11789","1":"product","2":"type-product","3":"status-publish","4":"has-post-thumbnail","6":"product_cat-cortador-de-legumes","7":"product_cat-utensilios","9":"first","10":"instock","11":"shipping-taxable","12":"purchasable","13":"product-type-simple"},"_links":{"self":[{"href":"https:\/\/twsites.com.br\/novomigcenter\/index.php?rest_route=\/wp\/v2\/product\/11789","targetHints":{"allow":["GET"]}}],"collection":[{"href":"https:\/\/twsites.com.br\/novomigcenter\/index.php?rest_route=\/wp\/v2\/product"}],"about":[{"href":"https:\/\/twsites.com.br\/novomigcenter\/index.php?rest_route=\/wp\/v2\/types\/product"}],"replies":[{"embeddable":true,"href":"https:\/\/twsites.com.br\/novomigcenter\/index.php?rest_route=%2Fwp%2Fv2%2Fcomments&post=11789"}],"wp:featuredmedia":[{"embeddable":true,"href":"https:\/\/twsites.com.br\/novomigcenter\/index.php?rest_route=\/wp\/v2\/media\/11788"}],"wp:attachment":[{"href":"https:\/\/twsites.com.br\/novomigcenter\/index.php?rest_route=%2Fwp%2Fv2%2Fmedia&parent=11789"}],"wp:term":[{"taxonomy":"product_brand","embeddable":true,"href":"https:\/\/twsites.com.br\/novomigcenter\/index.php?rest_route=%2Fwp%2Fv2%2Fproduct_brand&post=11789"},{"taxonomy":"product_cat","embeddable":true,"href":"https:\/\/twsites.com.br\/novomigcenter\/index.php?rest_route=%2Fwp%2Fv2%2Fproduct_cat&post=11789"},{"taxonomy":"product_tag","embeddable":true,"href":"https:\/\/twsites.com.br\/novomigcenter\/index.php?rest_route=%2Fwp%2Fv2%2Fproduct_tag&post=11789"}],"curies":[{"name":"wp","href":"https:\/\/api.w.org\/{rel}","templated":true}]}}