{"id":11796,"date":"2018-04-25T14:05:21","date_gmt":"2018-04-25T14:05:21","guid":{"rendered":"https:\/\/twsites.com.br\/novomigcenter\/?product=cortador-dee-legumes-medio-vitalex"},"modified":"2026-01-27T01:55:16","modified_gmt":"2026-01-27T01:55:16","slug":"cortador-dee-legumes-medio-vitalex","status":"publish","type":"product","link":"https:\/\/twsites.com.br\/novomigcenter\/?product=cortador-dee-legumes-medio-vitalex","title":{"rendered":"Cortador de Legumes M\u00e9dio &#8211; Vitalex"},"content":{"rendered":"<table class=\"avia-table avia-data-table avia-table-1  avia-builder-el-4  avia-builder-el-no-sibling  avia_pricing_default\" itemscope=\"itemscope\" itemtype=\"https:\/\/schema.org\/Table\">\n<tbody>\n<tr class=\"\">\n<th class=\"avia-desc-col\"><font face=\"Arial\"><span style=\"font-size: 14px;\">Modelo <\/span><\/font><\/th>\n<td class=\"\"><font face=\"Arial\"><span style=\"font-size: 14px;\">CM-FP<\/span><\/font><\/td>\n<\/tr>\n<tr class=\"\">\n<th class=\"avia-desc-col\"><font face=\"Arial\"><span style=\"font-size: 14px;\">Corpo <\/span><\/font><\/th>\n<td class=\"\"><font face=\"Arial\"><span style=\"font-size: 14px;\"> Alum\u00ednio Fundido  <\/span><\/font><\/td>\n<\/tr>\n<tr class=\"\">\n<th class=\"avia-desc-col\"><font face=\"Arial\"><span style=\"font-size: 14px;\">Cabo <\/span><\/font><\/th>\n<td class=\"\"><font face=\"Arial\"><span style=\"font-size: 14px;\"> Alum\u00ednio Fundido  <\/span><\/font><\/td>\n<\/tr>\n<tr class=\"\">\n<th class=\"avia-desc-col\"><font face=\"Arial\"><span style=\"font-size: 14px;\">Basculante <\/span><\/font><\/th>\n<td class=\"\"><font face=\"Arial\"><span style=\"font-size: 14px;\"> Alum\u00ednio Fundido  <\/span><\/font><\/td>\n<\/tr>\n<tr class=\"\">\n<th class=\"avia-desc-col\"><font face=\"Arial\"><span style=\"font-size: 14px;\">Pintura <\/span><\/font><\/th>\n<td class=\"\"><font face=\"Arial\"><span style=\"font-size: 14px;\">Eletrost\u00e1tica <\/span><\/font><\/td>\n<\/tr>\n<tr class=\"\">\n<th class=\"avia-desc-col\"><font face=\"Arial\"><span style=\"font-size: 14px;\">Colunas  <\/span><\/font><\/th>\n<td class=\"\"><font face=\"Arial\"><span style=\"font-size: 14px;\"> Tubo de A\u00e7o 5\/8 <\/span><\/font><\/td>\n<\/tr>\n<tr class=\"\">\n<th class=\"avia-desc-col\"><font face=\"Arial\"><span style=\"font-size: 14px;\">Facas <\/span><\/font><\/th>\n<td class=\"\"><font face=\"Arial\"><span style=\"font-size: 14px;\">A\u00e7o Inox 10mm <\/span><\/font><\/td>\n<\/tr>\n<tr class=\"\">\n<th class=\"avia-desc-col\"><font face=\"Arial\"><span style=\"font-size: 14px;\">Fixa\u00e7\u00e3o <\/span><\/font><\/th>\n<td class=\"\"><font face=\"Arial\"><span style=\"font-size: 14px;\">P\u00e9s \u2013 Tubo A\u00e7o 5\/8 <\/span><\/font><\/td>\n<\/tr>\n<tr class=\"\">\n<th class=\"avia-desc-col\"><font face=\"Arial\"><span style=\"font-size: 14px;\">Alt. \/ Larg. \/ Prof  <\/span><\/font><\/th>\n<td class=\"\"><font face=\"Arial\"><span style=\"font-size: 14px;\">530 x 245 x 370mm<\/span><\/font><\/td>\n<\/tr>\n<tr class=\"\">\n<th class=\"avia-desc-col\"><font face=\"Arial\"><span style=\"font-size: 14px;\">Peso L\u00edquido <\/span><\/font><\/th>\n<td class=\"\"><font face=\"Arial\"><span style=\"font-size: 14px;\">1,940kg<\/span><\/font><\/td>\n<\/tr>\n<tr class=\"\">\n<th class=\"avia-desc-col\"><font face=\"Arial\"><span style=\"font-size: 14px;\">Opcional<\/span><\/font><\/th>\n<td class=\"\"><font face=\"Arial\"><span style=\"font-size: 14px;\">Faca A\u00e7o Inox 6mm<\/span><\/font><\/td>\n<\/tr>\n<\/tbody>\n<\/table>\n","protected":false},"excerpt":{"rendered":"<p>Modelo CM-FP Corpo Alum\u00ednio Fundido Cabo Alum\u00ednio Fundido Basculante Alum\u00ednio Fundido Pintura Eletrost\u00e1tica Colunas Tubo de A\u00e7o 5\/8 Facas A\u00e7o Inox 10mm Fixa\u00e7\u00e3o P\u00e9s \u2013 Tubo A\u00e7o 5\/8 Alt. \/ Larg. \/ Prof 530 x 245 x 370mm Peso L\u00edquido 1,940kg Opcional Faca A\u00e7o Inox 6mm<\/p>\n","protected":false},"featured_media":11795,"comment_status":"open","ping_status":"closed","template":"","meta":[],"product_brand":[],"product_cat":[399,444],"product_tag":[],"class_list":{"0":"post-11796","1":"product","2":"type-product","3":"status-publish","4":"has-post-thumbnail","6":"product_cat-cortador-de-legumes","7":"product_cat-utensilios","9":"first","10":"instock","11":"shipping-taxable","12":"purchasable","13":"product-type-simple"},"_links":{"self":[{"href":"https:\/\/twsites.com.br\/novomigcenter\/index.php?rest_route=\/wp\/v2\/product\/11796","targetHints":{"allow":["GET"]}}],"collection":[{"href":"https:\/\/twsites.com.br\/novomigcenter\/index.php?rest_route=\/wp\/v2\/product"}],"about":[{"href":"https:\/\/twsites.com.br\/novomigcenter\/index.php?rest_route=\/wp\/v2\/types\/product"}],"replies":[{"embeddable":true,"href":"https:\/\/twsites.com.br\/novomigcenter\/index.php?rest_route=%2Fwp%2Fv2%2Fcomments&post=11796"}],"wp:featuredmedia":[{"embeddable":true,"href":"https:\/\/twsites.com.br\/novomigcenter\/index.php?rest_route=\/wp\/v2\/media\/11795"}],"wp:attachment":[{"href":"https:\/\/twsites.com.br\/novomigcenter\/index.php?rest_route=%2Fwp%2Fv2%2Fmedia&parent=11796"}],"wp:term":[{"taxonomy":"product_brand","embeddable":true,"href":"https:\/\/twsites.com.br\/novomigcenter\/index.php?rest_route=%2Fwp%2Fv2%2Fproduct_brand&post=11796"},{"taxonomy":"product_cat","embeddable":true,"href":"https:\/\/twsites.com.br\/novomigcenter\/index.php?rest_route=%2Fwp%2Fv2%2Fproduct_cat&post=11796"},{"taxonomy":"product_tag","embeddable":true,"href":"https:\/\/twsites.com.br\/novomigcenter\/index.php?rest_route=%2Fwp%2Fv2%2Fproduct_tag&post=11796"}],"curies":[{"name":"wp","href":"https:\/\/api.w.org\/{rel}","templated":true}]}}