{"id":11800,"date":"2018-04-25T14:31:26","date_gmt":"2018-04-25T14:31:26","guid":{"rendered":"https:\/\/twsites.com.br\/novomigcenter\/?product=garrafa-termica-termolar-magic-pump-1-8l"},"modified":"2018-04-25T14:31:26","modified_gmt":"2018-04-25T14:31:26","slug":"garrafa-termica-termolar-magic-pump-1-8l","status":"publish","type":"product","link":"https:\/\/twsites.com.br\/novomigcenter\/?product=garrafa-termica-termolar-magic-pump-1-8l","title":{"rendered":"Garrafa T\u00e9rmica Termolar Magic Pump 1.8L"},"content":{"rendered":"<div class=\"area-descricao\" itemprop=\"description\">\n<p>A Magic Pump \u00e9 uma garrafa t\u00e9rmica de bomba com exclusivo  sistema que n\u00e3o pinga. \u00c9 um produto injetado, o que proporciona maior  resist\u00eancia e alto brilho, lhe atribuindo mais beleza, ideal para  acompanhar a rotina di\u00e1ria em casa ou no trabalho, apenas com a pr\u00f3pria  companhia ou rodeado por quem voc\u00ea ama. Com a confian\u00e7a e qualidade dos  produtos Termolar, apresenta conserva\u00e7\u00e3o t\u00e9rmica diferenciada, o que  garantir\u00e1 l\u00edquidos quentes ou frios por muito mais tempo.<\/p>\n<ul>\n<li>N\u00e3o pinga<\/li>\n<li>Jato forte e estabilidade ao bombear<\/li>\n<\/ul>\n<p>ATEN\u00c7\u00c3O: Garrafas com bomba devem ser usadas na vertical. N\u00c3O inclinar e\/ou deitar a garrafa.<\/p>\n<\/p><\/div>\n<\/p>\n<div class=\"area-caracteristicas half\">\n<h3 class=\"main-title\"> \t\t\t\t\t\t\t\t\tCaracter\u00edsticas \t\t\t\t\t\t\t\t<\/h3>\n<table class=\"tabela-caracteriscticas\" cellspacing=\"0\" border=\"0\">\n<tbody>\n<tr class=\"sep\"><\/tr>\n<tr>\n<td class=\"informacoes-titulo\">Peso:<\/td>\n<td> \t\t                                \t\t1160\t\t                                \t<\/td>\n<\/tr>\n<tr>\n<td class=\"informacoes-titulo\">Medidas (A x L x C):<\/td>\n<td> \t\t                                \t\t42 x 15 x 16\t\t                                \t<\/td>\n<\/tr>\n<tr>\n<td class=\"informacoes-titulo\">Modelo:<\/td>\n<td> \t\t                                \t\tMagic Pump Preta\t\t                                \t<\/td>\n<\/tr>\n<tr>\n<td class=\"informacoes-titulo\">Item:<\/td>\n<td> \t\t                                \t\t55484\t\t                                \t<\/td>\n<\/tr>\n<tr>\n<td class=\"informacoes-titulo\">Capacidade<\/td>\n<td> \t\t                                    \t\t\t                                         \t\t                                        \t\t\t\t\t\t\t\t\t\t\t\t \t\t\t\t\t\t\t\t\t\t\t\t1.8L\t\t\t\t\t\t\t\t\t\t\t\t \t\t\t\t\t\t\t\t\t\t\t\t \t\t\t\t\t\t\t\t\t\t\t\t\t\t                                    <\/td>\n<\/tr>\n<tr>\n<td class=\"informacoes-titulo\">Categoria de Produto<\/td>\n<td> \t\t                                    \t\t\t                                         \t\t                                        \t\t\t\t\t\t\t\t\t\t\t\t \t\t\t\t\t\t\t\t\t\t\t\tGarrafa T\u00e9rmica\t\t\t\t\t\t\t\t\t\t\t\t \t\t\t\t\t\t\t\t\t\t\t\t \t\t\t\t\t\t\t\t\t\t\t\t\t\t                                    <\/td>\n<\/tr>\n<tr>\n<td class=\"informacoes-titulo\">Conserva\u00e7\u00e3o T\u00e9rmica<\/td>\n<td> \t\t                                    \t\t\t                                         \t\t                                        \t\t\t\t\t\t\t\t\t\t\t\t \t\t\t\t\t\t\t\t\t\t\t\t6h\t\t\t\t\t\t\t\t\t\t\t\t \t\t\t\t\t\t\t\t\t\t\t\t \t\t\t\t\t\t\t\t\t\t\t\t\t\t                                    <\/td>\n<\/tr>\n<tr>\n<td class=\"informacoes-titulo\">Isolamento T\u00e9rmico<\/td>\n<td> \t\t                                    \t\t\t                                         \t\t                                        \t\t\t\t\t\t\t\t\t\t\t\t \t\t\t\t\t\t\t\t\t\t\t\tAmpola de Vidro\t\t\t\t\t\t\t\t\t\t\t\t \t\t\t\t\t\t\t\t\t\t\t\t \t\t\t\t\t\t\t\t\t\t\t\t\t\t                                    <\/td>\n<\/tr>\n<tr>\n<td class=\"informacoes-titulo\">Material At\u00f3xico<\/td>\n<td> \t\t                                    \t\t\t                                         \t\t                                        \t\t\t\t\t\t\t\t\t\t\t\t \t\t\t\t\t\t\t\t\t\t\t\tSim\t\t\t\t\t\t\t\t\t\t\t\t \t\t\t\t\t\t\t\t\t\t\t\t \t\t\t\t\t\t\t\t\t\t\t\t\t\t                                    <\/td>\n<\/tr>\n<tr>\n<td class=\"informacoes-titulo\">Material Externo<\/td>\n<td> \t\t                                    \t\t\t                                         \t\t                                        \t\t\t\t\t\t\t\t\t\t\t\t \t\t\t\t\t\t\t\t\t\t\t\tPl\u00e1stico\t\t\t\t\t\t\t\t\t\t\t\t \t\t\t\t\t\t\t\t\t\t\t\t \t\t\t\t\t\t\t\t\t\t\t\t\t\t                                    <\/td>\n<\/tr>\n<tr>\n<td class=\"informacoes-titulo\">Sistema de Servir<\/td>\n<td> \t\t                                    \t\t\t                                         \t\t                                        \t\t\t\t\t\t\t\t\t\t\t\t \t\t\t\t\t\t\t\t\t\t\t\tBomba de press\u00e3o\t\t\t\t\t\t\t\t\t\t\t\t \t\t\t\t\t\t\t\t\t\t\t\t \t\t\t\t\t\t\t\t\t\t\t\t\t\t                                    <\/td>\n<\/tr>\n<tr>\n<td class=\"informacoes-titulo\">Uso<\/td>\n<td> \t\t                                    \t\t\t                                         \t\t                                        \t\t\t\t\t\t\t\t\t\t\t\t \t\t\t\t\t\t\t\t\t\t\t\tLar\t\t\t\t\t\t\t\t\t\t\t\t \t\t\t\t\t\t\t\t\t\t\t\t \t\t\t\t\t\t\t\t\t\t\t\t\t\t                                         \t\t                                        \t\t\t\t\t\t\t\t\t\t\t\t \t\t\t\t\t\t\t\t\t\t\t\tOffice &nbsp; &nbsp; &nbsp; &nbsp; &nbsp; &nbsp; &nbsp; &nbsp; &nbsp; &nbsp; &nbsp; &nbsp; &nbsp; &nbsp; &nbsp; &nbsp; &nbsp; &nbsp; &nbsp; &nbsp; &nbsp; &nbsp; &nbsp; &nbsp; &nbsp; &nbsp; &nbsp; &nbsp; &nbsp; &nbsp; &nbsp; &nbsp; &nbsp; &nbsp; &nbsp; &nbsp; &nbsp; &nbsp;<\/td>\n<\/tr>\n<\/tbody>\n<\/table>\n<\/div>\n","protected":false},"excerpt":{"rendered":"<p>A Magic Pump \u00e9 uma garrafa t\u00e9rmica de bomba com exclusivo sistema que n\u00e3o pinga. \u00c9 um produto injetado, o que proporciona maior resist\u00eancia e alto brilho, lhe atribuindo mais beleza, ideal para acompanhar a rotina di\u00e1ria em casa ou no trabalho, apenas com a pr\u00f3pria companhia ou rodeado por quem voc\u00ea ama. Com a [&hellip;]<\/p>\n","protected":false},"featured_media":11799,"comment_status":"open","ping_status":"closed","template":"","meta":[],"product_brand":[],"product_cat":[372,444],"product_tag":[],"class_list":{"0":"post-11800","1":"product","2":"type-product","3":"status-publish","4":"has-post-thumbnail","6":"product_cat-garrafa-termica","7":"product_cat-utensilios","9":"first","10":"instock","11":"shipping-taxable","12":"purchasable","13":"product-type-simple"},"_links":{"self":[{"href":"https:\/\/twsites.com.br\/novomigcenter\/index.php?rest_route=\/wp\/v2\/product\/11800","targetHints":{"allow":["GET"]}}],"collection":[{"href":"https:\/\/twsites.com.br\/novomigcenter\/index.php?rest_route=\/wp\/v2\/product"}],"about":[{"href":"https:\/\/twsites.com.br\/novomigcenter\/index.php?rest_route=\/wp\/v2\/types\/product"}],"replies":[{"embeddable":true,"href":"https:\/\/twsites.com.br\/novomigcenter\/index.php?rest_route=%2Fwp%2Fv2%2Fcomments&post=11800"}],"wp:featuredmedia":[{"embeddable":true,"href":"https:\/\/twsites.com.br\/novomigcenter\/index.php?rest_route=\/wp\/v2\/media\/11799"}],"wp:attachment":[{"href":"https:\/\/twsites.com.br\/novomigcenter\/index.php?rest_route=%2Fwp%2Fv2%2Fmedia&parent=11800"}],"wp:term":[{"taxonomy":"product_brand","embeddable":true,"href":"https:\/\/twsites.com.br\/novomigcenter\/index.php?rest_route=%2Fwp%2Fv2%2Fproduct_brand&post=11800"},{"taxonomy":"product_cat","embeddable":true,"href":"https:\/\/twsites.com.br\/novomigcenter\/index.php?rest_route=%2Fwp%2Fv2%2Fproduct_cat&post=11800"},{"taxonomy":"product_tag","embeddable":true,"href":"https:\/\/twsites.com.br\/novomigcenter\/index.php?rest_route=%2Fwp%2Fv2%2Fproduct_tag&post=11800"}],"curies":[{"name":"wp","href":"https:\/\/api.w.org\/{rel}","templated":true}]}}