{"id":11808,"date":"2018-04-25T14:59:34","date_gmt":"2018-04-25T14:59:34","guid":{"rendered":"https:\/\/twsites.com.br\/novomigcenter\/?product=lixeira-30-litros-com-pedal-jaguar"},"modified":"2018-04-25T14:59:34","modified_gmt":"2018-04-25T14:59:34","slug":"lixeira-30-litros-com-pedal-jaguar","status":"publish","type":"product","link":"https:\/\/twsites.com.br\/novomigcenter\/?product=lixeira-30-litros-com-pedal-jaguar","title":{"rendered":"Lixeira 30 Litros com pedal Jaguar"},"content":{"rendered":"<div class=\"product-description-text-content product-tab-content\">\n<p><font face=\"Arial\">Caracter\u00edsticas: Ideal para utiliza\u00e7\u00e3o em resid\u00eancias, consult\u00f3rios m\u00e9dicos e  odontol\u00f3gicos. A lixeira plastica \u00e9 ideal para dar eleg\u00e2ncia e  praticidade no descarte de lixos.<\/font><\/p>\n<p><font face=\"Arial\"><b>Dimens\u00f5es:<\/b><\/font><\/p>\n<p><font face=\"Arial\"><b>Peso: <\/b>1,950<\/font><\/p>\n<p><font face=\"Arial\"><b>Altura:<\/b> 49 cm<\/font><\/p>\n<p><font face=\"Arial\"><b>Largura:<\/b> 41 cm<\/font><\/p>\n<p><font face=\"Arial\"><b>Profundidade: <\/b>43 cm<\/font><\/p>\n<\/div>\n","protected":false},"excerpt":{"rendered":"<p>Caracter\u00edsticas: Ideal para utiliza\u00e7\u00e3o em resid\u00eancias, consult\u00f3rios m\u00e9dicos e odontol\u00f3gicos. A lixeira plastica \u00e9 ideal para dar eleg\u00e2ncia e praticidade no descarte de lixos. Dimens\u00f5es: Peso: 1,950 Altura: 49 cm Largura: 41 cm Profundidade: 43 cm<\/p>\n","protected":false},"featured_media":11807,"comment_status":"open","ping_status":"closed","template":"","meta":[],"product_brand":[],"product_cat":[373,444],"product_tag":[],"class_list":{"0":"post-11808","1":"product","2":"type-product","3":"status-publish","4":"has-post-thumbnail","6":"product_cat-lixeira","7":"product_cat-utensilios","9":"first","10":"instock","11":"shipping-taxable","12":"purchasable","13":"product-type-simple"},"_links":{"self":[{"href":"https:\/\/twsites.com.br\/novomigcenter\/index.php?rest_route=\/wp\/v2\/product\/11808","targetHints":{"allow":["GET"]}}],"collection":[{"href":"https:\/\/twsites.com.br\/novomigcenter\/index.php?rest_route=\/wp\/v2\/product"}],"about":[{"href":"https:\/\/twsites.com.br\/novomigcenter\/index.php?rest_route=\/wp\/v2\/types\/product"}],"replies":[{"embeddable":true,"href":"https:\/\/twsites.com.br\/novomigcenter\/index.php?rest_route=%2Fwp%2Fv2%2Fcomments&post=11808"}],"wp:featuredmedia":[{"embeddable":true,"href":"https:\/\/twsites.com.br\/novomigcenter\/index.php?rest_route=\/wp\/v2\/media\/11807"}],"wp:attachment":[{"href":"https:\/\/twsites.com.br\/novomigcenter\/index.php?rest_route=%2Fwp%2Fv2%2Fmedia&parent=11808"}],"wp:term":[{"taxonomy":"product_brand","embeddable":true,"href":"https:\/\/twsites.com.br\/novomigcenter\/index.php?rest_route=%2Fwp%2Fv2%2Fproduct_brand&post=11808"},{"taxonomy":"product_cat","embeddable":true,"href":"https:\/\/twsites.com.br\/novomigcenter\/index.php?rest_route=%2Fwp%2Fv2%2Fproduct_cat&post=11808"},{"taxonomy":"product_tag","embeddable":true,"href":"https:\/\/twsites.com.br\/novomigcenter\/index.php?rest_route=%2Fwp%2Fv2%2Fproduct_tag&post=11808"}],"curies":[{"name":"wp","href":"https:\/\/api.w.org\/{rel}","templated":true}]}}