{"id":11810,"date":"2018-04-25T15:01:26","date_gmt":"2018-04-25T15:01:26","guid":{"rendered":"https:\/\/twsites.com.br\/novomigcenter\/?product=lixeira-10-litros-com-suporte-jaguar"},"modified":"2018-04-25T15:01:26","modified_gmt":"2018-04-25T15:01:26","slug":"lixeira-10-litros-com-suporte-jaguar","status":"publish","type":"product","link":"https:\/\/twsites.com.br\/novomigcenter\/?product=lixeira-10-litros-com-suporte-jaguar","title":{"rendered":"Lixeira 10 Litros com Suporte Jaguar"},"content":{"rendered":"<div class=\"product-description-text-content product-tab-content\">\n<p>Caracter\u00edsticas:<\/p>\n<p>deal para utiliza\u00e7\u00e3o em resid\u00eancias, consult\u00f3rios m\u00e9dicos e  odontol\u00f3gicos. A lixeira plastica \u00e9 ideal para dar eleg\u00e2ncia e  praticidade no descarte de lixos.<\/p>\n<p>Dimens\u00f5es:<\/p>\n<p>Peso: 1,200<\/p>\n<p>Altura: 36 cm<\/p>\n<p>Largura: 30 cm<\/p>\n<p>Profundidade: 35 cm<\/p>\n<\/div>\n","protected":false},"excerpt":{"rendered":"<p>Caracter\u00edsticas: deal para utiliza\u00e7\u00e3o em resid\u00eancias, consult\u00f3rios m\u00e9dicos e odontol\u00f3gicos. A lixeira plastica \u00e9 ideal para dar eleg\u00e2ncia e praticidade no descarte de lixos. Dimens\u00f5es: Peso: 1,200 Altura: 36 cm Largura: 30 cm Profundidade: 35 cm<\/p>\n","protected":false},"featured_media":11809,"comment_status":"open","ping_status":"closed","template":"","meta":[],"product_brand":[],"product_cat":[373,444],"product_tag":[],"class_list":{"0":"post-11810","1":"product","2":"type-product","3":"status-publish","4":"has-post-thumbnail","6":"product_cat-lixeira","7":"product_cat-utensilios","9":"first","10":"instock","11":"shipping-taxable","12":"purchasable","13":"product-type-simple"},"_links":{"self":[{"href":"https:\/\/twsites.com.br\/novomigcenter\/index.php?rest_route=\/wp\/v2\/product\/11810","targetHints":{"allow":["GET"]}}],"collection":[{"href":"https:\/\/twsites.com.br\/novomigcenter\/index.php?rest_route=\/wp\/v2\/product"}],"about":[{"href":"https:\/\/twsites.com.br\/novomigcenter\/index.php?rest_route=\/wp\/v2\/types\/product"}],"replies":[{"embeddable":true,"href":"https:\/\/twsites.com.br\/novomigcenter\/index.php?rest_route=%2Fwp%2Fv2%2Fcomments&post=11810"}],"wp:featuredmedia":[{"embeddable":true,"href":"https:\/\/twsites.com.br\/novomigcenter\/index.php?rest_route=\/wp\/v2\/media\/11809"}],"wp:attachment":[{"href":"https:\/\/twsites.com.br\/novomigcenter\/index.php?rest_route=%2Fwp%2Fv2%2Fmedia&parent=11810"}],"wp:term":[{"taxonomy":"product_brand","embeddable":true,"href":"https:\/\/twsites.com.br\/novomigcenter\/index.php?rest_route=%2Fwp%2Fv2%2Fproduct_brand&post=11810"},{"taxonomy":"product_cat","embeddable":true,"href":"https:\/\/twsites.com.br\/novomigcenter\/index.php?rest_route=%2Fwp%2Fv2%2Fproduct_cat&post=11810"},{"taxonomy":"product_tag","embeddable":true,"href":"https:\/\/twsites.com.br\/novomigcenter\/index.php?rest_route=%2Fwp%2Fv2%2Fproduct_tag&post=11810"}],"curies":[{"name":"wp","href":"https:\/\/api.w.org\/{rel}","templated":true}]}}