{"id":11812,"date":"2018-04-25T15:03:01","date_gmt":"2018-04-25T15:03:01","guid":{"rendered":"https:\/\/twsites.com.br\/novomigcenter\/?product=lixeira-com-pedal-retangular-25lt-marfinite"},"modified":"2018-04-25T15:03:01","modified_gmt":"2018-04-25T15:03:01","slug":"lixeira-com-pedal-retangular-25lt-marfinite","status":"publish","type":"product","link":"https:\/\/twsites.com.br\/novomigcenter\/?product=lixeira-com-pedal-retangular-25lt-marfinite","title":{"rendered":"Lixeira com Pedal Retangular 25LT -Marfinite"},"content":{"rendered":"<div class=\"product-description-text-content product-tab-content\">\n<p><font face=\"Arial\"><b>Carater\u00edsticas:<\/b><\/font><\/p>\n<p><font face=\"Arial\"><b>Capacidade:&nbsp;<\/b><\/font><span style=\"font-family: Arial;\">25 Litros<\/span><\/p>\n<p><font face=\"Arial\"><b>Cor:<\/b>&nbsp;<\/font><span style=\"font-family: Arial;\">Branco<\/span><\/p>\n<p><font face=\"Arial\"><b>Mat\u00e9ria prima:<\/b>&nbsp;<\/font><span style=\"font-family: Arial;\">PP &#8211; Polipropileno<\/span><\/p>\n<p><font face=\"Arial\"><b>Dimens\u00f5es:&nbsp;<\/b><\/font><span style=\"font-family: Arial;\">Peso: 2,612 Kg<\/span><\/p>\n<p><font face=\"Arial\"><b>Altura: <\/b>53 cm<\/font><\/p>\n<p><font face=\"Arial\"><b>Largura: <\/b>35 cm<\/font><\/p>\n<p><font face=\"Arial\"><b>Profundidade: <\/b>29 cm<\/font><\/p>\n<\/div>\n","protected":false},"excerpt":{"rendered":"<p>Carater\u00edsticas: Capacidade:&nbsp;25 Litros Cor:&nbsp;Branco Mat\u00e9ria prima:&nbsp;PP &#8211; Polipropileno Dimens\u00f5es:&nbsp;Peso: 2,612 Kg Altura: 53 cm Largura: 35 cm Profundidade: 29 cm<\/p>\n","protected":false},"featured_media":11811,"comment_status":"open","ping_status":"closed","template":"","meta":[],"product_brand":[],"product_cat":[373,444],"product_tag":[],"class_list":{"0":"post-11812","1":"product","2":"type-product","3":"status-publish","4":"has-post-thumbnail","6":"product_cat-lixeira","7":"product_cat-utensilios","9":"first","10":"instock","11":"shipping-taxable","12":"purchasable","13":"product-type-simple"},"_links":{"self":[{"href":"https:\/\/twsites.com.br\/novomigcenter\/index.php?rest_route=\/wp\/v2\/product\/11812","targetHints":{"allow":["GET"]}}],"collection":[{"href":"https:\/\/twsites.com.br\/novomigcenter\/index.php?rest_route=\/wp\/v2\/product"}],"about":[{"href":"https:\/\/twsites.com.br\/novomigcenter\/index.php?rest_route=\/wp\/v2\/types\/product"}],"replies":[{"embeddable":true,"href":"https:\/\/twsites.com.br\/novomigcenter\/index.php?rest_route=%2Fwp%2Fv2%2Fcomments&post=11812"}],"wp:featuredmedia":[{"embeddable":true,"href":"https:\/\/twsites.com.br\/novomigcenter\/index.php?rest_route=\/wp\/v2\/media\/11811"}],"wp:attachment":[{"href":"https:\/\/twsites.com.br\/novomigcenter\/index.php?rest_route=%2Fwp%2Fv2%2Fmedia&parent=11812"}],"wp:term":[{"taxonomy":"product_brand","embeddable":true,"href":"https:\/\/twsites.com.br\/novomigcenter\/index.php?rest_route=%2Fwp%2Fv2%2Fproduct_brand&post=11812"},{"taxonomy":"product_cat","embeddable":true,"href":"https:\/\/twsites.com.br\/novomigcenter\/index.php?rest_route=%2Fwp%2Fv2%2Fproduct_cat&post=11812"},{"taxonomy":"product_tag","embeddable":true,"href":"https:\/\/twsites.com.br\/novomigcenter\/index.php?rest_route=%2Fwp%2Fv2%2Fproduct_tag&post=11812"}],"curies":[{"name":"wp","href":"https:\/\/api.w.org\/{rel}","templated":true}]}}