{"id":11814,"date":"2018-04-25T15:09:26","date_gmt":"2018-04-25T15:09:26","guid":{"rendered":"https:\/\/twsites.com.br\/novomigcenter\/?product=lixeira-com-pedal-retangular-15lt-marfinite"},"modified":"2018-04-25T15:09:26","modified_gmt":"2018-04-25T15:09:26","slug":"lixeira-com-pedal-retangular-15lt-marfinite","status":"publish","type":"product","link":"https:\/\/twsites.com.br\/novomigcenter\/?product=lixeira-com-pedal-retangular-15lt-marfinite","title":{"rendered":"Lixeira com Pedal Retangular 15LT Marfinite"},"content":{"rendered":"<div class=\"heading-content\">\n<h3 class=\"product-description-heading\"><font face=\"Arial\">Descri\u00e7\u00e3o do produto                             <\/font><\/h3>\n<\/p><\/div>\n<\/p>\n<div class=\"product-description-text-content product-tab-content\">\n<p><font face=\"Arial\"><b>Carater\u00edsticas:<\/b><\/font><\/p>\n<p><font face=\"Arial\"><b>Capacidade:&nbsp;<\/b><\/font><span style=\"font-family: Arial;\">15 Litros<\/span><\/p>\n<p><font face=\"Arial\"><b>Cor:&nbsp;<\/b><\/font><span style=\"font-family: Arial;\">Branco<\/span><\/p>\n<p><font face=\"Arial\"><b>Mat\u00e9ria prima:<\/b>&nbsp;<\/font><span style=\"font-family: Arial;\">PP &#8211; Polipropileno<\/span><\/p>\n<p><font face=\"Arial\"><b>Dimens\u00f5es:<\/b>&nbsp;<\/font><span style=\"font-family: Arial;\">Peso: 1,829 Kg<\/span><\/p>\n<p><font face=\"Arial\"><b>Altura:<\/b> 40 cm<\/font><\/p>\n<p><font face=\"Arial\"><b>Largura:<\/b> 33 cm<\/font><\/p>\n<p><font face=\"Arial\"><b>Profundidade: <\/b>31 cm<\/font><\/p>\n<\/div>\n","protected":false},"excerpt":{"rendered":"<p>Descri\u00e7\u00e3o do produto Carater\u00edsticas: Capacidade:&nbsp;15 Litros Cor:&nbsp;Branco Mat\u00e9ria prima:&nbsp;PP &#8211; Polipropileno Dimens\u00f5es:&nbsp;Peso: 1,829 Kg Altura: 40 cm Largura: 33 cm Profundidade: 31 cm<\/p>\n","protected":false},"featured_media":11813,"comment_status":"open","ping_status":"closed","template":"","meta":[],"product_brand":[],"product_cat":[373,444],"product_tag":[453],"class_list":{"0":"post-11814","1":"product","2":"type-product","3":"status-publish","4":"has-post-thumbnail","6":"product_cat-lixeira","7":"product_cat-utensilios","8":"product_tag-lixeira-com-pedal-retangular-15lt-marfinite","10":"first","11":"instock","12":"shipping-taxable","13":"purchasable","14":"product-type-simple"},"_links":{"self":[{"href":"https:\/\/twsites.com.br\/novomigcenter\/index.php?rest_route=\/wp\/v2\/product\/11814","targetHints":{"allow":["GET"]}}],"collection":[{"href":"https:\/\/twsites.com.br\/novomigcenter\/index.php?rest_route=\/wp\/v2\/product"}],"about":[{"href":"https:\/\/twsites.com.br\/novomigcenter\/index.php?rest_route=\/wp\/v2\/types\/product"}],"replies":[{"embeddable":true,"href":"https:\/\/twsites.com.br\/novomigcenter\/index.php?rest_route=%2Fwp%2Fv2%2Fcomments&post=11814"}],"wp:featuredmedia":[{"embeddable":true,"href":"https:\/\/twsites.com.br\/novomigcenter\/index.php?rest_route=\/wp\/v2\/media\/11813"}],"wp:attachment":[{"href":"https:\/\/twsites.com.br\/novomigcenter\/index.php?rest_route=%2Fwp%2Fv2%2Fmedia&parent=11814"}],"wp:term":[{"taxonomy":"product_brand","embeddable":true,"href":"https:\/\/twsites.com.br\/novomigcenter\/index.php?rest_route=%2Fwp%2Fv2%2Fproduct_brand&post=11814"},{"taxonomy":"product_cat","embeddable":true,"href":"https:\/\/twsites.com.br\/novomigcenter\/index.php?rest_route=%2Fwp%2Fv2%2Fproduct_cat&post=11814"},{"taxonomy":"product_tag","embeddable":true,"href":"https:\/\/twsites.com.br\/novomigcenter\/index.php?rest_route=%2Fwp%2Fv2%2Fproduct_tag&post=11814"}],"curies":[{"name":"wp","href":"https:\/\/api.w.org\/{rel}","templated":true}]}}