{"id":11816,"date":"2018-04-25T15:11:46","date_gmt":"2018-04-25T15:11:46","guid":{"rendered":"https:\/\/twsites.com.br\/novomigcenter\/?product=lixeira-60-litros-com-pedal-jaguar"},"modified":"2018-04-25T15:11:46","modified_gmt":"2018-04-25T15:11:46","slug":"lixeira-60-litros-com-pedal-jaguar","status":"publish","type":"product","link":"https:\/\/twsites.com.br\/novomigcenter\/?product=lixeira-60-litros-com-pedal-jaguar","title":{"rendered":"Lixeira 60 Litros com pedal Jaguar"},"content":{"rendered":"<div class=\"heading-content\">\n<h3 class=\"product-description-heading\"><font face=\"Arial\">Descri\u00e7\u00e3o do produto                             <\/font><\/h3>\n<\/p><\/div>\n<\/p>\n<div class=\"product-description-text-content product-tab-content\">\n<p><font face=\"Arial\"><b>Caracter\u00edsticas:<\/b>&nbsp;<\/font><span style=\"font-family: Arial;\">Ideal para utiliza\u00e7\u00e3o em resid\u00eancias, consult\u00f3rios m\u00e9dicos e  odontol\u00f3gicos. A lixeira plastica \u00e9 ideal para dar eleg\u00e2ncia e  praticidade no descarte de lixos.<\/span><\/p>\n<p><font face=\"Arial\"><b>Dimens\u00f5es:<\/b><\/font><\/p>\n<p><font face=\"Arial\"><b>Peso:<\/b> 4,185 Kg<\/font><\/p>\n<p><font face=\"Arial\"><b>Altura: <\/b>62,5 cm<\/font><\/p>\n<p><font face=\"Arial\"><b>Largura: <\/b>54 cm<\/font><\/p>\n<p><font face=\"Arial\"><b>Profundidade: <\/b>53 cm<\/font><\/p>\n<\/div>\n","protected":false},"excerpt":{"rendered":"<p>Descri\u00e7\u00e3o do produto Caracter\u00edsticas:&nbsp;Ideal para utiliza\u00e7\u00e3o em resid\u00eancias, consult\u00f3rios m\u00e9dicos e odontol\u00f3gicos. A lixeira plastica \u00e9 ideal para dar eleg\u00e2ncia e praticidade no descarte de lixos. Dimens\u00f5es: Peso: 4,185 Kg Altura: 62,5 cm Largura: 54 cm Profundidade: 53 cm<\/p>\n","protected":false},"featured_media":11815,"comment_status":"open","ping_status":"closed","template":"","meta":[],"product_brand":[],"product_cat":[373],"product_tag":[454],"class_list":{"0":"post-11816","1":"product","2":"type-product","3":"status-publish","4":"has-post-thumbnail","6":"product_cat-lixeira","7":"product_tag-lixeira-60-litros-com-pedal-jaguar","9":"first","10":"instock","11":"shipping-taxable","12":"purchasable","13":"product-type-simple"},"_links":{"self":[{"href":"https:\/\/twsites.com.br\/novomigcenter\/index.php?rest_route=\/wp\/v2\/product\/11816","targetHints":{"allow":["GET"]}}],"collection":[{"href":"https:\/\/twsites.com.br\/novomigcenter\/index.php?rest_route=\/wp\/v2\/product"}],"about":[{"href":"https:\/\/twsites.com.br\/novomigcenter\/index.php?rest_route=\/wp\/v2\/types\/product"}],"replies":[{"embeddable":true,"href":"https:\/\/twsites.com.br\/novomigcenter\/index.php?rest_route=%2Fwp%2Fv2%2Fcomments&post=11816"}],"wp:featuredmedia":[{"embeddable":true,"href":"https:\/\/twsites.com.br\/novomigcenter\/index.php?rest_route=\/wp\/v2\/media\/11815"}],"wp:attachment":[{"href":"https:\/\/twsites.com.br\/novomigcenter\/index.php?rest_route=%2Fwp%2Fv2%2Fmedia&parent=11816"}],"wp:term":[{"taxonomy":"product_brand","embeddable":true,"href":"https:\/\/twsites.com.br\/novomigcenter\/index.php?rest_route=%2Fwp%2Fv2%2Fproduct_brand&post=11816"},{"taxonomy":"product_cat","embeddable":true,"href":"https:\/\/twsites.com.br\/novomigcenter\/index.php?rest_route=%2Fwp%2Fv2%2Fproduct_cat&post=11816"},{"taxonomy":"product_tag","embeddable":true,"href":"https:\/\/twsites.com.br\/novomigcenter\/index.php?rest_route=%2Fwp%2Fv2%2Fproduct_tag&post=11816"}],"curies":[{"name":"wp","href":"https:\/\/api.w.org\/{rel}","templated":true}]}}