{"id":11820,"date":"2018-04-25T15:16:11","date_gmt":"2018-04-25T15:16:11","guid":{"rendered":"https:\/\/twsites.com.br\/novomigcenter\/?product=lixeira-93-litros-com-pedal-jaguar"},"modified":"2018-04-25T15:16:11","modified_gmt":"2018-04-25T15:16:11","slug":"lixeira-93-litros-com-pedal-jaguar","status":"publish","type":"product","link":"https:\/\/twsites.com.br\/novomigcenter\/?product=lixeira-93-litros-com-pedal-jaguar","title":{"rendered":"Lixeira 93 Litros com Pedal Jaguar"},"content":{"rendered":"<div class=\"row\">\n<div class=\"product-description col-lg-12 col-md-12\">\n<div class=\"heading-content\">\n<h3 class=\"product-description-heading\">Descri\u00e7\u00e3o do produto                             <\/h3>\n<\/p><\/div>\n<div class=\"product-description-text-content product-tab-content\">\n<p>Caracter\u00edsticas:<\/p>\n<p>deal para utiliza\u00e7\u00e3o em resid\u00eancias, consult\u00f3rios m\u00e9dicos e  odontol\u00f3gicos. A lixeira plastica \u00e9 ideal para dar eleg\u00e2ncia e  praticidade no descarte de lixos.<\/p>\n<p>Dimens\u00f5es:<\/p>\n<p>Peso: 5,930 Kg<\/p>\n<p>Altura: 73 cm<\/p>\n<p>Largura: 60 cm<\/p>\n<p>Profundidade: 62 cm<\/p>\n<\/p><\/div>\n<\/p><\/div>\n<\/div>\n","protected":false},"excerpt":{"rendered":"<p>Descri\u00e7\u00e3o do produto Caracter\u00edsticas: deal para utiliza\u00e7\u00e3o em resid\u00eancias, consult\u00f3rios m\u00e9dicos e odontol\u00f3gicos. A lixeira plastica \u00e9 ideal para dar eleg\u00e2ncia e praticidade no descarte de lixos. Dimens\u00f5es: Peso: 5,930 Kg Altura: 73 cm Largura: 60 cm Profundidade: 62 cm<\/p>\n","protected":false},"featured_media":11819,"comment_status":"open","ping_status":"closed","template":"","meta":[],"product_brand":[],"product_cat":[373,444],"product_tag":[456],"class_list":{"0":"post-11820","1":"product","2":"type-product","3":"status-publish","4":"has-post-thumbnail","6":"product_cat-lixeira","7":"product_cat-utensilios","8":"product_tag-lixeira-93-litros-com-pedal-jaguar","10":"first","11":"instock","12":"shipping-taxable","13":"purchasable","14":"product-type-simple"},"_links":{"self":[{"href":"https:\/\/twsites.com.br\/novomigcenter\/index.php?rest_route=\/wp\/v2\/product\/11820","targetHints":{"allow":["GET"]}}],"collection":[{"href":"https:\/\/twsites.com.br\/novomigcenter\/index.php?rest_route=\/wp\/v2\/product"}],"about":[{"href":"https:\/\/twsites.com.br\/novomigcenter\/index.php?rest_route=\/wp\/v2\/types\/product"}],"replies":[{"embeddable":true,"href":"https:\/\/twsites.com.br\/novomigcenter\/index.php?rest_route=%2Fwp%2Fv2%2Fcomments&post=11820"}],"wp:featuredmedia":[{"embeddable":true,"href":"https:\/\/twsites.com.br\/novomigcenter\/index.php?rest_route=\/wp\/v2\/media\/11819"}],"wp:attachment":[{"href":"https:\/\/twsites.com.br\/novomigcenter\/index.php?rest_route=%2Fwp%2Fv2%2Fmedia&parent=11820"}],"wp:term":[{"taxonomy":"product_brand","embeddable":true,"href":"https:\/\/twsites.com.br\/novomigcenter\/index.php?rest_route=%2Fwp%2Fv2%2Fproduct_brand&post=11820"},{"taxonomy":"product_cat","embeddable":true,"href":"https:\/\/twsites.com.br\/novomigcenter\/index.php?rest_route=%2Fwp%2Fv2%2Fproduct_cat&post=11820"},{"taxonomy":"product_tag","embeddable":true,"href":"https:\/\/twsites.com.br\/novomigcenter\/index.php?rest_route=%2Fwp%2Fv2%2Fproduct_tag&post=11820"}],"curies":[{"name":"wp","href":"https:\/\/api.w.org\/{rel}","templated":true}]}}