{"id":11822,"date":"2018-04-25T15:18:23","date_gmt":"2018-04-25T15:18:23","guid":{"rendered":"https:\/\/twsites.com.br\/novomigcenter\/?product=lixeira-com-pedal-retangular-100l-marfinite"},"modified":"2018-04-25T15:18:23","modified_gmt":"2018-04-25T15:18:23","slug":"lixeira-com-pedal-retangular-100l-marfinite","status":"publish","type":"product","link":"https:\/\/twsites.com.br\/novomigcenter\/?product=lixeira-com-pedal-retangular-100l-marfinite","title":{"rendered":"Lixeira com Pedal Retangular 100L Marfinite"},"content":{"rendered":"<div class=\"heading-content\">\n<h4 style=\"\">\n<div style=\"text-align: justify;\"><b style=\"font-family: Arial; color: inherit;\">Descri\u00e7\u00e3o do produto:<\/b><\/div>\n<h4>\n<div style=\"text-align: justify;\"><span style=\"font-family: Arial; color: inherit;\">Lixeira com Pedal Retangular 100 Litros Marfinite<\/span><\/div>\n<p><font face=\"Arial\"><\/p>\n<div style=\"text-align: justify;\"><span style=\"color: inherit;\">Esse  modelo de lixeira \u00e9 bem pr\u00e1tico e vers\u00e1til, isso porque possui pedal, o  que evita usar as m\u00e3os para abrir a tampa da lixeira. Por tanto \u00e9 ideal  tanto para ficar dentro da cozinha, j\u00e1 que a tampa bloqueia o mal  cheiro, quanto em qualquer outro ambiente.<\/span><\/div>\n<p><\/font><font face=\"Arial\"><\/p>\n<div style=\"text-align: justify;\"><b style=\"color: inherit;\">Praticidade e durabilidade<\/b><\/div>\n<p><\/font><font face=\"Arial\"><\/p>\n<div style=\"text-align: justify;\"><span style=\"color: inherit;\">As  lixeiras com pedal s\u00e3o muito usadas pelos estabelecimentos para manter  sempre o ambiente limpo e organizado. Al\u00e9m disso, seu material facilita a  higieniza\u00e7\u00e3o da lixeira e tamb\u00e9m \u00e9 muito dur\u00e1vel.<\/span><\/div>\n<p><\/font><font face=\"Arial\"><\/p>\n<div style=\"text-align: justify;\"><b style=\"color: inherit;\">Caracter\u00edsticas<\/b><\/div>\n<p><\/font><font face=\"Arial\"><\/p>\n<div style=\"text-align: justify;\"><span style=\"color: inherit;\">Fabricada em pl\u00e1stico com capacidade para 100 litros.&nbsp;Tampa acionada por pedal atrav\u00e9s de haste met\u00e1l<\/span><span style=\"color: inherit;\">ica e&nbsp;aro superior destinado ao travamento da boca do saco de lixo.&nbsp;<\/span><span style=\"color: inherit;\">Seu design permite a abertura da tampa mesmo quando encostada em paredes.<\/span><\/div>\n<p><\/font><font face=\"Arial\"><\/p>\n<div style=\"text-align: justify;\"><span style=\"color: inherit;\">Informa\u00e7\u00f5es T\u00e9cnicas<\/span><\/div>\n<p><\/font><center><\/p>\n<table class=\"table table-condensed table-hover\" style=\"width: 50%; height: 50px;\">\n<tbody>\n<tr>\n<td class=\"tag\">\n<h4><span style=\"font-size: 14pt;\"><font face=\"Arial\">Modelo:<\/font><\/span><\/h4>\n<\/td>\n<td>\n<h4><span style=\"font-size: 14pt;\"><font face=\"Arial\">100LT<\/font><\/span><\/h4>\n<\/td>\n<\/tr>\n<tr>\n<td class=\"tag\">\n<h4><span style=\"font-size: 14pt;\"><font face=\"Arial\">SKU:<\/font><\/span><\/h4>\n<\/td>\n<td>\n<h4><span style=\"font-size: 14pt;\"><font face=\"Arial\">MAR100M<\/font><\/span><\/h4>\n<\/td>\n<\/tr>\n<tr>\n<td class=\"tag\">\n<h4><span style=\"font-size: 14pt;\"><font face=\"Arial\">Altura:<\/font><\/span><\/h4>\n<\/td>\n<td>\n<h4><span style=\"font-size: 14pt;\"><font face=\"Arial\">90 cm<\/font><\/span><\/h4>\n<\/td>\n<\/tr>\n<tr>\n<td class=\"tag\">\n<h4><span style=\"font-size: 14pt;\"><font face=\"Arial\">Largura:<\/font><\/span><\/h4>\n<\/td>\n<td>\n<h4><span style=\"font-size: 14pt;\"><font face=\"Arial\">55,5 cm<\/font><\/span><\/h4>\n<\/td>\n<\/tr>\n<tr>\n<td class=\"tag\">\n<h4><span style=\"font-size: 14pt;\"><font face=\"Arial\">Profundidade:<\/font><\/span><\/h4>\n<\/td>\n<td>\n<h4><span style=\"font-size: 14pt;\"><font face=\"Arial\">42,5 cm<\/font><\/span><\/h4>\n<\/td>\n<\/tr>\n<tr>\n<td class=\"tag\">\n<h4><span style=\"font-size: 14pt;\"><font face=\"Arial\">Peso:<\/font><\/span><\/h4>\n<\/td>\n<td>\n<h4><span style=\"font-size: 14pt;\"><font face=\"Arial\">6 Kg<\/font><\/span><\/h4>\n<\/td>\n<\/tr>\n<tr>\n<td class=\"tag\">\n<h4><span style=\"font-size: 14pt;\"><font face=\"Arial\">Mat\u00e9ria Prima:<\/font><\/span><\/h4>\n<\/td>\n<td>\n<h4><span style=\"font-size: 14pt;\"><font face=\"Arial\">PP &#8211; Polipropileno<\/font><\/span><\/h4>\n<\/td>\n<\/tr>\n<tr>\n<td class=\"tag\">\n<h4><span style=\"font-size: 14pt;\"><font face=\"Arial\">Capacidasde:<\/font><\/span><\/h4>\n<\/td>\n<td>\n<h4><span style=\"font-size: 14pt;\"><font face=\"Arial\">100 Litros<\/font><\/span><\/h4>\n<\/td>\n<\/tr>\n<tr>\n<td class=\"tag\">\n<h4><span style=\"font-size: 14pt;\"><font face=\"Arial\">Cor:<\/font><\/span><\/h4>\n<\/td>\n<td>\n<h4><span style=\"font-size: 14pt;\"><font face=\"Arial\">Branco<\/font><\/span><\/h4>\n<\/td>\n<\/tr>\n<\/tbody>\n<\/table>\n<p><\/center><\/h4>\n<\/h4><\/div><\/p>\n","protected":false},"excerpt":{"rendered":"<p>Descri\u00e7\u00e3o do produto: Lixeira com Pedal Retangular 100 Litros Marfinite Esse modelo de lixeira \u00e9 bem pr\u00e1tico e vers\u00e1til, isso porque possui pedal, o que evita usar as m\u00e3os para abrir a tampa da lixeira. Por tanto \u00e9 ideal tanto para ficar dentro da cozinha, j\u00e1 que a tampa bloqueia o mal cheiro, quanto em [&hellip;]<\/p>\n","protected":false},"featured_media":11821,"comment_status":"open","ping_status":"closed","template":"","meta":[],"product_brand":[],"product_cat":[373,444],"product_tag":[457],"class_list":{"0":"post-11822","1":"product","2":"type-product","3":"status-publish","4":"has-post-thumbnail","6":"product_cat-lixeira","7":"product_cat-utensilios","8":"product_tag-lixeira-com-pedal-retangular-100l-marfinite","10":"first","11":"instock","12":"shipping-taxable","13":"purchasable","14":"product-type-simple"},"_links":{"self":[{"href":"https:\/\/twsites.com.br\/novomigcenter\/index.php?rest_route=\/wp\/v2\/product\/11822","targetHints":{"allow":["GET"]}}],"collection":[{"href":"https:\/\/twsites.com.br\/novomigcenter\/index.php?rest_route=\/wp\/v2\/product"}],"about":[{"href":"https:\/\/twsites.com.br\/novomigcenter\/index.php?rest_route=\/wp\/v2\/types\/product"}],"replies":[{"embeddable":true,"href":"https:\/\/twsites.com.br\/novomigcenter\/index.php?rest_route=%2Fwp%2Fv2%2Fcomments&post=11822"}],"wp:featuredmedia":[{"embeddable":true,"href":"https:\/\/twsites.com.br\/novomigcenter\/index.php?rest_route=\/wp\/v2\/media\/11821"}],"wp:attachment":[{"href":"https:\/\/twsites.com.br\/novomigcenter\/index.php?rest_route=%2Fwp%2Fv2%2Fmedia&parent=11822"}],"wp:term":[{"taxonomy":"product_brand","embeddable":true,"href":"https:\/\/twsites.com.br\/novomigcenter\/index.php?rest_route=%2Fwp%2Fv2%2Fproduct_brand&post=11822"},{"taxonomy":"product_cat","embeddable":true,"href":"https:\/\/twsites.com.br\/novomigcenter\/index.php?rest_route=%2Fwp%2Fv2%2Fproduct_cat&post=11822"},{"taxonomy":"product_tag","embeddable":true,"href":"https:\/\/twsites.com.br\/novomigcenter\/index.php?rest_route=%2Fwp%2Fv2%2Fproduct_tag&post=11822"}],"curies":[{"name":"wp","href":"https:\/\/api.w.org\/{rel}","templated":true}]}}