{"id":11830,"date":"2018-04-25T15:42:41","date_gmt":"2018-04-25T15:42:41","guid":{"rendered":"https:\/\/twsites.com.br\/novomigcenter\/?product=fum-401-fumil"},"modified":"2018-04-25T15:42:41","modified_gmt":"2018-04-25T15:42:41","slug":"fum-401-fumil","status":"publish","type":"product","link":"https:\/\/twsites.com.br\/novomigcenter\/?product=fum-401-fumil","title":{"rendered":"Assadeira de Ferro Beira Alta 20&#215;12 Fumil"},"content":{"rendered":"<div class=\"product-description-text-content product-tab-content\">\n<p><font face=\"Arial\"><span style=\"font-size: 14px;\"><br \/><\/span><\/font><\/p>\n<p><font face=\"Arial\"><span style=\"font-size: 14px;\"><b>Descri\u00e7\u00e3o do Produto<\/b><\/span><\/font><\/p>\n<p><font face=\"Arial\"><span style=\"font-size: 14px;\">Assadeira de Ferro Beira Alta 20&#215;12 Fumil<\/span><\/font><\/p>\n<p><span style=\"font-size: 14px;\"> <\/span><\/p>\n<p><font face=\"Arial\"><span style=\"font-size: 14px;\"><b>Dimens\u00f5es<\/b>: 20 cm x 12 cm<\/span><\/font><\/p>\n<\/div>\n","protected":false},"excerpt":{"rendered":"<p>Descri\u00e7\u00e3o do Produto Assadeira de Ferro Beira Alta 20&#215;12 Fumil Dimens\u00f5es: 20 cm x 12 cm<\/p>\n","protected":false},"featured_media":11829,"comment_status":"open","ping_status":"closed","template":"","meta":[],"product_brand":[],"product_cat":[370,444],"product_tag":[461],"class_list":{"0":"post-11830","1":"product","2":"type-product","3":"status-publish","4":"has-post-thumbnail","6":"product_cat-assadeira","7":"product_cat-utensilios","8":"product_tag-assadeira-de-ferro-beira-alta-20x12-fumil","10":"first","11":"instock","12":"shipping-taxable","13":"purchasable","14":"product-type-simple"},"_links":{"self":[{"href":"https:\/\/twsites.com.br\/novomigcenter\/index.php?rest_route=\/wp\/v2\/product\/11830","targetHints":{"allow":["GET"]}}],"collection":[{"href":"https:\/\/twsites.com.br\/novomigcenter\/index.php?rest_route=\/wp\/v2\/product"}],"about":[{"href":"https:\/\/twsites.com.br\/novomigcenter\/index.php?rest_route=\/wp\/v2\/types\/product"}],"replies":[{"embeddable":true,"href":"https:\/\/twsites.com.br\/novomigcenter\/index.php?rest_route=%2Fwp%2Fv2%2Fcomments&post=11830"}],"wp:featuredmedia":[{"embeddable":true,"href":"https:\/\/twsites.com.br\/novomigcenter\/index.php?rest_route=\/wp\/v2\/media\/11829"}],"wp:attachment":[{"href":"https:\/\/twsites.com.br\/novomigcenter\/index.php?rest_route=%2Fwp%2Fv2%2Fmedia&parent=11830"}],"wp:term":[{"taxonomy":"product_brand","embeddable":true,"href":"https:\/\/twsites.com.br\/novomigcenter\/index.php?rest_route=%2Fwp%2Fv2%2Fproduct_brand&post=11830"},{"taxonomy":"product_cat","embeddable":true,"href":"https:\/\/twsites.com.br\/novomigcenter\/index.php?rest_route=%2Fwp%2Fv2%2Fproduct_cat&post=11830"},{"taxonomy":"product_tag","embeddable":true,"href":"https:\/\/twsites.com.br\/novomigcenter\/index.php?rest_route=%2Fwp%2Fv2%2Fproduct_tag&post=11830"}],"curies":[{"name":"wp","href":"https:\/\/api.w.org\/{rel}","templated":true}]}}