{"id":11854,"date":"2018-04-25T16:12:54","date_gmt":"2018-04-25T16:12:54","guid":{"rendered":"https:\/\/twsites.com.br\/novomigcenter\/?product=assadeira-retangular-34x23-cm-aluminio-hotel-2-abc"},"modified":"2018-04-25T16:12:54","modified_gmt":"2018-04-25T16:12:54","slug":"assadeira-retangular-34x23-cm-aluminio-hotel-2-abc","status":"publish","type":"product","link":"https:\/\/twsites.com.br\/novomigcenter\/?product=assadeira-retangular-34x23-cm-aluminio-hotel-2-abc","title":{"rendered":"Assadeira Retangular 34X23 cm Aluminio Hotel 2 &#8211; ABC"},"content":{"rendered":"<h3 class=\"product-description-heading\"><font face=\"Arial\"><b>                                 <span style=\"font-size: 14px;\">Descri\u00e7\u00e3o do produto                             <\/span><\/b><\/font><\/h3>\n<h3 class=\"product-description-heading\">\n<div class=\"heading-content\"><span style=\"font-size: 14px;\">                                                      <\/span><\/div>\n<p><span style=\"font-size: 14px;\">                           <\/span><\/p>\n<div class=\"product-description-text-content product-tab-content\"><span style=\"font-size: 14px;\">                             <\/span><\/p>\n<p><font face=\"Arial\"><span style=\"font-size: 14px;\"><b>Caracter\u00edsticas:<\/b><\/span><\/font><\/p>\n<p><span style=\"font-size: 14px;\"> <\/span><\/p>\n<p><font face=\"Arial\"><span style=\"font-size: 14px;\">Assadeira Retangular 34X23 cm Aluminio Hotel 2 &#8211; ABC<\/span><\/font><\/p>\n<p><span style=\"font-size: 14px;\"> <\/span><\/p>\n<p><font face=\"Arial\"><span style=\"font-size: 14px;\"><b>Dimens\u00f5es:<\/b><\/span><\/font><\/p>\n<p><span style=\"font-size: 14px;\"> <\/span><\/p>\n<p><font face=\"Arial\"><span style=\"font-size: 14px;\"><b>Peso: <\/b>0,196 Kg<\/span><\/font><\/p>\n<p><span style=\"font-size: 14px;\"> <\/span><\/p>\n<p><font face=\"Arial\"><span style=\"font-size: 14px;\"><b>Altura:<\/b> 5 cm<\/span><\/font><\/p>\n<p><span style=\"font-size: 14px;\"> <\/span><\/p>\n<p><font face=\"Arial\"><span style=\"font-size: 14px;\"><b>Largura: <\/b>34 cm<\/span><\/font><\/p>\n<p><span style=\"font-size: 14px;\"> <\/span><\/p>\n<p><font face=\"Arial\"><span style=\"font-size: 14px;\"><b>Profundidade: <\/b>23 cm<\/span><\/font><\/p>\n<\/div>\n<\/h3>\n","protected":false},"excerpt":{"rendered":"<p>Descri\u00e7\u00e3o do produto Caracter\u00edsticas: Assadeira Retangular 34X23 cm Aluminio Hotel 2 &#8211; ABC Dimens\u00f5es: Peso: 0,196 Kg Altura: 5 cm Largura: 34 cm Profundidade: 23 cm<\/p>\n","protected":false},"featured_media":11853,"comment_status":"open","ping_status":"closed","template":"","meta":[],"product_brand":[],"product_cat":[370,444],"product_tag":[473],"class_list":{"0":"post-11854","1":"product","2":"type-product","3":"status-publish","4":"has-post-thumbnail","6":"product_cat-assadeira","7":"product_cat-utensilios","8":"product_tag-assadeira-retangular-34x23-cm-aluminio-hotel-2-abc","10":"first","11":"instock","12":"shipping-taxable","13":"purchasable","14":"product-type-simple"},"_links":{"self":[{"href":"https:\/\/twsites.com.br\/novomigcenter\/index.php?rest_route=\/wp\/v2\/product\/11854","targetHints":{"allow":["GET"]}}],"collection":[{"href":"https:\/\/twsites.com.br\/novomigcenter\/index.php?rest_route=\/wp\/v2\/product"}],"about":[{"href":"https:\/\/twsites.com.br\/novomigcenter\/index.php?rest_route=\/wp\/v2\/types\/product"}],"replies":[{"embeddable":true,"href":"https:\/\/twsites.com.br\/novomigcenter\/index.php?rest_route=%2Fwp%2Fv2%2Fcomments&post=11854"}],"wp:featuredmedia":[{"embeddable":true,"href":"https:\/\/twsites.com.br\/novomigcenter\/index.php?rest_route=\/wp\/v2\/media\/11853"}],"wp:attachment":[{"href":"https:\/\/twsites.com.br\/novomigcenter\/index.php?rest_route=%2Fwp%2Fv2%2Fmedia&parent=11854"}],"wp:term":[{"taxonomy":"product_brand","embeddable":true,"href":"https:\/\/twsites.com.br\/novomigcenter\/index.php?rest_route=%2Fwp%2Fv2%2Fproduct_brand&post=11854"},{"taxonomy":"product_cat","embeddable":true,"href":"https:\/\/twsites.com.br\/novomigcenter\/index.php?rest_route=%2Fwp%2Fv2%2Fproduct_cat&post=11854"},{"taxonomy":"product_tag","embeddable":true,"href":"https:\/\/twsites.com.br\/novomigcenter\/index.php?rest_route=%2Fwp%2Fv2%2Fproduct_tag&post=11854"}],"curies":[{"name":"wp","href":"https:\/\/api.w.org\/{rel}","templated":true}]}}