{"id":11858,"date":"2018-04-25T16:17:29","date_gmt":"2018-04-25T16:17:29","guid":{"rendered":"https:\/\/twsites.com.br\/novomigcenter\/?product=assadeira-retangular-42x30-cm-aluminio-hotel-4-abc"},"modified":"2018-04-25T16:17:29","modified_gmt":"2018-04-25T16:17:29","slug":"assadeira-retangular-42x30-cm-aluminio-hotel-4-abc","status":"publish","type":"product","link":"https:\/\/twsites.com.br\/novomigcenter\/?product=assadeira-retangular-42x30-cm-aluminio-hotel-4-abc","title":{"rendered":"Assadeira Retangular 42X30 cm Aluminio Hotel 4 &#8211; ABC"},"content":{"rendered":"<div class=\"heading-content\">\n<h3 class=\"product-description-heading\">Descri\u00e7\u00e3o do produto                             <\/h3>\n<\/p><\/div>\n<\/p>\n<div class=\"product-description-text-content product-tab-content\">\n<p>Caracter\u00edsticas:<\/p>\n<p>Assadeira Retangular 42X30 cm Aluminio Hotel 4 &#8211; ABC<\/p>\n<p>Dimens\u00f5es:<\/p>\n<p>Peso: 0,336 Kg<\/p>\n<p>Altura: 6 cm<\/p>\n<p>Largura: 42 cm<\/p>\n<p>Proundidade: 30 cm<\/p>\n<\/div>\n","protected":false},"excerpt":{"rendered":"<p>Descri\u00e7\u00e3o do produto Caracter\u00edsticas: Assadeira Retangular 42X30 cm Aluminio Hotel 4 &#8211; ABC Dimens\u00f5es: Peso: 0,336 Kg Altura: 6 cm Largura: 42 cm Proundidade: 30 cm<\/p>\n","protected":false},"featured_media":11857,"comment_status":"open","ping_status":"closed","template":"","meta":[],"product_brand":[],"product_cat":[370,444],"product_tag":[479,477,475,478,476],"class_list":{"0":"post-11858","1":"product","2":"type-product","3":"status-publish","4":"has-post-thumbnail","6":"product_cat-assadeira","7":"product_cat-utensilios","8":"product_tag-abc","9":"product_tag-aluminio","10":"product_tag-assadeira","11":"product_tag-hotel-4","12":"product_tag-retangular","14":"first","15":"instock","16":"shipping-taxable","17":"purchasable","18":"product-type-simple"},"_links":{"self":[{"href":"https:\/\/twsites.com.br\/novomigcenter\/index.php?rest_route=\/wp\/v2\/product\/11858","targetHints":{"allow":["GET"]}}],"collection":[{"href":"https:\/\/twsites.com.br\/novomigcenter\/index.php?rest_route=\/wp\/v2\/product"}],"about":[{"href":"https:\/\/twsites.com.br\/novomigcenter\/index.php?rest_route=\/wp\/v2\/types\/product"}],"replies":[{"embeddable":true,"href":"https:\/\/twsites.com.br\/novomigcenter\/index.php?rest_route=%2Fwp%2Fv2%2Fcomments&post=11858"}],"wp:featuredmedia":[{"embeddable":true,"href":"https:\/\/twsites.com.br\/novomigcenter\/index.php?rest_route=\/wp\/v2\/media\/11857"}],"wp:attachment":[{"href":"https:\/\/twsites.com.br\/novomigcenter\/index.php?rest_route=%2Fwp%2Fv2%2Fmedia&parent=11858"}],"wp:term":[{"taxonomy":"product_brand","embeddable":true,"href":"https:\/\/twsites.com.br\/novomigcenter\/index.php?rest_route=%2Fwp%2Fv2%2Fproduct_brand&post=11858"},{"taxonomy":"product_cat","embeddable":true,"href":"https:\/\/twsites.com.br\/novomigcenter\/index.php?rest_route=%2Fwp%2Fv2%2Fproduct_cat&post=11858"},{"taxonomy":"product_tag","embeddable":true,"href":"https:\/\/twsites.com.br\/novomigcenter\/index.php?rest_route=%2Fwp%2Fv2%2Fproduct_tag&post=11858"}],"curies":[{"name":"wp","href":"https:\/\/api.w.org\/{rel}","templated":true}]}}