{"id":11862,"date":"2018-04-25T16:21:35","date_gmt":"2018-04-25T16:21:35","guid":{"rendered":"https:\/\/twsites.com.br\/novomigcenter\/?product=assadeira-retangular-50x34-cm-aluminio-hotel-6-abc"},"modified":"2018-04-25T16:21:35","modified_gmt":"2018-04-25T16:21:35","slug":"assadeira-retangular-50x34-cm-aluminio-hotel-6-abc","status":"publish","type":"product","link":"https:\/\/twsites.com.br\/novomigcenter\/?product=assadeira-retangular-50x34-cm-aluminio-hotel-6-abc","title":{"rendered":"Assadeira Retangular 50X34 cm Aluminio Hotel 6 &#8211; ABC"},"content":{"rendered":"<div class=\"heading-content\">\n<h3 class=\"product-description-heading\"><font face=\"Arial\"><span style=\"font-size: 14px;\"><b>Descri\u00e7\u00e3o do produto                             <\/b><\/span><\/font><\/h3>\n<p><span style=\"font-size: 14px;\">                         <\/span><\/div>\n<p><span style=\"font-size: 14px;\">                           <\/span><\/p>\n<div class=\"product-description-text-content product-tab-content\"><span style=\"font-size: 14px;\">                             <\/span><\/p>\n<p><font face=\"Arial\"><span style=\"font-size: 14px;\">Caracter\u00edsticas:<\/span><\/font><\/p>\n<p><span style=\"font-size: 14px;\"> <\/span><\/p>\n<p><font face=\"Arial\"><span style=\"font-size: 14px;\">Assadeira Retangular 50X34 cm Aluminio Hotel 6 &#8211; ABC<\/span><\/font><\/p>\n<p><span style=\"font-size: 14px;\"> <\/span><\/p>\n<p><font face=\"Arial\"><span style=\"font-size: 14px;\"><b>Dimens\u00f5es:<\/b><\/span><\/font><\/p>\n<p><span style=\"font-size: 14px;\"> <\/span><\/p>\n<p><font face=\"Arial\"><span style=\"font-size: 14px;\"><b>Peso: <\/b>0,476 Kg<\/span><\/font><\/p>\n<p><span style=\"font-size: 14px;\"> <\/span><\/p>\n<p><font face=\"Arial\"><span style=\"font-size: 14px;\"><b>Altura:<\/b> 7 cm<\/span><\/font><\/p>\n<p><span style=\"font-size: 14px;\"> <\/span><\/p>\n<p><font face=\"Arial\"><span style=\"font-size: 14px;\"><b>Largura<\/b>: 50 cm<\/span><\/font><\/p>\n<p><span style=\"font-size: 14px;\"> <\/span><\/p>\n<p><font face=\"Arial\"><span style=\"font-size: 14px;\"><b>Profundidade: <\/b>34 cm<\/span><\/font><\/p>\n<\/div>\n","protected":false},"excerpt":{"rendered":"<p>Descri\u00e7\u00e3o do produto Caracter\u00edsticas: Assadeira Retangular 50X34 cm Aluminio Hotel 6 &#8211; ABC Dimens\u00f5es: Peso: 0,476 Kg Altura: 7 cm Largura: 50 cm Profundidade: 34 cm<\/p>\n","protected":false},"featured_media":11861,"comment_status":"open","ping_status":"closed","template":"","meta":[],"product_brand":[],"product_cat":[370,444],"product_tag":[481],"class_list":{"0":"post-11862","1":"product","2":"type-product","3":"status-publish","4":"has-post-thumbnail","6":"product_cat-assadeira","7":"product_cat-utensilios","8":"product_tag-assadeira-retangular-50x34-cm-aluminio-hotel-6-abc","10":"first","11":"instock","12":"shipping-taxable","13":"purchasable","14":"product-type-simple"},"_links":{"self":[{"href":"https:\/\/twsites.com.br\/novomigcenter\/index.php?rest_route=\/wp\/v2\/product\/11862","targetHints":{"allow":["GET"]}}],"collection":[{"href":"https:\/\/twsites.com.br\/novomigcenter\/index.php?rest_route=\/wp\/v2\/product"}],"about":[{"href":"https:\/\/twsites.com.br\/novomigcenter\/index.php?rest_route=\/wp\/v2\/types\/product"}],"replies":[{"embeddable":true,"href":"https:\/\/twsites.com.br\/novomigcenter\/index.php?rest_route=%2Fwp%2Fv2%2Fcomments&post=11862"}],"wp:featuredmedia":[{"embeddable":true,"href":"https:\/\/twsites.com.br\/novomigcenter\/index.php?rest_route=\/wp\/v2\/media\/11861"}],"wp:attachment":[{"href":"https:\/\/twsites.com.br\/novomigcenter\/index.php?rest_route=%2Fwp%2Fv2%2Fmedia&parent=11862"}],"wp:term":[{"taxonomy":"product_brand","embeddable":true,"href":"https:\/\/twsites.com.br\/novomigcenter\/index.php?rest_route=%2Fwp%2Fv2%2Fproduct_brand&post=11862"},{"taxonomy":"product_cat","embeddable":true,"href":"https:\/\/twsites.com.br\/novomigcenter\/index.php?rest_route=%2Fwp%2Fv2%2Fproduct_cat&post=11862"},{"taxonomy":"product_tag","embeddable":true,"href":"https:\/\/twsites.com.br\/novomigcenter\/index.php?rest_route=%2Fwp%2Fv2%2Fproduct_tag&post=11862"}],"curies":[{"name":"wp","href":"https:\/\/api.w.org\/{rel}","templated":true}]}}