{"id":11874,"date":"2018-04-26T15:35:04","date_gmt":"2018-04-26T15:35:04","guid":{"rendered":"https:\/\/twsites.com.br\/novomigcenter\/?product=assadeira-retangular-46x32-cm-estampada-aluminio-hotel-5-abc"},"modified":"2018-04-26T15:35:04","modified_gmt":"2018-04-26T15:35:04","slug":"assadeira-retangular-46x32-cm-estampada-aluminio-hotel-5-abc","status":"publish","type":"product","link":"https:\/\/twsites.com.br\/novomigcenter\/?product=assadeira-retangular-46x32-cm-estampada-aluminio-hotel-5-abc","title":{"rendered":"Assadeira Retangular 46X32 cm Estampada Aluminio Hotel 5 &#8211; ABC"},"content":{"rendered":"<div class=\"heading-content\">\n<h3 class=\"product-description-heading\"><font face=\"Arial\">Descri\u00e7\u00e3o do produto                             <\/font><\/h3>\n<\/p><\/div>\n<\/p>\n<div class=\"product-description-text-content product-tab-content\">\n<p><font face=\"Arial\">Caracter\u00edsticas:<\/font><\/p>\n<p><font face=\"Arial\">Assadeira Retangular 46X32 cm Estampada Aluminio Hotel 5 &#8211; ABC<\/font><\/p>\n<p><font face=\"Arial\">Dimens\u00f5es:<\/font><\/p>\n<p><font face=\"Arial\">Peso: 0,756 Kg<\/font><\/p>\n<p><font face=\"Arial\">Altura: 6 cm<\/font><\/p>\n<p><font face=\"Arial\">Largura: 46 cm<\/font><\/p>\n<p><font face=\"Arial\">Proundidade: 32 cm<\/font><\/p>\n<\/div>\n","protected":false},"excerpt":{"rendered":"<p>Descri\u00e7\u00e3o do produto Caracter\u00edsticas: Assadeira Retangular 46X32 cm Estampada Aluminio Hotel 5 &#8211; ABC Dimens\u00f5es: Peso: 0,756 Kg Altura: 6 cm Largura: 46 cm Proundidade: 32 cm<\/p>\n","protected":false},"featured_media":11873,"comment_status":"open","ping_status":"closed","template":"","meta":[],"product_brand":[],"product_cat":[370,444],"product_tag":[487],"class_list":{"0":"post-11874","1":"product","2":"type-product","3":"status-publish","4":"has-post-thumbnail","6":"product_cat-assadeira","7":"product_cat-utensilios","8":"product_tag-assadeira-retangular-46x32-cm-estampada-aluminio-hotel-5-abc","10":"first","11":"instock","12":"shipping-taxable","13":"purchasable","14":"product-type-simple"},"_links":{"self":[{"href":"https:\/\/twsites.com.br\/novomigcenter\/index.php?rest_route=\/wp\/v2\/product\/11874","targetHints":{"allow":["GET"]}}],"collection":[{"href":"https:\/\/twsites.com.br\/novomigcenter\/index.php?rest_route=\/wp\/v2\/product"}],"about":[{"href":"https:\/\/twsites.com.br\/novomigcenter\/index.php?rest_route=\/wp\/v2\/types\/product"}],"replies":[{"embeddable":true,"href":"https:\/\/twsites.com.br\/novomigcenter\/index.php?rest_route=%2Fwp%2Fv2%2Fcomments&post=11874"}],"wp:featuredmedia":[{"embeddable":true,"href":"https:\/\/twsites.com.br\/novomigcenter\/index.php?rest_route=\/wp\/v2\/media\/11873"}],"wp:attachment":[{"href":"https:\/\/twsites.com.br\/novomigcenter\/index.php?rest_route=%2Fwp%2Fv2%2Fmedia&parent=11874"}],"wp:term":[{"taxonomy":"product_brand","embeddable":true,"href":"https:\/\/twsites.com.br\/novomigcenter\/index.php?rest_route=%2Fwp%2Fv2%2Fproduct_brand&post=11874"},{"taxonomy":"product_cat","embeddable":true,"href":"https:\/\/twsites.com.br\/novomigcenter\/index.php?rest_route=%2Fwp%2Fv2%2Fproduct_cat&post=11874"},{"taxonomy":"product_tag","embeddable":true,"href":"https:\/\/twsites.com.br\/novomigcenter\/index.php?rest_route=%2Fwp%2Fv2%2Fproduct_tag&post=11874"}],"curies":[{"name":"wp","href":"https:\/\/api.w.org\/{rel}","templated":true}]}}