{"id":11900,"date":"2018-04-26T16:09:30","date_gmt":"2018-04-26T16:09:30","guid":{"rendered":"https:\/\/twsites.com.br\/novomigcenter\/?product=cumbuca-de-ferro-sem-tampa-600ml-fumil"},"modified":"2018-04-26T16:09:30","modified_gmt":"2018-04-26T16:09:30","slug":"cumbuca-de-ferro-sem-tampa-600ml-fumil","status":"publish","type":"product","link":"https:\/\/twsites.com.br\/novomigcenter\/?product=cumbuca-de-ferro-sem-tampa-600ml-fumil","title":{"rendered":"Cumbuca de Ferro sem Tampa 600ml Fumil"},"content":{"rendered":"<div class=\"row\">\n<div class=\"product-description col-lg-12 col-md-12\">\n<div class=\"heading-content\">\n<h3 class=\"product-description-heading\">\n<p class=\"MsoNormal\" style=\"margin-bottom: 6.75pt; line-height: normal; background-image: initial; background-position: initial; background-size: initial; background-repeat: initial; background-attachment: initial; background-origin: initial; background-clip: initial;\"><b><span style=\"font-size: 14pt; font-family: &quot;Arial Narrow&quot;, sans-serif;\">Descri\u00e7\u00e3o do produto<o:p><\/o:p><\/span><\/b><\/p>\n<p class=\"MsoNormal\" style=\"margin-bottom: 6.75pt; line-height: normal; background-image: initial; background-position: initial; background-size: initial; background-repeat: initial; background-attachment: initial; background-origin: initial; background-clip: initial;\"><b><span style=\"font-size: 14pt; font-family: &quot;Arial Narrow&quot;, sans-serif;\">Cumbuca de Ferro sem Tampa 600ml Fumil<o:p><\/o:p><\/span><\/b><\/p>\n<p class=\"MsoNormal\" style=\"margin-bottom: 6.75pt; line-height: normal; background-image: initial; background-position: initial; background-size: initial; background-repeat: initial; background-attachment: initial; background-origin: initial; background-clip: initial;\"><b><span style=\"font-size: 14pt; font-family: &quot;Arial Narrow&quot;, sans-serif;\">Dimens\u00f5es:<\/span><\/b><span style=\"font-size: 14pt; font-family: &quot;Arial Narrow&quot;, sans-serif;\"> 8,2 cm x 11 cm<o:p><\/o:p><\/span><\/p>\n<\/h3>\n<\/div>\n<div class=\"product-description-text-content product-tab-content\">                         <\/div>\n<\/p><\/div>\n<\/div>\n","protected":false},"excerpt":{"rendered":"<p>Descri\u00e7\u00e3o do produto Cumbuca de Ferro sem Tampa 600ml Fumil Dimens\u00f5es: 8,2 cm x 11 cm<\/p>\n","protected":false},"featured_media":11899,"comment_status":"open","ping_status":"closed","template":"","meta":[],"product_brand":[],"product_cat":[418,417,374,444],"product_tag":[509],"class_list":{"0":"post-11900","1":"product","2":"type-product","3":"status-publish","4":"has-post-thumbnail","6":"product_cat-produtos-entrega-mig-express-hoje","7":"product_cat-novidades","8":"product_cat-panela","9":"product_cat-utensilios","10":"product_tag-cumbuca-de-ferro-sem-tampa-600ml-fumil","12":"first","13":"instock","14":"shipping-taxable","15":"purchasable","16":"product-type-simple"},"_links":{"self":[{"href":"https:\/\/twsites.com.br\/novomigcenter\/index.php?rest_route=\/wp\/v2\/product\/11900","targetHints":{"allow":["GET"]}}],"collection":[{"href":"https:\/\/twsites.com.br\/novomigcenter\/index.php?rest_route=\/wp\/v2\/product"}],"about":[{"href":"https:\/\/twsites.com.br\/novomigcenter\/index.php?rest_route=\/wp\/v2\/types\/product"}],"replies":[{"embeddable":true,"href":"https:\/\/twsites.com.br\/novomigcenter\/index.php?rest_route=%2Fwp%2Fv2%2Fcomments&post=11900"}],"wp:featuredmedia":[{"embeddable":true,"href":"https:\/\/twsites.com.br\/novomigcenter\/index.php?rest_route=\/wp\/v2\/media\/11899"}],"wp:attachment":[{"href":"https:\/\/twsites.com.br\/novomigcenter\/index.php?rest_route=%2Fwp%2Fv2%2Fmedia&parent=11900"}],"wp:term":[{"taxonomy":"product_brand","embeddable":true,"href":"https:\/\/twsites.com.br\/novomigcenter\/index.php?rest_route=%2Fwp%2Fv2%2Fproduct_brand&post=11900"},{"taxonomy":"product_cat","embeddable":true,"href":"https:\/\/twsites.com.br\/novomigcenter\/index.php?rest_route=%2Fwp%2Fv2%2Fproduct_cat&post=11900"},{"taxonomy":"product_tag","embeddable":true,"href":"https:\/\/twsites.com.br\/novomigcenter\/index.php?rest_route=%2Fwp%2Fv2%2Fproduct_tag&post=11900"}],"curies":[{"name":"wp","href":"https:\/\/api.w.org\/{rel}","templated":true}]}}