{"id":11902,"date":"2018-04-26T16:10:55","date_gmt":"2018-04-26T16:10:55","guid":{"rendered":"https:\/\/twsites.com.br\/novomigcenter\/?product=cumbuca-de-ferro-sem-tampa-1200-ml-fumil"},"modified":"2018-04-26T16:10:55","modified_gmt":"2018-04-26T16:10:55","slug":"cumbuca-de-ferro-sem-tampa-1200-ml-fumil","status":"publish","type":"product","link":"https:\/\/twsites.com.br\/novomigcenter\/?product=cumbuca-de-ferro-sem-tampa-1200-ml-fumil","title":{"rendered":"Cumbuca de Ferro sem Tampa 1200ml Fumil"},"content":{"rendered":"<div class=\"row\">\n<div class=\"product-description col-lg-12 col-md-12\">\n<div class=\"heading-content\">\n<h3 class=\"product-description-heading\"><font face=\"Arial\"><span style=\"font-size: 14px;\"><b>Descri\u00e7\u00e3o do produto                             <\/b><\/span><\/font><\/h3>\n<p><span style=\"font-size: 14px;\">                         <\/span><\/div>\n<p><span style=\"font-size: 14px;\">                           <\/span><\/p>\n<div class=\"product-description-text-content product-tab-content\"><span style=\"font-size: 14px;\">                             <\/span><\/p>\n<p><font face=\"Arial\"><span style=\"font-size: 14px;\">Cumbuca de Ferro sem Tampa 1200ml Fumil<\/span><\/font><\/p>\n<p><span style=\"font-size: 14px;\"> <\/span><\/p>\n<p><font face=\"Arial\"><span style=\"font-size: 14px;\">Dimens\u00f5es: 9,2 cm x 14,1 cm<\/span><\/font><\/p>\n<\/p><\/div>\n<\/p><\/div>\n<\/div>\n","protected":false},"excerpt":{"rendered":"<p>Descri\u00e7\u00e3o do produto Cumbuca de Ferro sem Tampa 1200ml Fumil Dimens\u00f5es: 9,2 cm x 14,1 cm<\/p>\n","protected":false},"featured_media":11901,"comment_status":"open","ping_status":"closed","template":"","meta":[],"product_brand":[],"product_cat":[374,444],"product_tag":[510],"class_list":{"0":"post-11902","1":"product","2":"type-product","3":"status-publish","4":"has-post-thumbnail","6":"product_cat-panela","7":"product_cat-utensilios","8":"product_tag-cumbuca-de-ferro-sem-tampa-1200ml-fumil","10":"first","11":"instock","12":"shipping-taxable","13":"purchasable","14":"product-type-simple"},"_links":{"self":[{"href":"https:\/\/twsites.com.br\/novomigcenter\/index.php?rest_route=\/wp\/v2\/product\/11902","targetHints":{"allow":["GET"]}}],"collection":[{"href":"https:\/\/twsites.com.br\/novomigcenter\/index.php?rest_route=\/wp\/v2\/product"}],"about":[{"href":"https:\/\/twsites.com.br\/novomigcenter\/index.php?rest_route=\/wp\/v2\/types\/product"}],"replies":[{"embeddable":true,"href":"https:\/\/twsites.com.br\/novomigcenter\/index.php?rest_route=%2Fwp%2Fv2%2Fcomments&post=11902"}],"wp:featuredmedia":[{"embeddable":true,"href":"https:\/\/twsites.com.br\/novomigcenter\/index.php?rest_route=\/wp\/v2\/media\/11901"}],"wp:attachment":[{"href":"https:\/\/twsites.com.br\/novomigcenter\/index.php?rest_route=%2Fwp%2Fv2%2Fmedia&parent=11902"}],"wp:term":[{"taxonomy":"product_brand","embeddable":true,"href":"https:\/\/twsites.com.br\/novomigcenter\/index.php?rest_route=%2Fwp%2Fv2%2Fproduct_brand&post=11902"},{"taxonomy":"product_cat","embeddable":true,"href":"https:\/\/twsites.com.br\/novomigcenter\/index.php?rest_route=%2Fwp%2Fv2%2Fproduct_cat&post=11902"},{"taxonomy":"product_tag","embeddable":true,"href":"https:\/\/twsites.com.br\/novomigcenter\/index.php?rest_route=%2Fwp%2Fv2%2Fproduct_tag&post=11902"}],"curies":[{"name":"wp","href":"https:\/\/api.w.org\/{rel}","templated":true}]}}