{"id":11912,"date":"2018-04-26T16:25:50","date_gmt":"2018-04-26T16:25:50","guid":{"rendered":"https:\/\/twsites.com.br\/novomigcenter\/?product=panela-cacarola-98-litros-aluminio-hotel-30-abc"},"modified":"2018-04-26T16:25:50","modified_gmt":"2018-04-26T16:25:50","slug":"panela-cacarola-98-litros-aluminio-hotel-30-abc","status":"publish","type":"product","link":"https:\/\/twsites.com.br\/novomigcenter\/?product=panela-cacarola-98-litros-aluminio-hotel-30-abc","title":{"rendered":"Panela Ca\u00e7arola 9,8 Litros Alum\u00ednio Hotel 30 &#8211; ABC"},"content":{"rendered":"<div class=\"row\">\n<div class=\"product-description col-lg-12 col-md-12\">\n<div class=\"heading-content\">\n<h3 class=\"product-description-heading\">Descri\u00e7\u00e3o do produto                             <\/h3>\n<\/p><\/div>\n<div class=\"product-description-text-content product-tab-content\">\n<p>Caracter\u00edsticas:<\/p>\n<p>Panela Ca\u00e7arola 9,8 Litros Alum\u00ednio Hotel 30 &#8211; ABC<\/p>\n<p>Dimens\u00f5es:<\/p>\n<p>Peso: 0,900 Kg<\/p>\n<p>Altura: 14 cm<\/p>\n<p>Largura: 30 cm<\/p>\n<p>Profundidade: 30 cm<\/p>\n<\/p><\/div>\n<\/p><\/div>\n<\/div>\n","protected":false},"excerpt":{"rendered":"<p>Descri\u00e7\u00e3o do produto Caracter\u00edsticas: Panela Ca\u00e7arola 9,8 Litros Alum\u00ednio Hotel 30 &#8211; ABC Dimens\u00f5es: Peso: 0,900 Kg Altura: 14 cm Largura: 30 cm Profundidade: 30 cm<\/p>\n","protected":false},"featured_media":11911,"comment_status":"open","ping_status":"closed","template":"","meta":[],"product_brand":[],"product_cat":[374,444],"product_tag":[517,516],"class_list":{"0":"post-11912","1":"product","2":"type-product","3":"status-publish","4":"has-post-thumbnail","6":"product_cat-panela","7":"product_cat-utensilios","8":"product_tag-8-litros-aluminio-hotel-30-abc","9":"product_tag-panela-cacarola-9","11":"first","12":"instock","13":"shipping-taxable","14":"purchasable","15":"product-type-simple"},"_links":{"self":[{"href":"https:\/\/twsites.com.br\/novomigcenter\/index.php?rest_route=\/wp\/v2\/product\/11912","targetHints":{"allow":["GET"]}}],"collection":[{"href":"https:\/\/twsites.com.br\/novomigcenter\/index.php?rest_route=\/wp\/v2\/product"}],"about":[{"href":"https:\/\/twsites.com.br\/novomigcenter\/index.php?rest_route=\/wp\/v2\/types\/product"}],"replies":[{"embeddable":true,"href":"https:\/\/twsites.com.br\/novomigcenter\/index.php?rest_route=%2Fwp%2Fv2%2Fcomments&post=11912"}],"wp:featuredmedia":[{"embeddable":true,"href":"https:\/\/twsites.com.br\/novomigcenter\/index.php?rest_route=\/wp\/v2\/media\/11911"}],"wp:attachment":[{"href":"https:\/\/twsites.com.br\/novomigcenter\/index.php?rest_route=%2Fwp%2Fv2%2Fmedia&parent=11912"}],"wp:term":[{"taxonomy":"product_brand","embeddable":true,"href":"https:\/\/twsites.com.br\/novomigcenter\/index.php?rest_route=%2Fwp%2Fv2%2Fproduct_brand&post=11912"},{"taxonomy":"product_cat","embeddable":true,"href":"https:\/\/twsites.com.br\/novomigcenter\/index.php?rest_route=%2Fwp%2Fv2%2Fproduct_cat&post=11912"},{"taxonomy":"product_tag","embeddable":true,"href":"https:\/\/twsites.com.br\/novomigcenter\/index.php?rest_route=%2Fwp%2Fv2%2Fproduct_tag&post=11912"}],"curies":[{"name":"wp","href":"https:\/\/api.w.org\/{rel}","templated":true}]}}