{"id":11916,"date":"2018-04-26T16:35:01","date_gmt":"2018-04-26T16:35:01","guid":{"rendered":"https:\/\/twsites.com.br\/novomigcenter\/?product=panela-de-pressao-75-litros-aluminio-polida-abc"},"modified":"2018-04-26T16:35:01","modified_gmt":"2018-04-26T16:35:01","slug":"panela-de-pressao-75-litros-aluminio-polida-abc","status":"publish","type":"product","link":"https:\/\/twsites.com.br\/novomigcenter\/?product=panela-de-pressao-75-litros-aluminio-polida-abc","title":{"rendered":"Panela de Press\u00e3o 7,5 Litros Alum\u00ednio Polida &#8211; ABC"},"content":{"rendered":"<div class=\"row\">\n<div class=\"product-description col-lg-12 col-md-12\">\n<div class=\"heading-content\">\n<h3 class=\"product-description-heading\"><font face=\"Arial\" style=\"\"><span style=\"font-size: 14px;\"><b>Descri\u00e7\u00e3o do produto                             <\/b><\/span><\/font><\/h3>\n<p><span style=\"font-size: 14px;\">                         <\/span><\/div>\n<p><span style=\"font-size: 14px;\">                           <\/span><\/p>\n<div class=\"product-description-text-content product-tab-content\"><span style=\"font-size: 14px;\">                             <\/span><\/p>\n<p><font face=\"Arial\" style=\"\"><span style=\"font-size: 14px;\">Caracter\u00edsticas:<\/span><\/font><\/p>\n<p><span style=\"font-size: 14px;\"> <\/span><\/p>\n<p><font face=\"Arial\" style=\"\"><span style=\"font-size: 14px;\">Panela de Press\u00e3o 7,5 Litros Alum\u00ednio Polida &#8211; ABC<\/span><\/font><\/p>\n<p><span style=\"font-size: 14px;\"> <\/span><\/p>\n<p><font face=\"Arial\" style=\"\"><span style=\"font-size: 14px;\">Dimens\u00f5es:<\/span><\/font><\/p>\n<p><span style=\"font-size: 14px;\"> <\/span><\/p>\n<p><font face=\"Arial\" style=\"\"><span style=\"font-size: 14px;\"><b>Peso:<\/b> 1,698 Kg<\/span><\/font><\/p>\n<p><span style=\"font-size: 14px;\"> <\/span><\/p>\n<p><font face=\"Arial\" style=\"\"><span style=\"font-size: 14px;\"><b>Altura: <\/b>18,5 cm<\/span><\/font><\/p>\n<p><span style=\"font-size: 14px;\"> <\/span><\/p>\n<p><font face=\"Arial\" style=\"\"><span style=\"font-size: 14px;\"><b>Largura:<\/b> 23 cm<\/span><\/font><\/p>\n<p><span style=\"font-size: 14px;\"> <\/span><\/p>\n<p><font face=\"Arial\" style=\"\"><span style=\"font-size: 14px;\"><b>Profundidade:<\/b> 23 cm<\/span><\/font><\/p>\n<\/p><\/div>\n<\/p><\/div>\n<\/div>\n","protected":false},"excerpt":{"rendered":"<p>Descri\u00e7\u00e3o do produto Caracter\u00edsticas: Panela de Press\u00e3o 7,5 Litros Alum\u00ednio Polida &#8211; ABC Dimens\u00f5es: Peso: 1,698 Kg Altura: 18,5 cm Largura: 23 cm Profundidade: 23 cm<\/p>\n","protected":false},"featured_media":11915,"comment_status":"open","ping_status":"closed","template":"","meta":[],"product_brand":[],"product_cat":[375,444],"product_tag":[508,519],"class_list":{"0":"post-11916","1":"product","2":"type-product","3":"status-publish","4":"has-post-thumbnail","6":"product_cat-panela-de-pressao","7":"product_cat-utensilios","8":"product_tag-5-litros-aluminio-polida-abc","9":"product_tag-panela-de-pressao-7","11":"first","12":"instock","13":"shipping-taxable","14":"purchasable","15":"product-type-simple"},"_links":{"self":[{"href":"https:\/\/twsites.com.br\/novomigcenter\/index.php?rest_route=\/wp\/v2\/product\/11916","targetHints":{"allow":["GET"]}}],"collection":[{"href":"https:\/\/twsites.com.br\/novomigcenter\/index.php?rest_route=\/wp\/v2\/product"}],"about":[{"href":"https:\/\/twsites.com.br\/novomigcenter\/index.php?rest_route=\/wp\/v2\/types\/product"}],"replies":[{"embeddable":true,"href":"https:\/\/twsites.com.br\/novomigcenter\/index.php?rest_route=%2Fwp%2Fv2%2Fcomments&post=11916"}],"wp:featuredmedia":[{"embeddable":true,"href":"https:\/\/twsites.com.br\/novomigcenter\/index.php?rest_route=\/wp\/v2\/media\/11915"}],"wp:attachment":[{"href":"https:\/\/twsites.com.br\/novomigcenter\/index.php?rest_route=%2Fwp%2Fv2%2Fmedia&parent=11916"}],"wp:term":[{"taxonomy":"product_brand","embeddable":true,"href":"https:\/\/twsites.com.br\/novomigcenter\/index.php?rest_route=%2Fwp%2Fv2%2Fproduct_brand&post=11916"},{"taxonomy":"product_cat","embeddable":true,"href":"https:\/\/twsites.com.br\/novomigcenter\/index.php?rest_route=%2Fwp%2Fv2%2Fproduct_cat&post=11916"},{"taxonomy":"product_tag","embeddable":true,"href":"https:\/\/twsites.com.br\/novomigcenter\/index.php?rest_route=%2Fwp%2Fv2%2Fproduct_tag&post=11916"}],"curies":[{"name":"wp","href":"https:\/\/api.w.org\/{rel}","templated":true}]}}