{"id":11934,"date":"2018-04-26T16:52:42","date_gmt":"2018-04-26T16:52:42","guid":{"rendered":"https:\/\/twsites.com.br\/novomigcenter\/?product=fum-777-fumil"},"modified":"2018-04-26T16:52:42","modified_gmt":"2018-04-26T16:52:42","slug":"fum-777-fumil","status":"publish","type":"product","link":"https:\/\/twsites.com.br\/novomigcenter\/?product=fum-777-fumil","title":{"rendered":"Panela Ca\u00e7arola Oval de Ferro 2,5 Litros Fumil"},"content":{"rendered":"<div class=\"row\">\n<div class=\"product-description col-lg-12 col-md-12\">\n<div class=\"heading-content\">\n<h3 class=\"product-description-heading\">Descri\u00e7\u00e3o do produto                             <\/h3>\n<\/p><\/div>\n<div class=\"product-description-text-content product-tab-content\">\n<p>Panela Ca\u00e7arola Oval de Ferro 2,5 Litros Fumil<\/p>\n<p>Dimens\u00f5es: 38 x 18 cm<\/p>\n<\/p><\/div>\n<\/p><\/div>\n<\/div>\n","protected":false},"excerpt":{"rendered":"<p>Descri\u00e7\u00e3o do produto Panela Ca\u00e7arola Oval de Ferro 2,5 Litros Fumil Dimens\u00f5es: 38 x 18 cm<\/p>\n","protected":false},"featured_media":11933,"comment_status":"open","ping_status":"closed","template":"","meta":[],"product_brand":[],"product_cat":[374,444],"product_tag":[531,530],"class_list":{"0":"post-11934","1":"product","2":"type-product","3":"status-publish","4":"has-post-thumbnail","6":"product_cat-panela","7":"product_cat-utensilios","8":"product_tag-5-litros-fumil","9":"product_tag-panela-cacarola-oval-de-ferro-2","11":"first","12":"instock","13":"shipping-taxable","14":"purchasable","15":"product-type-simple"},"_links":{"self":[{"href":"https:\/\/twsites.com.br\/novomigcenter\/index.php?rest_route=\/wp\/v2\/product\/11934","targetHints":{"allow":["GET"]}}],"collection":[{"href":"https:\/\/twsites.com.br\/novomigcenter\/index.php?rest_route=\/wp\/v2\/product"}],"about":[{"href":"https:\/\/twsites.com.br\/novomigcenter\/index.php?rest_route=\/wp\/v2\/types\/product"}],"replies":[{"embeddable":true,"href":"https:\/\/twsites.com.br\/novomigcenter\/index.php?rest_route=%2Fwp%2Fv2%2Fcomments&post=11934"}],"wp:featuredmedia":[{"embeddable":true,"href":"https:\/\/twsites.com.br\/novomigcenter\/index.php?rest_route=\/wp\/v2\/media\/11933"}],"wp:attachment":[{"href":"https:\/\/twsites.com.br\/novomigcenter\/index.php?rest_route=%2Fwp%2Fv2%2Fmedia&parent=11934"}],"wp:term":[{"taxonomy":"product_brand","embeddable":true,"href":"https:\/\/twsites.com.br\/novomigcenter\/index.php?rest_route=%2Fwp%2Fv2%2Fproduct_brand&post=11934"},{"taxonomy":"product_cat","embeddable":true,"href":"https:\/\/twsites.com.br\/novomigcenter\/index.php?rest_route=%2Fwp%2Fv2%2Fproduct_cat&post=11934"},{"taxonomy":"product_tag","embeddable":true,"href":"https:\/\/twsites.com.br\/novomigcenter\/index.php?rest_route=%2Fwp%2Fv2%2Fproduct_tag&post=11934"}],"curies":[{"name":"wp","href":"https:\/\/api.w.org\/{rel}","templated":true}]}}