{"id":11942,"date":"2018-04-26T17:02:33","date_gmt":"2018-04-26T17:02:33","guid":{"rendered":"https:\/\/twsites.com.br\/novomigcenter\/?product=fum-114-fumil"},"modified":"2018-04-26T17:02:33","modified_gmt":"2018-04-26T17:02:33","slug":"fum-114-fumil","status":"publish","type":"product","link":"https:\/\/twsites.com.br\/novomigcenter\/?product=fum-114-fumil","title":{"rendered":"Panela Ca\u00e7arola de Ferro 4 Litros Cabo Madeira Fumil"},"content":{"rendered":"<div class=\"row\">\n<div class=\"product-description col-lg-12 col-md-12\">\n<div class=\"heading-content\">\n<h3 class=\"product-description-heading\">Descri\u00e7\u00e3o do produto                             <\/h3>\n<\/p><\/div>\n<div class=\"product-description-text-content product-tab-content\">\n<p>Panela Ca\u00e7arola de Ferro 4 Litros Cabo Madeira Fumil<\/p>\n<p>Dimens\u00f5es: 10 cm x 23 cm<\/p>\n<\/p><\/div>\n<\/p><\/div>\n<\/div>\n","protected":false},"excerpt":{"rendered":"<p>Descri\u00e7\u00e3o do produto Panela Ca\u00e7arola de Ferro 4 Litros Cabo Madeira Fumil Dimens\u00f5es: 10 cm x 23 cm<\/p>\n","protected":false},"featured_media":11941,"comment_status":"open","ping_status":"closed","template":"","meta":[],"product_brand":[],"product_cat":[374,444],"product_tag":[536],"class_list":{"0":"post-11942","1":"product","2":"type-product","3":"status-publish","4":"has-post-thumbnail","6":"product_cat-panela","7":"product_cat-utensilios","8":"product_tag-panela-cacarola-de-ferro-4-litros-cabo-madeira-fumil","10":"first","11":"instock","12":"shipping-taxable","13":"purchasable","14":"product-type-simple"},"_links":{"self":[{"href":"https:\/\/twsites.com.br\/novomigcenter\/index.php?rest_route=\/wp\/v2\/product\/11942","targetHints":{"allow":["GET"]}}],"collection":[{"href":"https:\/\/twsites.com.br\/novomigcenter\/index.php?rest_route=\/wp\/v2\/product"}],"about":[{"href":"https:\/\/twsites.com.br\/novomigcenter\/index.php?rest_route=\/wp\/v2\/types\/product"}],"replies":[{"embeddable":true,"href":"https:\/\/twsites.com.br\/novomigcenter\/index.php?rest_route=%2Fwp%2Fv2%2Fcomments&post=11942"}],"wp:featuredmedia":[{"embeddable":true,"href":"https:\/\/twsites.com.br\/novomigcenter\/index.php?rest_route=\/wp\/v2\/media\/11941"}],"wp:attachment":[{"href":"https:\/\/twsites.com.br\/novomigcenter\/index.php?rest_route=%2Fwp%2Fv2%2Fmedia&parent=11942"}],"wp:term":[{"taxonomy":"product_brand","embeddable":true,"href":"https:\/\/twsites.com.br\/novomigcenter\/index.php?rest_route=%2Fwp%2Fv2%2Fproduct_brand&post=11942"},{"taxonomy":"product_cat","embeddable":true,"href":"https:\/\/twsites.com.br\/novomigcenter\/index.php?rest_route=%2Fwp%2Fv2%2Fproduct_cat&post=11942"},{"taxonomy":"product_tag","embeddable":true,"href":"https:\/\/twsites.com.br\/novomigcenter\/index.php?rest_route=%2Fwp%2Fv2%2Fproduct_tag&post=11942"}],"curies":[{"name":"wp","href":"https:\/\/api.w.org\/{rel}","templated":true}]}}