{"id":11966,"date":"2018-04-27T16:16:19","date_gmt":"2018-04-27T16:16:19","guid":{"rendered":"https:\/\/twsites.com.br\/novomigcenter\/?product=caldeirao-panela-385-litros-aluminio-hotel-38-abc"},"modified":"2018-04-27T16:16:19","modified_gmt":"2018-04-27T16:16:19","slug":"caldeirao-panela-385-litros-aluminio-hotel-38-abc","status":"publish","type":"product","link":"https:\/\/twsites.com.br\/novomigcenter\/?product=caldeirao-panela-385-litros-aluminio-hotel-38-abc","title":{"rendered":"Caldeir\u00e3o Panela 38,5 Litros Alum\u00ednio Hotel 38 &#8211; ABC"},"content":{"rendered":"<p>DESCRI\u00c7\u00c3O DO PRODUTO<\/p>\n<p>Caracter\u00edsticas:<\/p>\n<p>Caldeir\u00e3o Panela 38,5 Litros Alum\u00ednio Hotel 38 &#8211; ABC<\/p>\n<p>Dimens\u00f5es:<\/p>\n<p>Peso: 3,216 Kg<\/p>\n<p>Altura: 34 cm<\/p>\n<p>Largura: 38 cm<\/p>\n<p>Profundidade: 38 cm<\/p>\n","protected":false},"excerpt":{"rendered":"<p>DESCRI\u00c7\u00c3O DO PRODUTO Caracter\u00edsticas: Caldeir\u00e3o Panela 38,5 Litros Alum\u00ednio Hotel 38 &#8211; ABC Dimens\u00f5es: Peso: 3,216 Kg Altura: 34 cm Largura: 38 cm Profundidade: 38 cm<\/p>\n","protected":false},"featured_media":11965,"comment_status":"open","ping_status":"closed","template":"","meta":[],"product_brand":[],"product_cat":[374,444],"product_tag":[555,554],"class_list":{"0":"post-11966","1":"product","2":"type-product","3":"status-publish","4":"has-post-thumbnail","6":"product_cat-panela","7":"product_cat-utensilios","8":"product_tag-5-litros-aluminio-hotel-38-abc","9":"product_tag-caldeirao-panela-38","11":"first","12":"instock","13":"shipping-taxable","14":"purchasable","15":"product-type-simple"},"_links":{"self":[{"href":"https:\/\/twsites.com.br\/novomigcenter\/index.php?rest_route=\/wp\/v2\/product\/11966","targetHints":{"allow":["GET"]}}],"collection":[{"href":"https:\/\/twsites.com.br\/novomigcenter\/index.php?rest_route=\/wp\/v2\/product"}],"about":[{"href":"https:\/\/twsites.com.br\/novomigcenter\/index.php?rest_route=\/wp\/v2\/types\/product"}],"replies":[{"embeddable":true,"href":"https:\/\/twsites.com.br\/novomigcenter\/index.php?rest_route=%2Fwp%2Fv2%2Fcomments&post=11966"}],"wp:featuredmedia":[{"embeddable":true,"href":"https:\/\/twsites.com.br\/novomigcenter\/index.php?rest_route=\/wp\/v2\/media\/11965"}],"wp:attachment":[{"href":"https:\/\/twsites.com.br\/novomigcenter\/index.php?rest_route=%2Fwp%2Fv2%2Fmedia&parent=11966"}],"wp:term":[{"taxonomy":"product_brand","embeddable":true,"href":"https:\/\/twsites.com.br\/novomigcenter\/index.php?rest_route=%2Fwp%2Fv2%2Fproduct_brand&post=11966"},{"taxonomy":"product_cat","embeddable":true,"href":"https:\/\/twsites.com.br\/novomigcenter\/index.php?rest_route=%2Fwp%2Fv2%2Fproduct_cat&post=11966"},{"taxonomy":"product_tag","embeddable":true,"href":"https:\/\/twsites.com.br\/novomigcenter\/index.php?rest_route=%2Fwp%2Fv2%2Fproduct_tag&post=11966"}],"curies":[{"name":"wp","href":"https:\/\/api.w.org\/{rel}","templated":true}]}}