{"id":11970,"date":"2018-04-27T16:19:29","date_gmt":"2018-04-27T16:19:29","guid":{"rendered":"https:\/\/twsites.com.br\/novomigcenter\/?product=panela-cacarola-317-litros-aluminio-hotel-45-abc"},"modified":"2018-04-27T16:19:29","modified_gmt":"2018-04-27T16:19:29","slug":"panela-cacarola-317-litros-aluminio-hotel-45-abc","status":"publish","type":"product","link":"https:\/\/twsites.com.br\/novomigcenter\/?product=panela-cacarola-317-litros-aluminio-hotel-45-abc","title":{"rendered":"Panela Ca\u00e7arola 31,7 Litros Alum\u00ednio Hotel 45 &#8211; ABC"},"content":{"rendered":"<p>DESCRI\u00c7\u00c3O DO PRODUTO<\/p>\n<p>Caracter\u00edsticas:<\/p>\n<p>Panela Ca\u00e7arola 31,7 Litros Alum\u00ednio Hotel 45 &#8211; ABC<\/p>\n<p>Dimens\u00f5es:<\/p>\n<p>Peso: 2,110 Kg<\/p>\n<p>Altura: 20 cm<\/p>\n<p>Largura: 45 cm<\/p>\n<p>Profundidade: 45 cm<\/p>\n","protected":false},"excerpt":{"rendered":"<p>DESCRI\u00c7\u00c3O DO PRODUTO Caracter\u00edsticas: Panela Ca\u00e7arola 31,7 Litros Alum\u00ednio Hotel 45 &#8211; ABC Dimens\u00f5es: Peso: 2,110 Kg Altura: 20 cm Largura: 45 cm Profundidade: 45 cm<\/p>\n","protected":false},"featured_media":11969,"comment_status":"open","ping_status":"closed","template":"","meta":[],"product_brand":[],"product_cat":[374,444],"product_tag":[558,557],"class_list":{"0":"post-11970","1":"product","2":"type-product","3":"status-publish","4":"has-post-thumbnail","6":"product_cat-panela","7":"product_cat-utensilios","8":"product_tag-7-litros-aluminio-hotel-45-abc","9":"product_tag-panela-cacarola-31","11":"first","12":"instock","13":"shipping-taxable","14":"purchasable","15":"product-type-simple"},"_links":{"self":[{"href":"https:\/\/twsites.com.br\/novomigcenter\/index.php?rest_route=\/wp\/v2\/product\/11970","targetHints":{"allow":["GET"]}}],"collection":[{"href":"https:\/\/twsites.com.br\/novomigcenter\/index.php?rest_route=\/wp\/v2\/product"}],"about":[{"href":"https:\/\/twsites.com.br\/novomigcenter\/index.php?rest_route=\/wp\/v2\/types\/product"}],"replies":[{"embeddable":true,"href":"https:\/\/twsites.com.br\/novomigcenter\/index.php?rest_route=%2Fwp%2Fv2%2Fcomments&post=11970"}],"wp:featuredmedia":[{"embeddable":true,"href":"https:\/\/twsites.com.br\/novomigcenter\/index.php?rest_route=\/wp\/v2\/media\/11969"}],"wp:attachment":[{"href":"https:\/\/twsites.com.br\/novomigcenter\/index.php?rest_route=%2Fwp%2Fv2%2Fmedia&parent=11970"}],"wp:term":[{"taxonomy":"product_brand","embeddable":true,"href":"https:\/\/twsites.com.br\/novomigcenter\/index.php?rest_route=%2Fwp%2Fv2%2Fproduct_brand&post=11970"},{"taxonomy":"product_cat","embeddable":true,"href":"https:\/\/twsites.com.br\/novomigcenter\/index.php?rest_route=%2Fwp%2Fv2%2Fproduct_cat&post=11970"},{"taxonomy":"product_tag","embeddable":true,"href":"https:\/\/twsites.com.br\/novomigcenter\/index.php?rest_route=%2Fwp%2Fv2%2Fproduct_tag&post=11970"}],"curies":[{"name":"wp","href":"https:\/\/api.w.org\/{rel}","templated":true}]}}