{"id":11972,"date":"2018-04-27T16:20:57","date_gmt":"2018-04-27T16:20:57","guid":{"rendered":"https:\/\/twsites.com.br\/novomigcenter\/?product=panela-cacarola-vapor-36-cm-asa-baquelite-abc"},"modified":"2018-04-27T16:20:57","modified_gmt":"2018-04-27T16:20:57","slug":"panela-cacarola-vapor-36-cm-asa-baquelite-abc","status":"publish","type":"product","link":"https:\/\/twsites.com.br\/novomigcenter\/?product=panela-cacarola-vapor-36-cm-asa-baquelite-abc","title":{"rendered":"Panela Ca\u00e7arola Vapor 36 cm Asa Baquelite &#8211; ABC"},"content":{"rendered":"<p>DESCRI\u00c7\u00c3O DO PRODUTO<\/p>\n<p>Caracter\u00edsticas:<\/p>\n<p>Panela Ca\u00e7arola Vapor 36 cm Asa Baquelite &#8211; ABC<\/p>\n<p>Dimens\u00f5es:<\/p>\n<p>Peso: 2,111 Kg<\/p>\n<p>Altura: 20 cm<\/p>\n<p>Largura: 36 cm<\/p>\n<p>Profundidade: 36 cm<\/p>\n","protected":false},"excerpt":{"rendered":"<p>DESCRI\u00c7\u00c3O DO PRODUTO Caracter\u00edsticas: Panela Ca\u00e7arola Vapor 36 cm Asa Baquelite &#8211; ABC Dimens\u00f5es: Peso: 2,111 Kg Altura: 20 cm Largura: 36 cm Profundidade: 36 cm<\/p>\n","protected":false},"featured_media":11971,"comment_status":"open","ping_status":"closed","template":"","meta":[],"product_brand":[],"product_cat":[374,444],"product_tag":[559],"class_list":{"0":"post-11972","1":"product","2":"type-product","3":"status-publish","4":"has-post-thumbnail","6":"product_cat-panela","7":"product_cat-utensilios","8":"product_tag-panela-cacarola-vapor-36-cm-asa-baquelite-abc","10":"first","11":"instock","12":"shipping-taxable","13":"purchasable","14":"product-type-simple"},"_links":{"self":[{"href":"https:\/\/twsites.com.br\/novomigcenter\/index.php?rest_route=\/wp\/v2\/product\/11972","targetHints":{"allow":["GET"]}}],"collection":[{"href":"https:\/\/twsites.com.br\/novomigcenter\/index.php?rest_route=\/wp\/v2\/product"}],"about":[{"href":"https:\/\/twsites.com.br\/novomigcenter\/index.php?rest_route=\/wp\/v2\/types\/product"}],"replies":[{"embeddable":true,"href":"https:\/\/twsites.com.br\/novomigcenter\/index.php?rest_route=%2Fwp%2Fv2%2Fcomments&post=11972"}],"wp:featuredmedia":[{"embeddable":true,"href":"https:\/\/twsites.com.br\/novomigcenter\/index.php?rest_route=\/wp\/v2\/media\/11971"}],"wp:attachment":[{"href":"https:\/\/twsites.com.br\/novomigcenter\/index.php?rest_route=%2Fwp%2Fv2%2Fmedia&parent=11972"}],"wp:term":[{"taxonomy":"product_brand","embeddable":true,"href":"https:\/\/twsites.com.br\/novomigcenter\/index.php?rest_route=%2Fwp%2Fv2%2Fproduct_brand&post=11972"},{"taxonomy":"product_cat","embeddable":true,"href":"https:\/\/twsites.com.br\/novomigcenter\/index.php?rest_route=%2Fwp%2Fv2%2Fproduct_cat&post=11972"},{"taxonomy":"product_tag","embeddable":true,"href":"https:\/\/twsites.com.br\/novomigcenter\/index.php?rest_route=%2Fwp%2Fv2%2Fproduct_tag&post=11972"}],"curies":[{"name":"wp","href":"https:\/\/api.w.org\/{rel}","templated":true}]}}