{"id":11982,"date":"2018-04-27T16:28:58","date_gmt":"2018-04-27T16:28:58","guid":{"rendered":"https:\/\/twsites.com.br\/novomigcenter\/?product=fum-009-fumil"},"modified":"2018-04-27T16:28:58","modified_gmt":"2018-04-27T16:28:58","slug":"fum-009-fumil","status":"publish","type":"product","link":"https:\/\/twsites.com.br\/novomigcenter\/?product=fum-009-fumil","title":{"rendered":"Panela de Ferro Moqueca 6 Litros Al\u00e7a Espiral Fumil"},"content":{"rendered":"<p>DESCRI\u00c7\u00c3O DO PRODUTO<\/p>\n<p>Panela de Ferro Moqueca 6 Litros Al\u00e7a Espiral Fumil<\/p>\n<p>Dimens\u00f5es: 32 cm<\/p>\n","protected":false},"excerpt":{"rendered":"<p>DESCRI\u00c7\u00c3O DO PRODUTO Panela de Ferro Moqueca 6 Litros Al\u00e7a Espiral Fumil Dimens\u00f5es: 32 cm<\/p>\n","protected":false},"featured_media":11981,"comment_status":"open","ping_status":"closed","template":"","meta":[],"product_brand":[],"product_cat":[374,444],"product_tag":[566],"class_list":{"0":"post-11982","1":"product","2":"type-product","3":"status-publish","4":"has-post-thumbnail","6":"product_cat-panela","7":"product_cat-utensilios","8":"product_tag-panela-de-ferro-moqueca-6-litros-alca-espiral-fumil","10":"first","11":"instock","12":"shipping-taxable","13":"purchasable","14":"product-type-simple"},"_links":{"self":[{"href":"https:\/\/twsites.com.br\/novomigcenter\/index.php?rest_route=\/wp\/v2\/product\/11982","targetHints":{"allow":["GET"]}}],"collection":[{"href":"https:\/\/twsites.com.br\/novomigcenter\/index.php?rest_route=\/wp\/v2\/product"}],"about":[{"href":"https:\/\/twsites.com.br\/novomigcenter\/index.php?rest_route=\/wp\/v2\/types\/product"}],"replies":[{"embeddable":true,"href":"https:\/\/twsites.com.br\/novomigcenter\/index.php?rest_route=%2Fwp%2Fv2%2Fcomments&post=11982"}],"wp:featuredmedia":[{"embeddable":true,"href":"https:\/\/twsites.com.br\/novomigcenter\/index.php?rest_route=\/wp\/v2\/media\/11981"}],"wp:attachment":[{"href":"https:\/\/twsites.com.br\/novomigcenter\/index.php?rest_route=%2Fwp%2Fv2%2Fmedia&parent=11982"}],"wp:term":[{"taxonomy":"product_brand","embeddable":true,"href":"https:\/\/twsites.com.br\/novomigcenter\/index.php?rest_route=%2Fwp%2Fv2%2Fproduct_brand&post=11982"},{"taxonomy":"product_cat","embeddable":true,"href":"https:\/\/twsites.com.br\/novomigcenter\/index.php?rest_route=%2Fwp%2Fv2%2Fproduct_cat&post=11982"},{"taxonomy":"product_tag","embeddable":true,"href":"https:\/\/twsites.com.br\/novomigcenter\/index.php?rest_route=%2Fwp%2Fv2%2Fproduct_tag&post=11982"}],"curies":[{"name":"wp","href":"https:\/\/api.w.org\/{rel}","templated":true}]}}