{"id":11998,"date":"2018-04-27T16:57:46","date_gmt":"2018-04-27T16:57:46","guid":{"rendered":"https:\/\/twsites.com.br\/novomigcenter\/?product=fum-238-fumil"},"modified":"2018-04-27T16:57:46","modified_gmt":"2018-04-27T16:57:46","slug":"fum-238-fumil","status":"publish","type":"product","link":"https:\/\/twsites.com.br\/novomigcenter\/?product=fum-238-fumil","title":{"rendered":"Panela Ca\u00e7arola de Ferro 11 Litros com Al\u00e7a Fumil"},"content":{"rendered":"<p>DESCRI\u00c7\u00c3O DO PRODUTO<\/p>\n<p>Panela Ca\u00e7arola de Ferro 11 Litros com Al\u00e7a Fumil<\/p>\n<p>Dimens\u00f5es: 8,5 cm x 30,9 cm<\/p>\n","protected":false},"excerpt":{"rendered":"<p>DESCRI\u00c7\u00c3O DO PRODUTO Panela Ca\u00e7arola de Ferro 11 Litros com Al\u00e7a Fumil Dimens\u00f5es: 8,5 cm x 30,9 cm<\/p>\n","protected":false},"featured_media":11997,"comment_status":"open","ping_status":"closed","template":"","meta":[],"product_brand":[],"product_cat":[374,444],"product_tag":[577],"class_list":{"0":"post-11998","1":"product","2":"type-product","3":"status-publish","4":"has-post-thumbnail","6":"product_cat-panela","7":"product_cat-utensilios","8":"product_tag-panela-cacarola-de-ferro-11-litros-com-alca-fumil","10":"first","11":"instock","12":"shipping-taxable","13":"purchasable","14":"product-type-simple"},"_links":{"self":[{"href":"https:\/\/twsites.com.br\/novomigcenter\/index.php?rest_route=\/wp\/v2\/product\/11998","targetHints":{"allow":["GET"]}}],"collection":[{"href":"https:\/\/twsites.com.br\/novomigcenter\/index.php?rest_route=\/wp\/v2\/product"}],"about":[{"href":"https:\/\/twsites.com.br\/novomigcenter\/index.php?rest_route=\/wp\/v2\/types\/product"}],"replies":[{"embeddable":true,"href":"https:\/\/twsites.com.br\/novomigcenter\/index.php?rest_route=%2Fwp%2Fv2%2Fcomments&post=11998"}],"wp:featuredmedia":[{"embeddable":true,"href":"https:\/\/twsites.com.br\/novomigcenter\/index.php?rest_route=\/wp\/v2\/media\/11997"}],"wp:attachment":[{"href":"https:\/\/twsites.com.br\/novomigcenter\/index.php?rest_route=%2Fwp%2Fv2%2Fmedia&parent=11998"}],"wp:term":[{"taxonomy":"product_brand","embeddable":true,"href":"https:\/\/twsites.com.br\/novomigcenter\/index.php?rest_route=%2Fwp%2Fv2%2Fproduct_brand&post=11998"},{"taxonomy":"product_cat","embeddable":true,"href":"https:\/\/twsites.com.br\/novomigcenter\/index.php?rest_route=%2Fwp%2Fv2%2Fproduct_cat&post=11998"},{"taxonomy":"product_tag","embeddable":true,"href":"https:\/\/twsites.com.br\/novomigcenter\/index.php?rest_route=%2Fwp%2Fv2%2Fproduct_tag&post=11998"}],"curies":[{"name":"wp","href":"https:\/\/api.w.org\/{rel}","templated":true}]}}