{"id":12000,"date":"2018-04-27T16:58:58","date_gmt":"2018-04-27T16:58:58","guid":{"rendered":"https:\/\/twsites.com.br\/novomigcenter\/?product=caldeirao-panela-942-litros-aluminio-hotel-50-abc"},"modified":"2018-04-27T16:58:58","modified_gmt":"2018-04-27T16:58:58","slug":"caldeirao-panela-942-litros-aluminio-hotel-50-abc","status":"publish","type":"product","link":"https:\/\/twsites.com.br\/novomigcenter\/?product=caldeirao-panela-942-litros-aluminio-hotel-50-abc","title":{"rendered":"Caldeir\u00e3o Panela 94,2 Litros Alum\u00ednio Hotel 50 &#8211; ABC"},"content":{"rendered":"<p>DESCRI\u00c7\u00c3O DO PRODUTO<\/p>\n<p>Caracter\u00edsticas:<\/p>\n<p>Caldeir\u00e3o Panela 94,2 Litros Alum\u00ednio Hotel 50 &#8211; ABC<\/p>\n<p>Dimens\u00f5es:<\/p>\n<p>Peso: 7,896 Kg<\/p>\n<p>Altura: 48 cm<\/p>\n<p>Largura: 50 cm<\/p>\n<p>Profundidade: 50 cm<\/p>\n","protected":false},"excerpt":{"rendered":"<p>DESCRI\u00c7\u00c3O DO PRODUTO Caracter\u00edsticas: Caldeir\u00e3o Panela 94,2 Litros Alum\u00ednio Hotel 50 &#8211; ABC Dimens\u00f5es: Peso: 7,896 Kg Altura: 48 cm Largura: 50 cm Profundidade: 50 cm<\/p>\n","protected":false},"featured_media":11999,"comment_status":"open","ping_status":"closed","template":"","meta":[],"product_brand":[],"product_cat":[374,444],"product_tag":[565,578],"class_list":{"0":"post-12000","1":"product","2":"type-product","3":"status-publish","4":"has-post-thumbnail","6":"product_cat-panela","7":"product_cat-utensilios","8":"product_tag-2-litros-aluminio-hotel-50-abc","9":"product_tag-caldeirao-panela-94","11":"first","12":"instock","13":"shipping-taxable","14":"purchasable","15":"product-type-simple"},"_links":{"self":[{"href":"https:\/\/twsites.com.br\/novomigcenter\/index.php?rest_route=\/wp\/v2\/product\/12000","targetHints":{"allow":["GET"]}}],"collection":[{"href":"https:\/\/twsites.com.br\/novomigcenter\/index.php?rest_route=\/wp\/v2\/product"}],"about":[{"href":"https:\/\/twsites.com.br\/novomigcenter\/index.php?rest_route=\/wp\/v2\/types\/product"}],"replies":[{"embeddable":true,"href":"https:\/\/twsites.com.br\/novomigcenter\/index.php?rest_route=%2Fwp%2Fv2%2Fcomments&post=12000"}],"wp:featuredmedia":[{"embeddable":true,"href":"https:\/\/twsites.com.br\/novomigcenter\/index.php?rest_route=\/wp\/v2\/media\/11999"}],"wp:attachment":[{"href":"https:\/\/twsites.com.br\/novomigcenter\/index.php?rest_route=%2Fwp%2Fv2%2Fmedia&parent=12000"}],"wp:term":[{"taxonomy":"product_brand","embeddable":true,"href":"https:\/\/twsites.com.br\/novomigcenter\/index.php?rest_route=%2Fwp%2Fv2%2Fproduct_brand&post=12000"},{"taxonomy":"product_cat","embeddable":true,"href":"https:\/\/twsites.com.br\/novomigcenter\/index.php?rest_route=%2Fwp%2Fv2%2Fproduct_cat&post=12000"},{"taxonomy":"product_tag","embeddable":true,"href":"https:\/\/twsites.com.br\/novomigcenter\/index.php?rest_route=%2Fwp%2Fv2%2Fproduct_tag&post=12000"}],"curies":[{"name":"wp","href":"https:\/\/api.w.org\/{rel}","templated":true}]}}