{"id":12004,"date":"2018-04-27T17:01:41","date_gmt":"2018-04-27T17:01:41","guid":{"rendered":"https:\/\/twsites.com.br\/novomigcenter\/?product=fumil-fum-240"},"modified":"2018-04-27T17:01:41","modified_gmt":"2018-04-27T17:01:41","slug":"fumil-fum-240","status":"publish","type":"product","link":"https:\/\/twsites.com.br\/novomigcenter\/?product=fumil-fum-240","title":{"rendered":"Panela Ca\u00e7arola de Ferro 15 Litros com Al\u00e7a Fumil"},"content":{"rendered":"<p>DESCRI\u00c7\u00c3O DO PRODUTO<\/p>\n<p>Panela Ca\u00e7arola de Ferro 15 Litros com Al\u00e7a Fumil<\/p>\n<p>Dimens\u00f5es: 20 cm x 25 cm<\/p>\n","protected":false},"excerpt":{"rendered":"<p>DESCRI\u00c7\u00c3O DO PRODUTO Panela Ca\u00e7arola de Ferro 15 Litros com Al\u00e7a Fumil Dimens\u00f5es: 20 cm x 25 cm<\/p>\n","protected":false},"featured_media":12003,"comment_status":"open","ping_status":"closed","template":"","meta":[],"product_brand":[],"product_cat":[374,444],"product_tag":[580],"class_list":{"0":"post-12004","1":"product","2":"type-product","3":"status-publish","4":"has-post-thumbnail","6":"product_cat-panela","7":"product_cat-utensilios","8":"product_tag-panela-cacarola-de-ferro-15-litros-com-alca-fumildescricao-do-produto-panela-cacarola-de-ferro-15-litros-com-alca-fumil-dimensoes-20-cm-x-25-cm","10":"first","11":"instock","12":"shipping-taxable","13":"purchasable","14":"product-type-simple"},"_links":{"self":[{"href":"https:\/\/twsites.com.br\/novomigcenter\/index.php?rest_route=\/wp\/v2\/product\/12004","targetHints":{"allow":["GET"]}}],"collection":[{"href":"https:\/\/twsites.com.br\/novomigcenter\/index.php?rest_route=\/wp\/v2\/product"}],"about":[{"href":"https:\/\/twsites.com.br\/novomigcenter\/index.php?rest_route=\/wp\/v2\/types\/product"}],"replies":[{"embeddable":true,"href":"https:\/\/twsites.com.br\/novomigcenter\/index.php?rest_route=%2Fwp%2Fv2%2Fcomments&post=12004"}],"wp:featuredmedia":[{"embeddable":true,"href":"https:\/\/twsites.com.br\/novomigcenter\/index.php?rest_route=\/wp\/v2\/media\/12003"}],"wp:attachment":[{"href":"https:\/\/twsites.com.br\/novomigcenter\/index.php?rest_route=%2Fwp%2Fv2%2Fmedia&parent=12004"}],"wp:term":[{"taxonomy":"product_brand","embeddable":true,"href":"https:\/\/twsites.com.br\/novomigcenter\/index.php?rest_route=%2Fwp%2Fv2%2Fproduct_brand&post=12004"},{"taxonomy":"product_cat","embeddable":true,"href":"https:\/\/twsites.com.br\/novomigcenter\/index.php?rest_route=%2Fwp%2Fv2%2Fproduct_cat&post=12004"},{"taxonomy":"product_tag","embeddable":true,"href":"https:\/\/twsites.com.br\/novomigcenter\/index.php?rest_route=%2Fwp%2Fv2%2Fproduct_tag&post=12004"}],"curies":[{"name":"wp","href":"https:\/\/api.w.org\/{rel}","templated":true}]}}