{"id":12020,"date":"2018-04-27T17:17:12","date_gmt":"2018-04-27T17:17:12","guid":{"rendered":"https:\/\/twsites.com.br\/novomigcenter\/?product=cuba-policarbonato-cristal-gastronomica-gn-1-9-de-100-mm"},"modified":"2018-04-27T17:17:12","modified_gmt":"2018-04-27T17:17:12","slug":"cuba-policarbonato-cristal-gastronomica-gn-1-9-de-100-mm","status":"publish","type":"product","link":"https:\/\/twsites.com.br\/novomigcenter\/?product=cuba-policarbonato-cristal-gastronomica-gn-1-9-de-100-mm","title":{"rendered":"Cuba Policarbonato Cristal Gastron\u00f4mica GN 1\/9 de 100 mm"},"content":{"rendered":"<p>DESCRI\u00c7\u00c3O DO PRODUTO<\/p>\n<p>Cuba Policarbonato Cristal Gastron\u00f4mica GN 1\/9 de 100 mm<\/p>\n<p>As GN\u2019S Gourmet Mix em Policarbonato foram desenvolvidas para suportar temperaturas altas (at\u00e9 100\u00b0C) e baixas (at\u00e9 -40\u00b0C) sem deformar. \u00c9 super resistente e possui um \u00f3timo custo benef\u00edcio em rela\u00e7\u00e3o ao a\u00e7o inox. As pe\u00e7as s\u00e3o empilh\u00e1veis, o que facilita na organiza\u00e7\u00e3o e armazenamento. A linha est\u00e1 dispon\u00edvel em duas cores: Cristal, que \u00e9 transparente, e Branca, que \u00e9 muito parecida com a porcelana.<\/p>\n<p>Dimens\u00f5es:<\/p>\n<p>Peso: 0,129 Kg<\/p>\n<p>Altura: 10 Cm<\/p>\n<p>Largura: 17,6 Cm<\/p>\n<p>Profundidade: 10,8 Cm<\/p>\n","protected":false},"excerpt":{"rendered":"<p>DESCRI\u00c7\u00c3O DO PRODUTO Cuba Policarbonato Cristal Gastron\u00f4mica GN 1\/9 de 100 mm As GN\u2019S Gourmet Mix em Policarbonato foram desenvolvidas para suportar temperaturas altas (at\u00e9 100\u00b0C) e baixas (at\u00e9 -40\u00b0C) sem deformar. \u00c9 super resistente e possui um \u00f3timo custo benef\u00edcio em rela\u00e7\u00e3o ao a\u00e7o inox. As pe\u00e7as s\u00e3o empilh\u00e1veis, o que facilita na organiza\u00e7\u00e3o [&hellip;]<\/p>\n","protected":false},"featured_media":12019,"comment_status":"open","ping_status":"closed","template":"","meta":[],"product_brand":[],"product_cat":[351,436],"product_tag":[588],"class_list":{"0":"post-12020","1":"product","2":"type-product","3":"status-publish","4":"has-post-thumbnail","6":"product_cat-cuba","7":"product_cat-cozinha","8":"product_tag-cuba-policarbonato-cristal-gastronomica-gn-1-9-de-100-mm","10":"first","11":"instock","12":"shipping-taxable","13":"purchasable","14":"product-type-simple"},"_links":{"self":[{"href":"https:\/\/twsites.com.br\/novomigcenter\/index.php?rest_route=\/wp\/v2\/product\/12020","targetHints":{"allow":["GET"]}}],"collection":[{"href":"https:\/\/twsites.com.br\/novomigcenter\/index.php?rest_route=\/wp\/v2\/product"}],"about":[{"href":"https:\/\/twsites.com.br\/novomigcenter\/index.php?rest_route=\/wp\/v2\/types\/product"}],"replies":[{"embeddable":true,"href":"https:\/\/twsites.com.br\/novomigcenter\/index.php?rest_route=%2Fwp%2Fv2%2Fcomments&post=12020"}],"wp:featuredmedia":[{"embeddable":true,"href":"https:\/\/twsites.com.br\/novomigcenter\/index.php?rest_route=\/wp\/v2\/media\/12019"}],"wp:attachment":[{"href":"https:\/\/twsites.com.br\/novomigcenter\/index.php?rest_route=%2Fwp%2Fv2%2Fmedia&parent=12020"}],"wp:term":[{"taxonomy":"product_brand","embeddable":true,"href":"https:\/\/twsites.com.br\/novomigcenter\/index.php?rest_route=%2Fwp%2Fv2%2Fproduct_brand&post=12020"},{"taxonomy":"product_cat","embeddable":true,"href":"https:\/\/twsites.com.br\/novomigcenter\/index.php?rest_route=%2Fwp%2Fv2%2Fproduct_cat&post=12020"},{"taxonomy":"product_tag","embeddable":true,"href":"https:\/\/twsites.com.br\/novomigcenter\/index.php?rest_route=%2Fwp%2Fv2%2Fproduct_tag&post=12020"}],"curies":[{"name":"wp","href":"https:\/\/api.w.org\/{rel}","templated":true}]}}