{"id":12054,"date":"2018-05-02T12:07:44","date_gmt":"2018-05-02T12:07:44","guid":{"rendered":"https:\/\/twsites.com.br\/novomigcenter\/?product=tampa-de-policarbonato-cristal-1-3-para-cuba-de-policarbonato"},"modified":"2018-05-02T12:07:44","modified_gmt":"2018-05-02T12:07:44","slug":"tampa-de-policarbonato-cristal-1-3-para-cuba-de-policarbonato","status":"publish","type":"product","link":"https:\/\/twsites.com.br\/novomigcenter\/?product=tampa-de-policarbonato-cristal-1-3-para-cuba-de-policarbonato","title":{"rendered":"Tampa de Policarbonato Cristal 1\/3 para Cuba de Policarbonato"},"content":{"rendered":"<div class=\"heading-content\">\n<h3 class=\"product-description-heading\">Descri\u00e7\u00e3o do produto                             <\/h3>\n<\/p><\/div>\n<\/p>\n<div class=\"product-description-text-content product-tab-content\">\n<p>Tampa de Policarbonato Cristal 1\/3 para Cuba de Policarbonato<\/p>\n<p>Tampas indicadas para GN\u2019S Gourmet Mix em Policarbonato desenvolvidas  para suportar temperaturas altas (at\u00e9 100\u00b0C) e baixas (at\u00e9 -40\u00b0C) sem  deformar. \u00c9 super resistente e possui um \u00f3timo custo benef\u00edcio em  rela\u00e7\u00e3o ao a\u00e7o inox. A linha est\u00e1 dispon\u00edvel em duas cores: Cristal, que  \u00e9 transparente, e Branca, que \u00e9 muito parecida com a porcelana.<\/p>\n<p>Dimens\u00f5es:<\/p>\n<p>Peso: 0,172 Kg<\/p>\n<p>Altura: 2 Cm<\/p>\n<p>Largura: 32,5 Cm<\/p>\n<p>Profundidade: 17,6 Cm<\/p>\n<\/div>\n","protected":false},"excerpt":{"rendered":"<p>Descri\u00e7\u00e3o do produto Tampa de Policarbonato Cristal 1\/3 para Cuba de Policarbonato Tampas indicadas para GN\u2019S Gourmet Mix em Policarbonato desenvolvidas para suportar temperaturas altas (at\u00e9 100\u00b0C) e baixas (at\u00e9 -40\u00b0C) sem deformar. \u00c9 super resistente e possui um \u00f3timo custo benef\u00edcio em rela\u00e7\u00e3o ao a\u00e7o inox. A linha est\u00e1 dispon\u00edvel em duas cores: Cristal, [&hellip;]<\/p>\n","protected":false},"featured_media":12053,"comment_status":"open","ping_status":"closed","template":"","meta":[],"product_brand":[],"product_cat":[351,436],"product_tag":[605],"class_list":{"0":"post-12054","1":"product","2":"type-product","3":"status-publish","4":"has-post-thumbnail","6":"product_cat-cuba","7":"product_cat-cozinha","8":"product_tag-tampa-de-policarbonato-cristal-1-3-para-cuba-de-policarbonato","10":"first","11":"instock","12":"shipping-taxable","13":"purchasable","14":"product-type-simple"},"_links":{"self":[{"href":"https:\/\/twsites.com.br\/novomigcenter\/index.php?rest_route=\/wp\/v2\/product\/12054","targetHints":{"allow":["GET"]}}],"collection":[{"href":"https:\/\/twsites.com.br\/novomigcenter\/index.php?rest_route=\/wp\/v2\/product"}],"about":[{"href":"https:\/\/twsites.com.br\/novomigcenter\/index.php?rest_route=\/wp\/v2\/types\/product"}],"replies":[{"embeddable":true,"href":"https:\/\/twsites.com.br\/novomigcenter\/index.php?rest_route=%2Fwp%2Fv2%2Fcomments&post=12054"}],"wp:featuredmedia":[{"embeddable":true,"href":"https:\/\/twsites.com.br\/novomigcenter\/index.php?rest_route=\/wp\/v2\/media\/12053"}],"wp:attachment":[{"href":"https:\/\/twsites.com.br\/novomigcenter\/index.php?rest_route=%2Fwp%2Fv2%2Fmedia&parent=12054"}],"wp:term":[{"taxonomy":"product_brand","embeddable":true,"href":"https:\/\/twsites.com.br\/novomigcenter\/index.php?rest_route=%2Fwp%2Fv2%2Fproduct_brand&post=12054"},{"taxonomy":"product_cat","embeddable":true,"href":"https:\/\/twsites.com.br\/novomigcenter\/index.php?rest_route=%2Fwp%2Fv2%2Fproduct_cat&post=12054"},{"taxonomy":"product_tag","embeddable":true,"href":"https:\/\/twsites.com.br\/novomigcenter\/index.php?rest_route=%2Fwp%2Fv2%2Fproduct_tag&post=12054"}],"curies":[{"name":"wp","href":"https:\/\/api.w.org\/{rel}","templated":true}]}}