{"id":12100,"date":"2018-05-02T15:25:12","date_gmt":"2018-05-02T15:25:12","guid":{"rendered":"https:\/\/twsites.com.br\/novomigcenter\/?product=cuba-inox-gastronomica-gn-1-1-de-65-mm"},"modified":"2018-05-02T15:25:12","modified_gmt":"2018-05-02T15:25:12","slug":"cuba-inox-gastronomica-gn-1-1-de-65-mm","status":"publish","type":"product","link":"https:\/\/twsites.com.br\/novomigcenter\/?product=cuba-inox-gastronomica-gn-1-1-de-65-mm","title":{"rendered":"Cuba Inox Gastron\u00f4mica GN 1\/1 de 65 mm"},"content":{"rendered":"<div class=\"heading-content\">\n<h3 class=\"product-description-heading\">Descri\u00e7\u00e3o do produto                             <\/h3>\n<\/p><\/div>\n<\/p>\n<div class=\"product-description-text-content product-tab-content\">\n<p><span style=\"font-size: 14pt;\">Cuba Inox Gastron\u00f4mica GN 1\/1 de 65 mm<\/span><\/p>\n<p><span style=\"font-size: 14pt;\">As GN\u2019S Gourmet Mix em A\u00e7o Inox  facilitam a higieniza\u00e7\u00e3o, suportam baixas e altas temperaturas e  resistem a opera\u00e7\u00f5es bruscas com grande durabilidade.<\/span><\/p>\n<p><span style=\"font-size: 14pt;\">Dimens\u00f5es:<\/span><\/p>\n<p><span style=\"font-size: 14pt;\">Peso: 0,848 Kg<\/span><\/p>\n<p><span style=\"font-size: 14pt;\">Altura: 6,5 Cm<\/span><\/p>\n<p><span style=\"font-size: 14pt;\">Largura: 53 Cm<\/span><\/p>\n<p><span style=\"font-size: 14pt;\">Profundidade: 32,5 Cm<\/span><\/p>\n<\/div>\n","protected":false},"excerpt":{"rendered":"<p>Descri\u00e7\u00e3o do produto Cuba Inox Gastron\u00f4mica GN 1\/1 de 65 mm As GN\u2019S Gourmet Mix em A\u00e7o Inox facilitam a higieniza\u00e7\u00e3o, suportam baixas e altas temperaturas e resistem a opera\u00e7\u00f5es bruscas com grande durabilidade. Dimens\u00f5es: Peso: 0,848 Kg Altura: 6,5 Cm Largura: 53 Cm Profundidade: 32,5 Cm<\/p>\n","protected":false},"featured_media":12099,"comment_status":"open","ping_status":"closed","template":"","meta":[],"product_brand":[],"product_cat":[351,436],"product_tag":[628],"class_list":{"0":"post-12100","1":"product","2":"type-product","3":"status-publish","4":"has-post-thumbnail","6":"product_cat-cuba","7":"product_cat-cozinha","8":"product_tag-cuba-inox-gastronomica-gn-1-1-de-65-mm","10":"first","11":"instock","12":"shipping-taxable","13":"purchasable","14":"product-type-simple"},"_links":{"self":[{"href":"https:\/\/twsites.com.br\/novomigcenter\/index.php?rest_route=\/wp\/v2\/product\/12100","targetHints":{"allow":["GET"]}}],"collection":[{"href":"https:\/\/twsites.com.br\/novomigcenter\/index.php?rest_route=\/wp\/v2\/product"}],"about":[{"href":"https:\/\/twsites.com.br\/novomigcenter\/index.php?rest_route=\/wp\/v2\/types\/product"}],"replies":[{"embeddable":true,"href":"https:\/\/twsites.com.br\/novomigcenter\/index.php?rest_route=%2Fwp%2Fv2%2Fcomments&post=12100"}],"wp:featuredmedia":[{"embeddable":true,"href":"https:\/\/twsites.com.br\/novomigcenter\/index.php?rest_route=\/wp\/v2\/media\/12099"}],"wp:attachment":[{"href":"https:\/\/twsites.com.br\/novomigcenter\/index.php?rest_route=%2Fwp%2Fv2%2Fmedia&parent=12100"}],"wp:term":[{"taxonomy":"product_brand","embeddable":true,"href":"https:\/\/twsites.com.br\/novomigcenter\/index.php?rest_route=%2Fwp%2Fv2%2Fproduct_brand&post=12100"},{"taxonomy":"product_cat","embeddable":true,"href":"https:\/\/twsites.com.br\/novomigcenter\/index.php?rest_route=%2Fwp%2Fv2%2Fproduct_cat&post=12100"},{"taxonomy":"product_tag","embeddable":true,"href":"https:\/\/twsites.com.br\/novomigcenter\/index.php?rest_route=%2Fwp%2Fv2%2Fproduct_tag&post=12100"}],"curies":[{"name":"wp","href":"https:\/\/api.w.org\/{rel}","templated":true}]}}