{"id":12114,"date":"2018-05-02T15:45:01","date_gmt":"2018-05-02T15:45:01","guid":{"rendered":"https:\/\/twsites.com.br\/novomigcenter\/?product=cuba-inox-gastronomica-gn-1-1-de-100-mm"},"modified":"2018-05-02T15:45:01","modified_gmt":"2018-05-02T15:45:01","slug":"cuba-inox-gastronomica-gn-1-1-de-100-mm","status":"publish","type":"product","link":"https:\/\/twsites.com.br\/novomigcenter\/?product=cuba-inox-gastronomica-gn-1-1-de-100-mm","title":{"rendered":"Cuba Inox Gastron\u00f4mica GN 1\/1 de 100 mm"},"content":{"rendered":"<div class=\"heading-content\">\n<h3 class=\"product-description-heading\"><font face=\"Arial\"><span style=\"font-size: 14px;\"><br \/><\/span><\/font><\/h3>\n<h3 class=\"product-description-heading\"><font face=\"Arial\"><span style=\"font-size: 14px;\"><b>Descri\u00e7\u00e3o do produto                             <\/b><\/span><\/font><\/h3>\n<p><span style=\"font-size: 14px;\">                         <\/span><\/div>\n<p><span style=\"font-size: 14px;\">                           <\/span><\/p>\n<div class=\"product-description-text-content product-tab-content\"><span style=\"font-size: 14px;\">                             <\/span><\/p>\n<p><span style=\"font-family: Arial; font-size: 14px;\">Cuba Inox Gastron\u00f4mica GN 1\/1 de 100 mm<\/span><\/p>\n<p><span style=\"font-size: 14px;\"> <\/span><\/p>\n<p><span style=\"font-size: 14px;\"><font face=\"Arial\">As GN\u2019S Gourmet Mix em A\u00e7o Inox  facilitam a higieniza\u00e7\u00e3o, suportam baixas e altas temperaturas e  resistem a opera\u00e7\u00f5es bruscas com grande durabilidade.<\/font><\/span><\/p>\n<p><span style=\"font-size: 14px;\"> <\/span><\/p>\n<p><span style=\"font-size: 14px;\"><font face=\"Arial\"><b>Dimens\u00f5es:<\/b><\/font><\/span><\/p>\n<p><span style=\"font-size: 14px;\"> <\/span><\/p>\n<p><span style=\"font-size: 14px;\"><font face=\"Arial\"><b>Peso:<\/b> 1,017 Kg<\/font><\/span><\/p>\n<p><span style=\"font-size: 14px;\"> <\/span><\/p>\n<p><span style=\"font-size: 14px;\"><font face=\"Arial\"><b>Altura:<\/b> 10 Cm<\/font><\/span><\/p>\n<p><span style=\"font-size: 14px;\"> <\/span><\/p>\n<p><span style=\"font-size: 14px;\"><font face=\"Arial\"><b>Largura:<\/b> 53 Cm<\/font><\/span><\/p>\n<p><span style=\"font-size: 14px;\"> <\/span><\/p>\n<p><span style=\"font-size: 14px;\"><font face=\"Arial\"><b>Profundidade:<\/b> 32,5 Cm<\/font><\/span><\/p>\n<\/div>\n","protected":false},"excerpt":{"rendered":"<p>Descri\u00e7\u00e3o do produto Cuba Inox Gastron\u00f4mica GN 1\/1 de 100 mm As GN\u2019S Gourmet Mix em A\u00e7o Inox facilitam a higieniza\u00e7\u00e3o, suportam baixas e altas temperaturas e resistem a opera\u00e7\u00f5es bruscas com grande durabilidade. Dimens\u00f5es: Peso: 1,017 Kg Altura: 10 Cm Largura: 53 Cm Profundidade: 32,5 Cm<\/p>\n","protected":false},"featured_media":12113,"comment_status":"open","ping_status":"closed","template":"","meta":[],"product_brand":[],"product_cat":[351,436],"product_tag":[634],"class_list":{"0":"post-12114","1":"product","2":"type-product","3":"status-publish","4":"has-post-thumbnail","6":"product_cat-cuba","7":"product_cat-cozinha","8":"product_tag-cuba-inox-gastronomica-gn-1-1-de-100-mm","10":"first","11":"instock","12":"shipping-taxable","13":"purchasable","14":"product-type-simple"},"_links":{"self":[{"href":"https:\/\/twsites.com.br\/novomigcenter\/index.php?rest_route=\/wp\/v2\/product\/12114","targetHints":{"allow":["GET"]}}],"collection":[{"href":"https:\/\/twsites.com.br\/novomigcenter\/index.php?rest_route=\/wp\/v2\/product"}],"about":[{"href":"https:\/\/twsites.com.br\/novomigcenter\/index.php?rest_route=\/wp\/v2\/types\/product"}],"replies":[{"embeddable":true,"href":"https:\/\/twsites.com.br\/novomigcenter\/index.php?rest_route=%2Fwp%2Fv2%2Fcomments&post=12114"}],"wp:featuredmedia":[{"embeddable":true,"href":"https:\/\/twsites.com.br\/novomigcenter\/index.php?rest_route=\/wp\/v2\/media\/12113"}],"wp:attachment":[{"href":"https:\/\/twsites.com.br\/novomigcenter\/index.php?rest_route=%2Fwp%2Fv2%2Fmedia&parent=12114"}],"wp:term":[{"taxonomy":"product_brand","embeddable":true,"href":"https:\/\/twsites.com.br\/novomigcenter\/index.php?rest_route=%2Fwp%2Fv2%2Fproduct_brand&post=12114"},{"taxonomy":"product_cat","embeddable":true,"href":"https:\/\/twsites.com.br\/novomigcenter\/index.php?rest_route=%2Fwp%2Fv2%2Fproduct_cat&post=12114"},{"taxonomy":"product_tag","embeddable":true,"href":"https:\/\/twsites.com.br\/novomigcenter\/index.php?rest_route=%2Fwp%2Fv2%2Fproduct_tag&post=12114"}],"curies":[{"name":"wp","href":"https:\/\/api.w.org\/{rel}","templated":true}]}}