{"id":12129,"date":"2018-05-07T15:10:34","date_gmt":"2018-05-07T15:10:34","guid":{"rendered":"https:\/\/twsites.com.br\/novomigcenter\/?product=fogareiro-ferro-fumil"},"modified":"2018-05-07T15:10:34","modified_gmt":"2018-05-07T15:10:34","slug":"fogareiro-ferro-fumil","status":"publish","type":"product","link":"https:\/\/twsites.com.br\/novomigcenter\/?product=fogareiro-ferro-fumil","title":{"rendered":"Fogareiro Ferro Rechaud Fumil"},"content":{"rendered":"<p><span style=\"font-weight: bold;\">Fogareiro Ferro Rechaud Fumil<\/span><\/p>\n<p class=\"MsoNormal\" style=\"text-align:justify\">O fogareiro redondo de ferro fundido da Fumil foi idealizado pensando especialmente nos clientes e em sua experi\u00eancia com a gastronomia. Um estabelecimento como um restaurante, por exemplo, proporciona ao cliente muito mais do que apenas a saciedade. Proporciona momentos de lazer, \u00e9 onde as pessoas se reunem para descontrair e ter boas experi\u00eancias. Por isso \u00e9 t\u00e3o importante investir em produtos que tornem seu estabelecimento acolhedor e inesquec\u00edvel.<o:p><\/o:p><\/p>\n<p class=\"MsoNormal\" style=\"text-align:justify\">&nbsp;<o:p><\/o:p><\/p>\n<p class=\"MsoNormal\" style=\"text-align:justify\"><b>Panelas Fumil<o:p><\/o:p><\/b><\/p>\n<p class=\"MsoNormal\" style=\"text-align:justify\">O rechaud da Fumil \u00e9 especialmente dur\u00e1vel, j\u00e1 que a empresa se dedica a fabricar todo tipo de panelas em ferro fundido e \u00e9 especializada nesse tipo de utens\u00edlio. O ferro fundido \u00e9 um dos \u00fanicos materiais que s\u00f3 melhoram conforme o uso. Isso porque a parte interna fica cada vez mais lisa e anti aderente.<o:p><\/o:p><\/p>\n<p class=\"MsoNormal\" style=\"text-align:justify\"><b>&nbsp;<o:p><\/o:p><\/b><\/p>\n<p class=\"MsoNormal\" style=\"text-align:justify\"><b>Dimens\u00f5es<o:p><\/o:p><\/b><\/p>\n<p class=\"MsoNormal\" style=\"text-align:justify\">25 x 28 cm<o:p><\/o:p><\/p>\n<p class=\"MsoNormal\" style=\"text-align:justify\"><b>&nbsp;<o:p><\/o:p><\/b><\/p>\n<p class=\"MsoNormal\" style=\"text-align:justify\"><b>Suporte<o:p><\/o:p><\/b><\/p>\n<p class=\"MsoNormal\" style=\"text-align:justify\">Para mais informa\u00e7\u00f5es sobre as panelas Fumil, fale com a f\u00e1brica (37) 3214-1144.entre em contato com a Brinox pelo n\u00famero 54 4009.7000.<o:p><\/o:p><\/p>\n<p class=\"MsoNormal\" style=\"text-align:justify\"><o:p><\/o:p><\/p>\n<p class=\"MsoNormal\" style=\"text-align:justify\"><o:p><\/o:p><\/p>\n<p class=\"MsoNormal\" style=\"text-align:justify\"><o:p><\/o:p><\/p>\n<\/p>\n<p class=\"MsoNormal\" style=\"text-align:justify\"><o:p><\/o:p><\/p>\n","protected":false},"excerpt":{"rendered":"<p>Fogareiro Ferro Rechaud Fumil O fogareiro redondo de ferro fundido da Fumil foi idealizado pensando especialmente nos clientes e em sua experi\u00eancia com a gastronomia. Um estabelecimento como um restaurante, por exemplo, proporciona ao cliente muito mais do que apenas a saciedade. Proporciona momentos de lazer, \u00e9 onde as pessoas se reunem para descontrair e [&hellip;]<\/p>\n","protected":false},"featured_media":12125,"comment_status":"open","ping_status":"closed","template":"","meta":[],"product_brand":[],"product_cat":[357,436],"product_tag":[],"class_list":{"0":"post-12129","1":"product","2":"type-product","3":"status-publish","4":"has-post-thumbnail","6":"product_cat-rechaud","7":"product_cat-cozinha","9":"first","10":"instock","11":"shipping-taxable","12":"purchasable","13":"product-type-simple"},"_links":{"self":[{"href":"https:\/\/twsites.com.br\/novomigcenter\/index.php?rest_route=\/wp\/v2\/product\/12129","targetHints":{"allow":["GET"]}}],"collection":[{"href":"https:\/\/twsites.com.br\/novomigcenter\/index.php?rest_route=\/wp\/v2\/product"}],"about":[{"href":"https:\/\/twsites.com.br\/novomigcenter\/index.php?rest_route=\/wp\/v2\/types\/product"}],"replies":[{"embeddable":true,"href":"https:\/\/twsites.com.br\/novomigcenter\/index.php?rest_route=%2Fwp%2Fv2%2Fcomments&post=12129"}],"wp:featuredmedia":[{"embeddable":true,"href":"https:\/\/twsites.com.br\/novomigcenter\/index.php?rest_route=\/wp\/v2\/media\/12125"}],"wp:attachment":[{"href":"https:\/\/twsites.com.br\/novomigcenter\/index.php?rest_route=%2Fwp%2Fv2%2Fmedia&parent=12129"}],"wp:term":[{"taxonomy":"product_brand","embeddable":true,"href":"https:\/\/twsites.com.br\/novomigcenter\/index.php?rest_route=%2Fwp%2Fv2%2Fproduct_brand&post=12129"},{"taxonomy":"product_cat","embeddable":true,"href":"https:\/\/twsites.com.br\/novomigcenter\/index.php?rest_route=%2Fwp%2Fv2%2Fproduct_cat&post=12129"},{"taxonomy":"product_tag","embeddable":true,"href":"https:\/\/twsites.com.br\/novomigcenter\/index.php?rest_route=%2Fwp%2Fv2%2Fproduct_tag&post=12129"}],"curies":[{"name":"wp","href":"https:\/\/api.w.org\/{rel}","templated":true}]}}