{"id":12132,"date":"2018-05-07T15:16:16","date_gmt":"2018-05-07T15:16:16","guid":{"rendered":"https:\/\/twsites.com.br\/novomigcenter\/?product=rechaud-fumil-alca-comum-1-fogareiro-cod-fum-747"},"modified":"2018-05-07T15:16:16","modified_gmt":"2018-05-07T15:16:16","slug":"rechaud-fumil-alca-comum-1-fogareiro-cod-fum-747","status":"publish","type":"product","link":"https:\/\/twsites.com.br\/novomigcenter\/?product=rechaud-fumil-alca-comum-1-fogareiro-cod-fum-747","title":{"rendered":"Rechaud de Ferro 1 Fogareiro Fumil"},"content":{"rendered":"<p class=\"MsoNormal\"><b><font face=\"Arial\"><span style=\"font-size: 14px;\">Rechaud de Ferro 1 Fogareiro Fumil<\/span><o:p><\/o:p><\/font><\/b><\/p>\n<p><span style=\"font-size: 14px;\">  <\/span><\/p>\n<p class=\"MsoNormal\" style=\"text-align:justify\"><font face=\"Arial\"><span style=\"font-size: 14px;\">O rechaud \u00e9 bastante utilizado para levar comida quente at\u00e9 a mesa do cliente, principalmente em lugares onde o clima \u00e9 frio e no inverno. \u00c9 bastante usado para servir carnes, peixes e empanados. Al\u00e9m de manter a temperatura do alimento, tamb\u00e9m \u00e9 uma experi\u00eancia diferente para o cliente.<\/span><o:p><\/o:p><\/font><\/p>\n<p><span style=\"font-size: 14px;\">  <\/span><\/p>\n<p class=\"MsoNormal\"><b><font face=\"Arial\"><span style=\"font-size: 14px;\">&nbsp;<\/span><o:p><\/o:p><\/font><\/b><\/p>\n<p><span style=\"font-size: 14px;\">  <\/span><\/p>\n<p class=\"MsoNormal\"><b><font face=\"Arial\"><span style=\"font-size: 14px;\">Superf\u00edcie de Ferro Fundido<\/span><o:p><\/o:p><\/font><\/b><\/p>\n<p><span style=\"font-size: 14px;\">  <\/span><\/p>\n<p class=\"MsoNormal\" style=\"text-align:justify\"><font face=\"Arial\"><span style=\"font-size: 14px;\">A superf\u00edcie do rechaud consiste em uma chapa de ferro fundido, por tanto \u00e9 um produto bem vers\u00e1til, que serve para servir diversos alimentos. Sua superf\u00edcie tamb\u00e9m garante mais sucul\u00eancia \u00e0s carnes e o ferro proporciona mais vitaminas para os alimentos.<\/span><o:p><\/o:p><\/font><\/p>\n<p><span style=\"font-size: 14px;\">  <\/span><\/p>\n<p class=\"MsoNormal\"><b><font face=\"Arial\"><span style=\"font-size: 14px;\">&nbsp;<\/span><o:p><\/o:p><\/font><\/b><\/p>\n<p><span style=\"font-size: 14px;\">  <\/span><\/p>\n<p class=\"MsoNormal\"><b><font face=\"Arial\"><span style=\"font-size: 14px;\">Dimens\u00f5es<\/span><o:p><\/o:p><\/font><\/b><\/p>\n<p><span style=\"font-size: 14px;\">  <\/span><\/p>\n<p class=\"MsoNormal\"><font face=\"Arial\"><span style=\"font-size: 14px;\">25 x 45 cm<\/span><\/font><o:p><\/o:p><\/p>\n","protected":false},"excerpt":{"rendered":"<p>Rechaud de Ferro 1 Fogareiro Fumil O rechaud \u00e9 bastante utilizado para levar comida quente at\u00e9 a mesa do cliente, principalmente em lugares onde o clima \u00e9 frio e no inverno. \u00c9 bastante usado para servir carnes, peixes e empanados. Al\u00e9m de manter a temperatura do alimento, tamb\u00e9m \u00e9 uma experi\u00eancia diferente para o cliente. [&hellip;]<\/p>\n","protected":false},"featured_media":12130,"comment_status":"open","ping_status":"closed","template":"","meta":[],"product_brand":[],"product_cat":[357,436],"product_tag":[],"class_list":{"0":"post-12132","1":"product","2":"type-product","3":"status-publish","4":"has-post-thumbnail","6":"product_cat-rechaud","7":"product_cat-cozinha","9":"first","10":"instock","11":"shipping-taxable","12":"purchasable","13":"product-type-simple"},"_links":{"self":[{"href":"https:\/\/twsites.com.br\/novomigcenter\/index.php?rest_route=\/wp\/v2\/product\/12132","targetHints":{"allow":["GET"]}}],"collection":[{"href":"https:\/\/twsites.com.br\/novomigcenter\/index.php?rest_route=\/wp\/v2\/product"}],"about":[{"href":"https:\/\/twsites.com.br\/novomigcenter\/index.php?rest_route=\/wp\/v2\/types\/product"}],"replies":[{"embeddable":true,"href":"https:\/\/twsites.com.br\/novomigcenter\/index.php?rest_route=%2Fwp%2Fv2%2Fcomments&post=12132"}],"wp:featuredmedia":[{"embeddable":true,"href":"https:\/\/twsites.com.br\/novomigcenter\/index.php?rest_route=\/wp\/v2\/media\/12130"}],"wp:attachment":[{"href":"https:\/\/twsites.com.br\/novomigcenter\/index.php?rest_route=%2Fwp%2Fv2%2Fmedia&parent=12132"}],"wp:term":[{"taxonomy":"product_brand","embeddable":true,"href":"https:\/\/twsites.com.br\/novomigcenter\/index.php?rest_route=%2Fwp%2Fv2%2Fproduct_brand&post=12132"},{"taxonomy":"product_cat","embeddable":true,"href":"https:\/\/twsites.com.br\/novomigcenter\/index.php?rest_route=%2Fwp%2Fv2%2Fproduct_cat&post=12132"},{"taxonomy":"product_tag","embeddable":true,"href":"https:\/\/twsites.com.br\/novomigcenter\/index.php?rest_route=%2Fwp%2Fv2%2Fproduct_tag&post=12132"}],"curies":[{"name":"wp","href":"https:\/\/api.w.org\/{rel}","templated":true}]}}