{"id":12141,"date":"2018-05-07T15:27:23","date_gmt":"2018-05-07T15:27:23","guid":{"rendered":"https:\/\/twsites.com.br\/novomigcenter\/?product=rechaud-ferro-fundido-1-fogareiro-30-25-fumil"},"modified":"2018-05-07T15:27:23","modified_gmt":"2018-05-07T15:27:23","slug":"rechaud-ferro-fundido-1-fogareiro-30-25-fumil","status":"publish","type":"product","link":"https:\/\/twsites.com.br\/novomigcenter\/?product=rechaud-ferro-fundido-1-fogareiro-30-25-fumil","title":{"rendered":"Rechaud de Ferro Fundido 1 Fogareiro 30&#215;25 Fumil"},"content":{"rendered":"<p class=\"MsoNormal\"><b><font face=\"Arial\"><span style=\"font-size: 14px;\">Rechaud de Ferro Fundido 1 Fogareiro 30&#215;25 Fumil<\/span><o:p><\/o:p><\/font><\/b><\/p>\n<p><span style=\"font-size: 14px;\">  <\/span><\/p>\n<p class=\"MsoNormal\" style=\"text-align:justify\"><font face=\"Arial\"><span style=\"font-size: 14px;\">Nada melhor do que saborear uma comida quentinha e rec\u00e9m sa\u00edda da panela. Nem sempre temos essa oportunidade, mesmo em restaurantes. Isso porque, na maioria das vezes, a comida chega at\u00e9 o cliente em uma bandeja comum. Entretanto, em estabelecimentos que utilizam o rechaud \u00e9 poss\u00edvel tirar sua carne diretamente da panela de ferro. O alimento ainda est\u00e1 bem aquecido e preservado. Muitos restaurantes trabalham com esse tipo de utens\u00edlio, que acabam sendo uma atra\u00e7\u00e3o a mais para os clientes.<\/span><o:p><\/o:p><\/font><\/p>\n<p><span style=\"font-size: 14px;\">  <\/span><\/p>\n<p class=\"MsoNormal\" style=\"text-align:justify\"><\/p>\n<p><span style=\"font-size: 14px;\">  <\/span><\/p>\n<p class=\"MsoNormal\"><b><font face=\"Arial\"><span style=\"font-size: 14px;\">Panelas Fumil<\/span><o:p><\/o:p><\/font><\/b><\/p>\n<p><span style=\"font-size: 14px;\">  <\/span><\/p>\n<p class=\"MsoNormal\" style=\"text-align:justify\"><font face=\"Arial\"><span style=\"font-size: 14px;\">O rechaud da Fumil \u00e9 especialmente dur\u00e1vel, j\u00e1 que a empresa se dedica a fabricar todo tipo de panelas em ferro fundido e \u00e9 especializada nesse tipo de utens\u00edlio. O ferro fundido \u00e9 um dos \u00fanicos materiais que s\u00f3 melhoram conforme o uso. Isso porque a parte interna fica cada vez mais lisa e anti aderente.<\/span><\/font><\/p>\n<p><span style=\"font-size: 14px;\">  <\/span><\/p>\n<p class=\"MsoNormal\"><b><font face=\"Arial\"><span style=\"font-size: 14px;\">Dimens\u00f5es<\/span><o:p><\/o:p><\/font><\/b><\/p>\n<p><span style=\"font-size: 14px;\">  <\/span><\/p>\n<p class=\"MsoNormal\"><font face=\"Arial\"><span style=\"font-size: 14px;\">30 x 25 cm<\/span><o:p><\/o:p><\/font><\/p>\n<p><span style=\"font-size: 14px;\">  <\/span><\/p>\n<p class=\"MsoNormal\"><\/p>\n<p><span style=\"font-size: 14px;\">  <\/span><\/p>\n<p class=\"MsoNormal\"><b><font face=\"Arial\"><span style=\"font-size: 14px;\">Suporte<\/span><o:p><\/o:p><\/font><\/b><\/p>\n<p><span style=\"font-size: 14px;\">  <\/span><\/p>\n<p class=\"MsoNormal\"><font face=\"Arial\"><span style=\"font-size: 14px;\">Para mais informa\u00e7\u00f5es sobre as panelas Fumil, entre em contato pelo n\u00famero (37) 3214-1144<\/span><\/font><o:p><\/o:p><\/p>\n","protected":false},"excerpt":{"rendered":"<p>Rechaud de Ferro Fundido 1 Fogareiro 30&#215;25 Fumil Nada melhor do que saborear uma comida quentinha e rec\u00e9m sa\u00edda da panela. Nem sempre temos essa oportunidade, mesmo em restaurantes. Isso porque, na maioria das vezes, a comida chega at\u00e9 o cliente em uma bandeja comum. Entretanto, em estabelecimentos que utilizam o rechaud \u00e9 poss\u00edvel tirar [&hellip;]<\/p>\n","protected":false},"featured_media":12136,"comment_status":"open","ping_status":"closed","template":"","meta":[],"product_brand":[],"product_cat":[357,436],"product_tag":[],"class_list":{"0":"post-12141","1":"product","2":"type-product","3":"status-publish","4":"has-post-thumbnail","6":"product_cat-rechaud","7":"product_cat-cozinha","9":"first","10":"instock","11":"shipping-taxable","12":"purchasable","13":"product-type-simple"},"_links":{"self":[{"href":"https:\/\/twsites.com.br\/novomigcenter\/index.php?rest_route=\/wp\/v2\/product\/12141","targetHints":{"allow":["GET"]}}],"collection":[{"href":"https:\/\/twsites.com.br\/novomigcenter\/index.php?rest_route=\/wp\/v2\/product"}],"about":[{"href":"https:\/\/twsites.com.br\/novomigcenter\/index.php?rest_route=\/wp\/v2\/types\/product"}],"replies":[{"embeddable":true,"href":"https:\/\/twsites.com.br\/novomigcenter\/index.php?rest_route=%2Fwp%2Fv2%2Fcomments&post=12141"}],"wp:featuredmedia":[{"embeddable":true,"href":"https:\/\/twsites.com.br\/novomigcenter\/index.php?rest_route=\/wp\/v2\/media\/12136"}],"wp:attachment":[{"href":"https:\/\/twsites.com.br\/novomigcenter\/index.php?rest_route=%2Fwp%2Fv2%2Fmedia&parent=12141"}],"wp:term":[{"taxonomy":"product_brand","embeddable":true,"href":"https:\/\/twsites.com.br\/novomigcenter\/index.php?rest_route=%2Fwp%2Fv2%2Fproduct_brand&post=12141"},{"taxonomy":"product_cat","embeddable":true,"href":"https:\/\/twsites.com.br\/novomigcenter\/index.php?rest_route=%2Fwp%2Fv2%2Fproduct_cat&post=12141"},{"taxonomy":"product_tag","embeddable":true,"href":"https:\/\/twsites.com.br\/novomigcenter\/index.php?rest_route=%2Fwp%2Fv2%2Fproduct_tag&post=12141"}],"curies":[{"name":"wp","href":"https:\/\/api.w.org\/{rel}","templated":true}]}}