{"id":12149,"date":"2018-05-07T15:50:27","date_gmt":"2018-05-07T15:50:27","guid":{"rendered":"https:\/\/twsites.com.br\/novomigcenter\/?product=rechaud-brinox-4-5l"},"modified":"2018-05-07T15:50:27","modified_gmt":"2018-05-07T15:50:27","slug":"rechaud-brinox-4-5l","status":"publish","type":"product","link":"https:\/\/twsites.com.br\/novomigcenter\/?product=rechaud-brinox-4-5l","title":{"rendered":"Rechaud Inox Linha Savoy Redondo 4,5 Litros &#8211; Brinox"},"content":{"rendered":"<p class=\"MsoNormal\" style=\"text-align:justify\"><b>Rechaud Inox Savoy Redondo 4,5 Litros &#8211; Brinox<o:p><\/o:p><\/b><\/p>\n<p class=\"MsoNormal\" style=\"text-align:justify\">O rechaud \u00e9 bastante utilizado em buffet por manter a temperatura do alimento enquanto est\u00e1 exposto aos clientes. Este modelo com tampa transparente permite ver o alimento sem ter que abrir o recipiente. Por ser fabricado em a\u00e7o inox, este modelo \u00e9 bastante resistente e n\u00e3o solta res\u00edduos no alimento. Al\u00e9m disso, seu design \u00e9 pensado para se encaixar em qualquer ambiente e suas al\u00e7as permitem mobilidade.<o:p><\/o:p><\/p>\n<p class=\"MsoNormal\" style=\"text-align:justify\"><b>&nbsp;<o:p><\/o:p><\/b><\/p>\n<p class=\"MsoNormal\" style=\"text-align:justify\"><b>Brinox<o:p><\/o:p><\/b><\/p>\n<p class=\"MsoNormal\" style=\"text-align:justify\">A Brinox \u00e9 uma das maiores empresas no ramos de equipamentos e utens\u00edlios de cozinha. A Brinox existe para desenvolver, produzir e entregar produtos de qualidade, que tornem melhor a vida das pessoas. Assim, a empresa gera valor para seus consumidores, funcion\u00e1rios, acionistas e comunidades em que est\u00e1 inserida.<o:p><\/o:p><\/p>\n<p class=\"MsoNormal\" style=\"text-align:justify\"><b>&nbsp;<o:p><\/o:p><\/b><\/p>\n<p class=\"MsoNormal\" style=\"text-align:justify\"><b>Caracter\u00edsticas<o:p><\/o:p><\/b><\/p>\n<p class=\"MsoNormal\" style=\"text-align:justify\">O Rechaud Redondo 4,5L \u00e9 perfeito para manter os alimentos aquecidos em buf\u00eas com eleg\u00e2ncia. A estrutura de aramado cromada e a ca\u00e7arola em a\u00e7o inox garantem o charme do rechaud, perfeito para restaurantes, refeit\u00f3rios e hot\u00e9is. A tampa de vidro temperado com sa\u00edda para o vapor \u00e9 um truque a mais para garantir que a comida fique quentinha por mais tempo: d\u00e1 para manter tampado e s\u00f3 abrir na hora de servir.<o:p><\/o:p><\/p>\n<p class=\"MsoNormal\" style=\"text-align:justify\"><b>&nbsp;<o:p><\/o:p><\/b><\/p>\n<p class=\"MsoNormal\" style=\"text-align:justify\"><b>Dimens\u00f5es<o:p><\/o:p><\/b><\/p>\n<p class=\"MsoNormal\" style=\"text-align:justify\"><b>Peso:<\/b> 5,50 Kg<o:p><\/o:p><\/p>\n<p class=\"MsoNormal\" style=\"text-align:justify\"><b>Altura:<\/b> 31 cm<o:p><\/o:p><\/p>\n<p class=\"MsoNormal\" style=\"text-align:justify\"><b>Largura:<\/b> 37 cm<o:p><\/o:p><\/p>\n<p class=\"MsoNormal\" style=\"text-align:justify\"><b>Profundidade:<\/b> 36 cm<o:p><\/o:p><\/p>\n<p class=\"MsoNormal\" style=\"text-align:justify\"><b>&nbsp;<o:p><\/o:p><\/b><\/p>\n<p class=\"MsoNormal\" style=\"text-align:justify\"><b>Ambiente<o:p><\/o:p><\/b><\/p>\n<p class=\"MsoNormal\" style=\"text-align:justify\">Cozinha<o:p><\/o:p><\/p>\n<p class=\"MsoNormal\" style=\"text-align:justify\"><b>Material<o:p><\/o:p><\/b><\/p>\n<p class=\"MsoNormal\" style=\"text-align:justify\">A\u00e7o Inox<o:p><\/o:p><\/p>\n<p class=\"MsoNormal\" style=\"text-align:justify\"><b>Linha<o:p><\/o:p><\/b><\/p>\n<p class=\"MsoNormal\" style=\"text-align:justify\">Savoy<o:p><\/o:p><\/p>\n<p class=\"MsoNormal\" style=\"text-align:justify\"><b>Tipo de&nbsp; produto<o:p><\/o:p><\/b><\/p>\n<p class=\"MsoNormal\" style=\"text-align:justify\">Servir corporate<o:p><\/o:p><\/p>\n<p class=\"MsoNormal\" style=\"text-align:justify\"><b>Composi\u00e7\u00e3o:<o:p><\/o:p><\/b><\/p>\n<p class=\"MsoNormal\" style=\"text-align:justify\">1 Estrutura Cromada<o:p><\/o:p><\/p>\n<p class=\"MsoNormal\" style=\"text-align:justify\">1 Tampa de Vidro Temperado &#8211; \u00d8 30 cm 1 Apoio para Tampa<o:p><\/o:p><\/p>\n<p class=\"MsoNormal\" style=\"text-align:justify\">1 Fogareiro Inox<o:p><\/o:p><\/p>\n<p class=\"MsoNormal\" style=\"text-align:justify\">1 Cuba 4,5 L<o:p><\/o:p><\/p>\n<p class=\"MsoNormal\" style=\"text-align:justify\">1 Cuba para Banho Maria<o:p><\/o:p><\/p>\n","protected":false},"excerpt":{"rendered":"<p>Rechaud Inox Savoy Redondo 4,5 Litros &#8211; Brinox O rechaud \u00e9 bastante utilizado em buffet por manter a temperatura do alimento enquanto est\u00e1 exposto aos clientes. Este modelo com tampa transparente permite ver o alimento sem ter que abrir o recipiente. Por ser fabricado em a\u00e7o inox, este modelo \u00e9 bastante resistente e n\u00e3o solta [&hellip;]<\/p>\n","protected":false},"featured_media":12147,"comment_status":"open","ping_status":"closed","template":"","meta":[],"product_brand":[],"product_cat":[357,436],"product_tag":[],"class_list":{"0":"post-12149","1":"product","2":"type-product","3":"status-publish","4":"has-post-thumbnail","6":"product_cat-rechaud","7":"product_cat-cozinha","9":"first","10":"instock","11":"shipping-taxable","12":"purchasable","13":"product-type-simple"},"_links":{"self":[{"href":"https:\/\/twsites.com.br\/novomigcenter\/index.php?rest_route=\/wp\/v2\/product\/12149","targetHints":{"allow":["GET"]}}],"collection":[{"href":"https:\/\/twsites.com.br\/novomigcenter\/index.php?rest_route=\/wp\/v2\/product"}],"about":[{"href":"https:\/\/twsites.com.br\/novomigcenter\/index.php?rest_route=\/wp\/v2\/types\/product"}],"replies":[{"embeddable":true,"href":"https:\/\/twsites.com.br\/novomigcenter\/index.php?rest_route=%2Fwp%2Fv2%2Fcomments&post=12149"}],"wp:featuredmedia":[{"embeddable":true,"href":"https:\/\/twsites.com.br\/novomigcenter\/index.php?rest_route=\/wp\/v2\/media\/12147"}],"wp:attachment":[{"href":"https:\/\/twsites.com.br\/novomigcenter\/index.php?rest_route=%2Fwp%2Fv2%2Fmedia&parent=12149"}],"wp:term":[{"taxonomy":"product_brand","embeddable":true,"href":"https:\/\/twsites.com.br\/novomigcenter\/index.php?rest_route=%2Fwp%2Fv2%2Fproduct_brand&post=12149"},{"taxonomy":"product_cat","embeddable":true,"href":"https:\/\/twsites.com.br\/novomigcenter\/index.php?rest_route=%2Fwp%2Fv2%2Fproduct_cat&post=12149"},{"taxonomy":"product_tag","embeddable":true,"href":"https:\/\/twsites.com.br\/novomigcenter\/index.php?rest_route=%2Fwp%2Fv2%2Fproduct_tag&post=12149"}],"curies":[{"name":"wp","href":"https:\/\/api.w.org\/{rel}","templated":true}]}}