{"id":12155,"date":"2018-05-07T16:07:58","date_gmt":"2018-05-07T16:07:58","guid":{"rendered":"https:\/\/twsites.com.br\/novomigcenter\/?product=rechaud-5-litros-brinox"},"modified":"2018-05-07T16:07:58","modified_gmt":"2018-05-07T16:07:58","slug":"rechaud-5-litros-brinox","status":"publish","type":"product","link":"https:\/\/twsites.com.br\/novomigcenter\/?product=rechaud-5-litros-brinox","title":{"rendered":"Rechaud Inox Banho Maria Redondo Linha Savoy  5 Litros &#8211; Brinox"},"content":{"rendered":"<p class=\"MsoNormal\" style=\"text-align:justify\"><b>Rechaud Inox Banho Maria Savoy Redondo 5 Litros &#8211; Brinox<o:p><\/o:p><\/b><\/p>\n<p class=\"MsoNormal\" style=\"text-align:justify\"><b>&nbsp;<\/b><\/p>\n<p class=\"MsoNormal\" style=\"text-align:justify\">O Rechaud \u00e9 um utens\u00edlio bastante utilizado em restaurantes e lanchonetes por ser pr\u00e1tico e acrescentar um bom efeito visual ao buffet. \u00c9 f\u00e1cil de ser manuseado devido \u00e0s al\u00e7as laterais que facilitam seu transporte. Por tanto, \u00e9 ideal para situa\u00e7\u00f5es que precisam de mobilidade, como eventos, por exemplo.<o:p><\/o:p><\/p>\n<p class=\"MsoNormal\" style=\"text-align:justify\"><b>&nbsp;<o:p><\/o:p><\/b><\/p>\n<p class=\"MsoNormal\" style=\"text-align:justify\"><b>Vers\u00e1til e f\u00e1cil de limpar<o:p><\/o:p><\/b><\/p>\n<p class=\"MsoNormal\" style=\"text-align:justify\">Tamb\u00e9m \u00e9 bem vers\u00e1til, pode ser usado em v\u00e1rios tipos de ambientes e estabelecimentos. Por ser port\u00e1til pode, inclusive ser usado em foodtrucks e estabelecimentos do tipo. \u00c9 fabricado em a\u00e7o inox, por este motivo, n\u00e3o solta res\u00edduos nos alimentos. Al\u00e9m de tudo, \u00e9 f\u00e1cil de limpar e bastante dur\u00e1vel.<o:p><\/o:p><\/p>\n<p class=\"MsoNormal\" style=\"text-align:justify\"><b>&nbsp;<o:p><\/o:p><\/b><\/p>\n<p class=\"MsoNormal\" style=\"text-align:justify\"><b>Brinox<o:p><\/o:p><\/b><\/p>\n<p class=\"MsoNormal\" style=\"text-align:justify\">A Brinox \u00e9 uma das maiores empresas no ramos de equipamentos e utens\u00edlios de cozinha. A Brinox existe para desenvolver, produzir e entregar produtos de qualidade, que tornem melhor a vida das pessoas. Assim, a empresa gera valor para seus consumidores, funcion\u00e1rios, acionistas e comunidades em que est\u00e1 inserida.<o:p><\/o:p><\/p>\n<p class=\"MsoNormal\" style=\"text-align:justify\"><b>&nbsp;<o:p><\/o:p><\/b><\/p>\n<p class=\"MsoNormal\" style=\"text-align:justify\"><b>Caracter\u00edsticas<o:p><\/o:p><\/b><\/p>\n<p class=\"MsoNormal\" style=\"text-align:justify\">O Rechaud Redondo 5 Litros Savoy tem a estrutura e o fogareiro em A\u00e7o Inox: altamente dur\u00e1vel, resistente e f\u00e1cil de limpar. Possui a tampa em vidro temperado, com sa\u00edda de vapor. Vem com um pr\u00e1tico apoio para tampa. A substitui\u00e7\u00e3o da cuba \u00e9 muito simples, podendo ser realizada durante o uso do produto, sem prejudicar o servi\u00e7o!<o:p><\/o:p><\/p>\n<p class=\"MsoNormal\" style=\"text-align:justify\"><b>&nbsp;<\/b><\/p>\n<p class=\"MsoNormal\" style=\"text-align:justify\"><b>Dimens\u00f5es<o:p><\/o:p><\/b><\/p>\n<p class=\"MsoNormal\" style=\"text-align:justify\"><b>Peso: <\/b>4,50 Kg<b><o:p><\/o:p><\/b><\/p>\n<p class=\"MsoNormal\" style=\"text-align:justify\"><b>Altura: <\/b>30,5 cm<b><o:p><\/o:p><\/b><\/p>\n<p class=\"MsoNormal\" style=\"text-align:justify\"><b>Largura: <\/b>44 cm<b><o:p><\/o:p><\/b><\/p>\n<p class=\"MsoNormal\" style=\"text-align:justify\"><b>Profundidade: <\/b>47 cm<b><o:p><\/o:p><\/b><\/p>\n<p class=\"MsoNormal\" style=\"text-align:justify\"><b>Ambiente:<o:p><\/o:p><\/b><\/p>\n<p class=\"MsoNormal\" style=\"text-align:justify\">Corporativo<o:p><\/o:p><\/p>\n<p class=\"MsoNormal\" style=\"text-align:justify\"><b>Material<o:p><\/o:p><\/b><\/p>\n<p class=\"MsoNormal\" style=\"text-align:justify\">A\u00e7o Inox<o:p><\/o:p><\/p>\n<p class=\"MsoNormal\" style=\"text-align:justify\"><b>Linha<o:p><\/o:p><\/b><\/p>\n<p class=\"MsoNormal\" style=\"text-align:justify\">Savoy<o:p><\/o:p><\/p>\n<p class=\"MsoNormal\" style=\"text-align:justify\"><b>&nbsp;<\/b><\/p>\n<p class=\"MsoNormal\" style=\"text-align:justify\"><b>Tipo de produto<o:p><\/o:p><\/b><\/p>\n<p class=\"MsoNormal\" style=\"text-align:justify\">Servir corporate<o:p><\/o:p><\/p>\n<p class=\"MsoNormal\" style=\"text-align:justify\"><b>COMPOSI\u00c7\u00c3O<o:p><\/o:p><\/b><\/p>\n<p class=\"MsoNormal\" style=\"text-align:justify\">01 Estrutura Inox<o:p><\/o:p><\/p>\n<p class=\"MsoNormal\" style=\"text-align:justify\">01 Tampa Vidro Temperado \u00d8 30 cm<o:p><\/o:p><\/p>\n<p class=\"MsoNormal\" style=\"text-align:justify\">01 Apoio para Tampa<o:p><\/o:p><\/p>\n<p class=\"MsoNormal\" style=\"text-align:justify\">01 Fogareiro A\u00e7o Inox<o:p><\/o:p><\/p>\n<p class=\"MsoNormal\" style=\"text-align:justify\">01 Cuba 5L<o:p><\/o:p><\/p>\n<p class=\"MsoNormal\" style=\"text-align:justify\">01 Cuba para Banho Maria<o:p><\/o:p><\/p>\n<p class=\"MsoNormal\" style=\"text-align:justify\"><b>Suporte<o:p><\/o:p><\/b><\/p>\n<p class=\"MsoNormal\" style=\"text-align:justify\">Para mais informa\u00e7\u00f5es entre em contato com a Brinox pelo n\u00famero 54 4009.7000.<o:p><\/o:p><\/p>\n","protected":false},"excerpt":{"rendered":"<p>Rechaud Inox Banho Maria Savoy Redondo 5 Litros &#8211; Brinox &nbsp; O Rechaud \u00e9 um utens\u00edlio bastante utilizado em restaurantes e lanchonetes por ser pr\u00e1tico e acrescentar um bom efeito visual ao buffet. \u00c9 f\u00e1cil de ser manuseado devido \u00e0s al\u00e7as laterais que facilitam seu transporte. Por tanto, \u00e9 ideal para situa\u00e7\u00f5es que precisam de [&hellip;]<\/p>\n","protected":false},"featured_media":12153,"comment_status":"open","ping_status":"closed","template":"","meta":[],"product_brand":[],"product_cat":[357,436],"product_tag":[],"class_list":{"0":"post-12155","1":"product","2":"type-product","3":"status-publish","4":"has-post-thumbnail","6":"product_cat-rechaud","7":"product_cat-cozinha","9":"first","10":"instock","11":"shipping-taxable","12":"purchasable","13":"product-type-simple"},"_links":{"self":[{"href":"https:\/\/twsites.com.br\/novomigcenter\/index.php?rest_route=\/wp\/v2\/product\/12155","targetHints":{"allow":["GET"]}}],"collection":[{"href":"https:\/\/twsites.com.br\/novomigcenter\/index.php?rest_route=\/wp\/v2\/product"}],"about":[{"href":"https:\/\/twsites.com.br\/novomigcenter\/index.php?rest_route=\/wp\/v2\/types\/product"}],"replies":[{"embeddable":true,"href":"https:\/\/twsites.com.br\/novomigcenter\/index.php?rest_route=%2Fwp%2Fv2%2Fcomments&post=12155"}],"wp:featuredmedia":[{"embeddable":true,"href":"https:\/\/twsites.com.br\/novomigcenter\/index.php?rest_route=\/wp\/v2\/media\/12153"}],"wp:attachment":[{"href":"https:\/\/twsites.com.br\/novomigcenter\/index.php?rest_route=%2Fwp%2Fv2%2Fmedia&parent=12155"}],"wp:term":[{"taxonomy":"product_brand","embeddable":true,"href":"https:\/\/twsites.com.br\/novomigcenter\/index.php?rest_route=%2Fwp%2Fv2%2Fproduct_brand&post=12155"},{"taxonomy":"product_cat","embeddable":true,"href":"https:\/\/twsites.com.br\/novomigcenter\/index.php?rest_route=%2Fwp%2Fv2%2Fproduct_cat&post=12155"},{"taxonomy":"product_tag","embeddable":true,"href":"https:\/\/twsites.com.br\/novomigcenter\/index.php?rest_route=%2Fwp%2Fv2%2Fproduct_tag&post=12155"}],"curies":[{"name":"wp","href":"https:\/\/api.w.org\/{rel}","templated":true}]}}