{"id":12164,"date":"2018-05-08T12:19:21","date_gmt":"2018-05-08T12:19:21","guid":{"rendered":"https:\/\/twsites.com.br\/novomigcenter\/?product=rechaud-inox-banho-maria-hercules-cod-re-125"},"modified":"2018-05-08T12:19:21","modified_gmt":"2018-05-08T12:19:21","slug":"rechaud-inox-banho-maria-hercules-cod-re-125","status":"publish","type":"product","link":"https:\/\/twsites.com.br\/novomigcenter\/?product=rechaud-inox-banho-maria-hercules-cod-re-125","title":{"rendered":"Rechaud Inox Banho Maria Luxo 6 Litros &#8211; Hercules"},"content":{"rendered":"<p class=\"MsoNormal\" style=\"text-align:justify\"><b><font face=\"Arial\"><span style=\"font-size: 14px;\">Rechaud Inox Banho Maria Luxo 6 Litros &#8211; Hercules<\/span><o:p><\/o:p><\/font><\/b><\/p>\n<p class=\"MsoNormal\" style=\"text-align:justify\"><font face=\"Arial\"><span style=\"font-size: 14px;\">Os rechauds em banho maria s\u00e3o muito \u00fateis em buffets, j\u00e1 que mant\u00e9m a temperatura dos alimentos por longos per\u00edodos. Este modelo da Hercules \u00e9 fabricado em a\u00e7o inox, que \u00e9 muito mais dur\u00e1vel e n\u00e3o transfere nenhum resido para os alimentos.<\/span><\/font><\/p>\n<p class=\"MsoNormal\" style=\"text-align:justify\"><b><font face=\"Arial\"><span style=\"font-size: 14px;\">Hercules<\/span><o:p><\/o:p><\/font><\/b><\/p>\n<p class=\"MsoNormal\" style=\"text-align:justify\"><font face=\"Arial\"><span style=\"font-size: 14px;\">A marca Hercules \u00e9 resultado de mais de 70 anos na fabrica\u00e7\u00e3o de cutelaria Premium. Sua variada linha de talheres, facas e utens\u00edlios foi concebida para atender \u00e0s sofisticadas exig\u00eancias de chef\u2019s de cozinha, assim como \u00e0s condi\u00e7\u00f5es dom\u00e9sticas de preparo de pratos culin\u00e1rios.<\/span><\/font><\/p>\n<p class=\"MsoNormal\" style=\"text-align:justify\"><b><font face=\"Arial\"><span style=\"font-size: 14px;\">Dimens\u00f5es<\/span><o:p><\/o:p><\/font><\/b><\/p>\n<p class=\"MsoNormal\" style=\"text-align:justify\"><font face=\"Arial\"><b><span style=\"font-size: 14px;\">Peso:<\/span><\/b><span style=\"font-size: 14px;\"> 9,00 Kg<\/span><o:p><\/o:p><\/font><\/p>\n<p class=\"MsoNormal\" style=\"text-align:justify\"><font face=\"Arial\"><b><span style=\"font-size: 14px;\">Altura:<\/span><\/b><span style=\"font-size: 14px;\"> 48,5 cm<\/span><o:p><\/o:p><\/font><\/p>\n<p class=\"MsoNormal\" style=\"text-align:justify\"><font face=\"Arial\"><b><span style=\"font-size: 14px;\">Largura:<\/span><\/b><span style=\"font-size: 14px;\"> 47 cm<\/span><o:p><\/o:p><\/font><\/p>\n<p class=\"MsoNormal\" style=\"text-align:justify\"><font face=\"Arial\"><b><span style=\"font-size: 14px;\">Profundidade:<\/span><\/b><span style=\"font-size: 14px;\"> 51 cm<\/span><o:p><\/o:p><\/font><\/p>\n<p class=\"MsoNormal\" style=\"text-align:justify\"><b><font face=\"Arial\"><span style=\"font-size: 14px;\">Suporte<\/span><o:p><\/o:p><\/font><\/b><\/p>\n<p><span style=\"font-size: 14px;\">                        <\/span><\/p>\n<p class=\"MsoNormal\" style=\"text-align:justify\"><font face=\"Arial\"><span style=\"font-size: 14px;\">Para mais informa\u00e7\u00f5es entre em contato pelo n\u00famero (11) 2955-1800.<\/span><\/font><o:p><\/o:p><\/p>\n","protected":false},"excerpt":{"rendered":"<p>Rechaud Inox Banho Maria Luxo 6 Litros &#8211; Hercules Os rechauds em banho maria s\u00e3o muito \u00fateis em buffets, j\u00e1 que mant\u00e9m a temperatura dos alimentos por longos per\u00edodos. Este modelo da Hercules \u00e9 fabricado em a\u00e7o inox, que \u00e9 muito mais dur\u00e1vel e n\u00e3o transfere nenhum resido para os alimentos. Hercules A marca Hercules [&hellip;]<\/p>\n","protected":false},"featured_media":12162,"comment_status":"open","ping_status":"closed","template":"","meta":[],"product_brand":[],"product_cat":[357,436],"product_tag":[],"class_list":{"0":"post-12164","1":"product","2":"type-product","3":"status-publish","4":"has-post-thumbnail","6":"product_cat-rechaud","7":"product_cat-cozinha","9":"first","10":"instock","11":"shipping-taxable","12":"purchasable","13":"product-type-simple"},"_links":{"self":[{"href":"https:\/\/twsites.com.br\/novomigcenter\/index.php?rest_route=\/wp\/v2\/product\/12164","targetHints":{"allow":["GET"]}}],"collection":[{"href":"https:\/\/twsites.com.br\/novomigcenter\/index.php?rest_route=\/wp\/v2\/product"}],"about":[{"href":"https:\/\/twsites.com.br\/novomigcenter\/index.php?rest_route=\/wp\/v2\/types\/product"}],"replies":[{"embeddable":true,"href":"https:\/\/twsites.com.br\/novomigcenter\/index.php?rest_route=%2Fwp%2Fv2%2Fcomments&post=12164"}],"wp:featuredmedia":[{"embeddable":true,"href":"https:\/\/twsites.com.br\/novomigcenter\/index.php?rest_route=\/wp\/v2\/media\/12162"}],"wp:attachment":[{"href":"https:\/\/twsites.com.br\/novomigcenter\/index.php?rest_route=%2Fwp%2Fv2%2Fmedia&parent=12164"}],"wp:term":[{"taxonomy":"product_brand","embeddable":true,"href":"https:\/\/twsites.com.br\/novomigcenter\/index.php?rest_route=%2Fwp%2Fv2%2Fproduct_brand&post=12164"},{"taxonomy":"product_cat","embeddable":true,"href":"https:\/\/twsites.com.br\/novomigcenter\/index.php?rest_route=%2Fwp%2Fv2%2Fproduct_cat&post=12164"},{"taxonomy":"product_tag","embeddable":true,"href":"https:\/\/twsites.com.br\/novomigcenter\/index.php?rest_route=%2Fwp%2Fv2%2Fproduct_tag&post=12164"}],"curies":[{"name":"wp","href":"https:\/\/api.w.org\/{rel}","templated":true}]}}